{"id":134,"date":"2019-10-31T12:17:30","date_gmt":"2019-10-31T12:17:30","guid":{"rendered":"http:\/\/nehreklam.se\/eshop\/hymercentershop\/?post_type=product&#038;p=134"},"modified":"2019-10-31T12:17:49","modified_gmt":"2019-10-31T12:17:49","slug":"jacka-hymer","status":"publish","type":"product","link":"https:\/\/nehreklam.se\/eshop\/hymercentershop\/produkt\/jacka-hymer\/","title":{"rendered":"Jacka, Hymer"},"content":{"rendered":"","protected":false},"excerpt":{"rendered":"<p>Modern l\u00e4ttvadderad jacka. Avtagbar huva och tre fickor med dragkedjor samt tv\u00e5 innerfickor. H\u00f6rlurs\u00f6gla p\u00e5 insidan av hals\u00f6ppningen. Brodyr p\u00e5 v\u00e4nster br\u00f6st.<\/p>\n","protected":false},"featured_media":103,"template":"","meta":[],"product_brand":[],"product_cat":[22],"product_tag":[],"class_list":{"0":"post-134","1":"product","2":"type-product","3":"status-publish","4":"has-post-thumbnail","6":"product_cat-hymer","8":"first","9":"instock","10":"taxable","11":"shipping-taxable","12":"purchasable","13":"product-type-variable"},"_links":{"self":[{"href":"https:\/\/nehreklam.se\/eshop\/hymercentershop\/wp-json\/wp\/v2\/product\/134","targetHints":{"allow":["GET"]}}],"collection":[{"href":"https:\/\/nehreklam.se\/eshop\/hymercentershop\/wp-json\/wp\/v2\/product"}],"about":[{"href":"https:\/\/nehreklam.se\/eshop\/hymercentershop\/wp-json\/wp\/v2\/types\/product"}],"wp:featuredmedia":[{"embeddable":true,"href":"https:\/\/nehreklam.se\/eshop\/hymercentershop\/wp-json\/wp\/v2\/media\/103"}],"wp:attachment":[{"href":"https:\/\/nehreklam.se\/eshop\/hymercentershop\/wp-json\/wp\/v2\/media?parent=134"}],"wp:term":[{"taxonomy":"product_brand","embeddable":true,"href":"https:\/\/nehreklam.se\/eshop\/hymercentershop\/wp-json\/wp\/v2\/product_brand?post=134"},{"taxonomy":"product_cat","embeddable":true,"href":"https:\/\/nehreklam.se\/eshop\/hymercentershop\/wp-json\/wp\/v2\/product_cat?post=134"},{"taxonomy":"product_tag","embeddable":true,"href":"https:\/\/nehreklam.se\/eshop\/hymercentershop\/wp-json\/wp\/v2\/product_tag?post=134"}],"curies":[{"name":"wp","href":"https:\/\/api.w.org\/{rel}","templated":true}]}}