{"id":147,"date":"2019-10-31T12:34:54","date_gmt":"2019-10-31T12:34:54","guid":{"rendered":"http:\/\/nehreklam.se\/eshop\/hymercentershop\/?post_type=product&#038;p=147"},"modified":"2019-10-31T12:34:54","modified_gmt":"2019-10-31T12:34:54","slug":"piketroja-hymer","status":"publish","type":"product","link":"https:\/\/nehreklam.se\/eshop\/hymercentershop\/produkt\/piketroja-hymer\/","title":{"rendered":"Pik\u00e9tr\u00f6ja, Hymer"},"content":{"rendered":"","protected":false},"excerpt":{"rendered":"<p>Modern pik\u00e9tr\u00f6ja i stretch med tight passform. Tv\u00e5 p\u00e4rlemorknappar i knappsl\u00e5n p\u00e5 herr och tre p\u00e5 dam, herringbone nackband och dekorativa stickningar vid slitsar i sidorna. F\u00f6rkrympt och enzymbehandlad f\u00f6r en mjuk och sk\u00f6n k\u00e4nsla. Brodyr p\u00e5 v\u00e4nster br\u00f6st.<\/p>\n","protected":false},"featured_media":94,"template":"","meta":[],"product_brand":[],"product_cat":[22],"product_tag":[],"class_list":{"0":"post-147","1":"product","2":"type-product","3":"status-publish","4":"has-post-thumbnail","6":"product_cat-hymer","8":"first","9":"instock","10":"taxable","11":"shipping-taxable","12":"purchasable","13":"product-type-variable"},"_links":{"self":[{"href":"https:\/\/nehreklam.se\/eshop\/hymercentershop\/wp-json\/wp\/v2\/product\/147","targetHints":{"allow":["GET"]}}],"collection":[{"href":"https:\/\/nehreklam.se\/eshop\/hymercentershop\/wp-json\/wp\/v2\/product"}],"about":[{"href":"https:\/\/nehreklam.se\/eshop\/hymercentershop\/wp-json\/wp\/v2\/types\/product"}],"wp:featuredmedia":[{"embeddable":true,"href":"https:\/\/nehreklam.se\/eshop\/hymercentershop\/wp-json\/wp\/v2\/media\/94"}],"wp:attachment":[{"href":"https:\/\/nehreklam.se\/eshop\/hymercentershop\/wp-json\/wp\/v2\/media?parent=147"}],"wp:term":[{"taxonomy":"product_brand","embeddable":true,"href":"https:\/\/nehreklam.se\/eshop\/hymercentershop\/wp-json\/wp\/v2\/product_brand?post=147"},{"taxonomy":"product_cat","embeddable":true,"href":"https:\/\/nehreklam.se\/eshop\/hymercentershop\/wp-json\/wp\/v2\/product_cat?post=147"},{"taxonomy":"product_tag","embeddable":true,"href":"https:\/\/nehreklam.se\/eshop\/hymercentershop\/wp-json\/wp\/v2\/product_tag?post=147"}],"curies":[{"name":"wp","href":"https:\/\/api.w.org\/{rel}","templated":true}]}}