{"id":152,"date":"2019-10-31T12:39:18","date_gmt":"2019-10-31T12:39:18","guid":{"rendered":"http:\/\/nehreklam.se\/eshop\/hymercentershop\/?post_type=product&#038;p=152"},"modified":"2019-10-31T12:39:19","modified_gmt":"2019-10-31T12:39:19","slug":"ribbad-mossa-hymer","status":"publish","type":"product","link":"https:\/\/nehreklam.se\/eshop\/hymercentershop\/produkt\/ribbad-mossa-hymer\/","title":{"rendered":"Ribbad m\u00f6ssa, Hymer"},"content":{"rendered":"","protected":false},"excerpt":{"rendered":"<p>Snygg, ribbad m\u00f6ssa. Dubbelstickad m\u00f6ssa i ribbstickning. 6 s\u00f6mmar p\u00e5 toppen och l\u00e5ng s\u00f6m bak. 100% akryl. One size.<\/p>\n","protected":false},"featured_media":84,"template":"","meta":[],"product_brand":[],"product_cat":[22],"product_tag":[],"class_list":{"0":"post-152","1":"product","2":"type-product","3":"status-publish","4":"has-post-thumbnail","6":"product_cat-hymer","8":"first","9":"instock","10":"taxable","11":"shipping-taxable","12":"purchasable","13":"product-type-simple"},"_links":{"self":[{"href":"https:\/\/nehreklam.se\/eshop\/hymercentershop\/wp-json\/wp\/v2\/product\/152","targetHints":{"allow":["GET"]}}],"collection":[{"href":"https:\/\/nehreklam.se\/eshop\/hymercentershop\/wp-json\/wp\/v2\/product"}],"about":[{"href":"https:\/\/nehreklam.se\/eshop\/hymercentershop\/wp-json\/wp\/v2\/types\/product"}],"wp:featuredmedia":[{"embeddable":true,"href":"https:\/\/nehreklam.se\/eshop\/hymercentershop\/wp-json\/wp\/v2\/media\/84"}],"wp:attachment":[{"href":"https:\/\/nehreklam.se\/eshop\/hymercentershop\/wp-json\/wp\/v2\/media?parent=152"}],"wp:term":[{"taxonomy":"product_brand","embeddable":true,"href":"https:\/\/nehreklam.se\/eshop\/hymercentershop\/wp-json\/wp\/v2\/product_brand?post=152"},{"taxonomy":"product_cat","embeddable":true,"href":"https:\/\/nehreklam.se\/eshop\/hymercentershop\/wp-json\/wp\/v2\/product_cat?post=152"},{"taxonomy":"product_tag","embeddable":true,"href":"https:\/\/nehreklam.se\/eshop\/hymercentershop\/wp-json\/wp\/v2\/product_tag?post=152"}],"curies":[{"name":"wp","href":"https:\/\/api.w.org\/{rel}","templated":true}]}}