{"id":159,"date":"2019-10-31T12:49:52","date_gmt":"2019-10-31T12:49:52","guid":{"rendered":"http:\/\/nehreklam.se\/eshop\/hymercentershop\/?post_type=product&#038;p=159"},"modified":"2019-10-31T12:49:52","modified_gmt":"2019-10-31T12:49:52","slug":"vaska-hymer","status":"publish","type":"product","link":"https:\/\/nehreklam.se\/eshop\/hymercentershop\/produkt\/vaska-hymer\/","title":{"rendered":"V\u00e4ska, Hymer"},"content":{"rendered":"","protected":false},"excerpt":{"rendered":"<p>En v\u00e4ldigt fin v\u00e4ska med kylfack p\u00e5 en kortsida, st\u00f6rre meshficka p\u00e5 en kortsida och dubbla frontfickor. Vadderad botten samt l\u00e5ngsidor, och vadderat handtag p\u00e5 b\u00e4rrem. Justerbar och avtagbar b\u00e4rrem.<br \/>\nM\u00e5tt: 50x26x30 cm<br \/>\nVolym: 35 liter<\/p>\n","protected":false},"featured_media":76,"template":"","meta":[],"product_brand":[],"product_cat":[22],"product_tag":[],"class_list":{"0":"post-159","1":"product","2":"type-product","3":"status-publish","4":"has-post-thumbnail","6":"product_cat-hymer","8":"first","9":"instock","10":"taxable","11":"shipping-taxable","12":"purchasable","13":"product-type-simple"},"_links":{"self":[{"href":"https:\/\/nehreklam.se\/eshop\/hymercentershop\/wp-json\/wp\/v2\/product\/159","targetHints":{"allow":["GET"]}}],"collection":[{"href":"https:\/\/nehreklam.se\/eshop\/hymercentershop\/wp-json\/wp\/v2\/product"}],"about":[{"href":"https:\/\/nehreklam.se\/eshop\/hymercentershop\/wp-json\/wp\/v2\/types\/product"}],"wp:featuredmedia":[{"embeddable":true,"href":"https:\/\/nehreklam.se\/eshop\/hymercentershop\/wp-json\/wp\/v2\/media\/76"}],"wp:attachment":[{"href":"https:\/\/nehreklam.se\/eshop\/hymercentershop\/wp-json\/wp\/v2\/media?parent=159"}],"wp:term":[{"taxonomy":"product_brand","embeddable":true,"href":"https:\/\/nehreklam.se\/eshop\/hymercentershop\/wp-json\/wp\/v2\/product_brand?post=159"},{"taxonomy":"product_cat","embeddable":true,"href":"https:\/\/nehreklam.se\/eshop\/hymercentershop\/wp-json\/wp\/v2\/product_cat?post=159"},{"taxonomy":"product_tag","embeddable":true,"href":"https:\/\/nehreklam.se\/eshop\/hymercentershop\/wp-json\/wp\/v2\/product_tag?post=159"}],"curies":[{"name":"wp","href":"https:\/\/api.w.org\/{rel}","templated":true}]}}