{"id":165,"date":"2019-11-06T07:59:08","date_gmt":"2019-11-06T07:59:08","guid":{"rendered":"http:\/\/nehreklam.se\/eshop\/hymercentershop\/?post_type=product&#038;p=165"},"modified":"2019-11-06T07:59:09","modified_gmt":"2019-11-06T07:59:09","slug":"badrock-hymer","status":"publish","type":"product","link":"https:\/\/nehreklam.se\/eshop\/hymercentershop\/produkt\/badrock-hymer\/","title":{"rendered":"Badrock, Hymer"},"content":{"rendered":"","protected":false},"excerpt":{"rendered":"<p>Detta \u00e4r en klassisk badrock i \u00f6glefrott\u00e9. Rocken \u00e4r stickad vilket g\u00f6r den mycket mjuk och slitt\u00e5lig. Den ligger p\u00e5 360g som g\u00f6r den l\u00e4tt att b\u00e4ra. Den har en bra uppsugningsf\u00f6rm\u00e5ga och torkar l\u00e4tt.<br \/>\nBadrocken finns i tv\u00e5 storlekar S\/M och L\/XL. \u00d6ko-tex certifierad.<\/p>\n","protected":false},"featured_media":115,"template":"","meta":[],"product_brand":[],"product_cat":[22],"product_tag":[],"class_list":{"0":"post-165","1":"product","2":"type-product","3":"status-publish","4":"has-post-thumbnail","6":"product_cat-hymer","8":"first","9":"instock","10":"taxable","11":"shipping-taxable","12":"purchasable","13":"product-type-variable"},"_links":{"self":[{"href":"https:\/\/nehreklam.se\/eshop\/hymercentershop\/wp-json\/wp\/v2\/product\/165","targetHints":{"allow":["GET"]}}],"collection":[{"href":"https:\/\/nehreklam.se\/eshop\/hymercentershop\/wp-json\/wp\/v2\/product"}],"about":[{"href":"https:\/\/nehreklam.se\/eshop\/hymercentershop\/wp-json\/wp\/v2\/types\/product"}],"wp:featuredmedia":[{"embeddable":true,"href":"https:\/\/nehreklam.se\/eshop\/hymercentershop\/wp-json\/wp\/v2\/media\/115"}],"wp:attachment":[{"href":"https:\/\/nehreklam.se\/eshop\/hymercentershop\/wp-json\/wp\/v2\/media?parent=165"}],"wp:term":[{"taxonomy":"product_brand","embeddable":true,"href":"https:\/\/nehreklam.se\/eshop\/hymercentershop\/wp-json\/wp\/v2\/product_brand?post=165"},{"taxonomy":"product_cat","embeddable":true,"href":"https:\/\/nehreklam.se\/eshop\/hymercentershop\/wp-json\/wp\/v2\/product_cat?post=165"},{"taxonomy":"product_tag","embeddable":true,"href":"https:\/\/nehreklam.se\/eshop\/hymercentershop\/wp-json\/wp\/v2\/product_tag?post=165"}],"curies":[{"name":"wp","href":"https:\/\/api.w.org\/{rel}","templated":true}]}}