{"id":181,"date":"2019-11-08T10:11:46","date_gmt":"2019-11-08T10:11:46","guid":{"rendered":"http:\/\/nehreklam.se\/eshop\/hymercentershop\/?post_type=product&#038;p=181"},"modified":"2020-02-06T17:32:26","modified_gmt":"2020-02-06T17:32:26","slug":"staltermos-hymer","status":"publish","type":"product","link":"https:\/\/nehreklam.se\/eshop\/hymercentershop\/produkt\/staltermos-hymer\/","title":{"rendered":"St\u00e5ltermos, Hymer"},"content":{"rendered":"","protected":false},"excerpt":{"rendered":"<p>Vakuumisolerad termos som passar utm\u00e4rkt att ta med n\u00e4r du vill ha varmt vatten eller kaffe n\u00e4ra till hands. Utrustad med autokork.<\/p>\n","protected":false},"featured_media":230,"template":"","meta":[],"product_brand":[],"product_cat":[22],"product_tag":[],"class_list":{"0":"post-181","1":"product","2":"type-product","3":"status-publish","4":"has-post-thumbnail","6":"product_cat-hymer","8":"first","9":"instock","10":"taxable","11":"shipping-taxable","12":"purchasable","13":"product-type-simple"},"_links":{"self":[{"href":"https:\/\/nehreklam.se\/eshop\/hymercentershop\/wp-json\/wp\/v2\/product\/181","targetHints":{"allow":["GET"]}}],"collection":[{"href":"https:\/\/nehreklam.se\/eshop\/hymercentershop\/wp-json\/wp\/v2\/product"}],"about":[{"href":"https:\/\/nehreklam.se\/eshop\/hymercentershop\/wp-json\/wp\/v2\/types\/product"}],"wp:featuredmedia":[{"embeddable":true,"href":"https:\/\/nehreklam.se\/eshop\/hymercentershop\/wp-json\/wp\/v2\/media\/230"}],"wp:attachment":[{"href":"https:\/\/nehreklam.se\/eshop\/hymercentershop\/wp-json\/wp\/v2\/media?parent=181"}],"wp:term":[{"taxonomy":"product_brand","embeddable":true,"href":"https:\/\/nehreklam.se\/eshop\/hymercentershop\/wp-json\/wp\/v2\/product_brand?post=181"},{"taxonomy":"product_cat","embeddable":true,"href":"https:\/\/nehreklam.se\/eshop\/hymercentershop\/wp-json\/wp\/v2\/product_cat?post=181"},{"taxonomy":"product_tag","embeddable":true,"href":"https:\/\/nehreklam.se\/eshop\/hymercentershop\/wp-json\/wp\/v2\/product_tag?post=181"}],"curies":[{"name":"wp","href":"https:\/\/api.w.org\/{rel}","templated":true}]}}