{"id":1910,"date":"2024-03-13T10:19:43","date_gmt":"2024-03-13T10:19:43","guid":{"rendered":"https:\/\/nehreklam.se\/eshop\/nywebbshop\/?page_id=1910"},"modified":"2024-03-13T10:50:50","modified_gmt":"2024-03-13T10:50:50","slug":"kontakta-oss","status":"publish","type":"page","link":"https:\/\/nehreklam.se\/eshop\/nywebbshop\/kontakta-oss\/","title":{"rendered":"Kontakta oss"},"content":{"rendered":"<!--themify_builder_content-->\n<div id=\"themify_builder_content-1910\" data-postid=\"1910\" class=\"themify_builder_content themify_builder_content-1910 themify_builder tf_clear\">\n    \t\t\t\t<!-- module_row -->\n\t\t<div  data-lazy=\"1\" class=\"module_row themify_builder_row tb_0sj5796 tb_first tf_w tf_clearfix\">\n\t\t\t\t\t<div class=\"row_inner col_align_middle tb_col_count_2 tf_box tf_rel\">\n\t\t\t\t\t<div  data-lazy=\"1\" class=\"module_column tb-column col4-2 tb_e7bs902 first\">\n\t\t\t\t\t\t\t\t\t<div class=\"tb-column-inner tf_box tf_w\">\n\t\t\t\t<!-- module image -->\n<div  class=\"module module-image tb_edbx59   image-top tf_mw\" data-lazy=\"1\">\n        <div class=\"image-wrap tf_rel tf_mw\">\n\t\t    <img loading=\"lazy\" decoding=\"async\" width=\"1112\" height=\"699\" src=\"https:\/\/nehreklam.se\/eshop\/nywebbshop\/wp-content\/uploads\/2024\/03\/Kontaktaoss-NeHStore2.jpg\" class=\"wp-post-image wp-image-1921\" title=\"Kontaktaoss-NeHStore2\" alt=\"Kontaktaoss-NeHStore2\" srcset=\"https:\/\/nehreklam.se\/eshop\/nywebbshop\/wp-content\/uploads\/2024\/03\/Kontaktaoss-NeHStore2.jpg 1112w, https:\/\/nehreklam.se\/eshop\/nywebbshop\/wp-content\/uploads\/2024\/03\/Kontaktaoss-NeHStore2-300x189.jpg 300w, https:\/\/nehreklam.se\/eshop\/nywebbshop\/wp-content\/uploads\/2024\/03\/Kontaktaoss-NeHStore2-1024x644.jpg 1024w, https:\/\/nehreklam.se\/eshop\/nywebbshop\/wp-content\/uploads\/2024\/03\/Kontaktaoss-NeHStore2-768x483.jpg 768w, https:\/\/nehreklam.se\/eshop\/nywebbshop\/wp-content\/uploads\/2024\/03\/Kontaktaoss-NeHStore2-600x377.jpg 600w\" sizes=\"auto, (max-width: 1112px) 100vw, 1112px\" \/>\t\n\t\t<\/div>\n\t<!-- \/image-wrap -->\n    \n    \t<\/div>\n<!-- \/module image -->\t\t\t\t<\/div><!-- .tb-column-inner -->\n\t\t\t\t\t\t<\/div><!-- .module_column -->\n\t\t\t\t\t<div  data-lazy=\"1\" class=\"module_column tb-column col4-2 tb_uvma796 last\">\n\t\t\t\t\t\t\t\t\t<div class=\"tb-column-inner tf_box tf_w\">\n\t\t\t\t<!-- module text -->\n<div  class=\"module module-text tb_9ir3963   \" data-lazy=\"1\">\n        <div  class=\"tb_text_wrap\">\n    <h4 style=\"text-align: center;\"><strong>MEJLA SUPPORT<\/strong><\/h4>\n<p style=\"text-align: center;\">Fr\u00e5gor om sortiment, leveranstid och produkter?<br>Mejla till info@nehstore.com<\/p>    <\/div>\n<\/div>\n<!-- \/module text --><!-- module text -->\n<div  class=\"module module-text tb_dfy6771   \" data-lazy=\"1\">\n        <div  class=\"tb_text_wrap\">\n    <h4 style=\"text-align: center;\"><strong>MEJLA EKONOMI<\/strong><\/h4>\n<p style=\"text-align: center;\">Fr\u00e5gor om ekonomi och betalningar?<br>Mejla till ekonomi@nehstore.com<\/p>    <\/div>\n<\/div>\n<!-- \/module text --><!-- module text -->\n<div  class=\"module module-text tb_99fb389   \" data-lazy=\"1\">\n        <div  class=\"tb_text_wrap\">\n    <h4 style=\"text-align: center;\"><strong>RING OSS<\/strong><\/h4>\n<p style=\"text-align: center;\">Ring till oss p\u00e5 020 &#8211; 595 000<\/p>    <\/div>\n<\/div>\n<!-- \/module text -->\t\t\t\t<\/div><!-- .tb-column-inner -->\n\t\t\t\t\t\t<\/div><!-- .module_column -->\n\t\t\t\t\t\t<\/div><!-- .row_inner -->\n\t\t<\/div><!-- .module_row -->\n\t\t\t\t<\/div>\n<!--\/themify_builder_content-->","protected":false},"excerpt":{"rendered":"<p>MEJLA SUPPORT Fr\u00e5gor om sortiment, leveranstid och produkter?Mejla till info@nehstore.com MEJLA EKONOMI Fr\u00e5gor om ekonomi och betalningar?Mejla till ekonomi@nehstore.com RING OSS Ring till oss p\u00e5 020 &#8211; 595 000<\/p>\n","protected":false},"author":1,"featured_media":0,"parent":0,"menu_order":0,"comment_status":"closed","ping_status":"closed","template":"","meta":{"footnotes":""},"class_list":["post-1910","page","type-page","status-publish","hentry","has-post-title","has-post-date","has-post-category","has-post-tag","has-post-comment","has-post-author",""],"builder_content":"<img src=\"https:\/\/nehreklam.se\/eshop\/nywebbshop\/wp-content\/uploads\/2024\/03\/Kontaktaoss-NeHStore2.jpg\" title=\"Kontaktaoss-NeHStore2\" alt=\"Kontaktaoss-NeHStore2\" srcset=\"https:\/\/nehreklam.se\/eshop\/nywebbshop\/wp-content\/uploads\/2024\/03\/Kontaktaoss-NeHStore2.jpg 1112w, https:\/\/nehreklam.se\/eshop\/nywebbshop\/wp-content\/uploads\/2024\/03\/Kontaktaoss-NeHStore2-300x189.jpg 300w, https:\/\/nehreklam.se\/eshop\/nywebbshop\/wp-content\/uploads\/2024\/03\/Kontaktaoss-NeHStore2-1024x644.jpg 1024w, https:\/\/nehreklam.se\/eshop\/nywebbshop\/wp-content\/uploads\/2024\/03\/Kontaktaoss-NeHStore2-768x483.jpg 768w, https:\/\/nehreklam.se\/eshop\/nywebbshop\/wp-content\/uploads\/2024\/03\/Kontaktaoss-NeHStore2-600x377.jpg 600w\" sizes=\"(max-width: 1112px) 100vw, 1112px\" \/>\n<h4 style=\"text-align: center;\"><strong>MEJLA SUPPORT<\/strong><\/h4> <p style=\"text-align: center;\">Fr\u00e5gor om sortiment, leveranstid och produkter?<br>Mejla till info@nehstore.com<\/p>\n<h4 style=\"text-align: center;\"><strong>MEJLA EKONOMI<\/strong><\/h4> <p style=\"text-align: center;\">Fr\u00e5gor om ekonomi och betalningar?<br>Mejla till ekonomi@nehstore.com<\/p>\n<h4 style=\"text-align: center;\"><strong>RING OSS<\/strong><\/h4> <p style=\"text-align: center;\">Ring till oss p\u00e5 020 - 595 000<\/p>","_links":{"self":[{"href":"https:\/\/nehreklam.se\/eshop\/nywebbshop\/wp-json\/wp\/v2\/pages\/1910","targetHints":{"allow":["GET"]}}],"collection":[{"href":"https:\/\/nehreklam.se\/eshop\/nywebbshop\/wp-json\/wp\/v2\/pages"}],"about":[{"href":"https:\/\/nehreklam.se\/eshop\/nywebbshop\/wp-json\/wp\/v2\/types\/page"}],"author":[{"embeddable":true,"href":"https:\/\/nehreklam.se\/eshop\/nywebbshop\/wp-json\/wp\/v2\/users\/1"}],"replies":[{"embeddable":true,"href":"https:\/\/nehreklam.se\/eshop\/nywebbshop\/wp-json\/wp\/v2\/comments?post=1910"}],"version-history":[{"count":9,"href":"https:\/\/nehreklam.se\/eshop\/nywebbshop\/wp-json\/wp\/v2\/pages\/1910\/revisions"}],"predecessor-version":[{"id":1923,"href":"https:\/\/nehreklam.se\/eshop\/nywebbshop\/wp-json\/wp\/v2\/pages\/1910\/revisions\/1923"}],"wp:attachment":[{"href":"https:\/\/nehreklam.se\/eshop\/nywebbshop\/wp-json\/wp\/v2\/media?parent=1910"}],"curies":[{"name":"wp","href":"https:\/\/api.w.org\/{rel}","templated":true}]}}