{"id":1036,"date":"2024-01-26T09:15:33","date_gmt":"2024-01-26T09:15:33","guid":{"rendered":"https:\/\/nehreklam.se\/eshop\/nywebbshop\/?post_type=product&#038;p=1036"},"modified":"2024-03-08T09:37:17","modified_gmt":"2024-03-08T09:37:17","slug":"teambyxa-funktion-barn","status":"publish","type":"product","link":"https:\/\/nehreklam.se\/eshop\/nywebbshop\/product\/teambyxa-funktion-barn\/","title":{"rendered":"Teambyxa Funktion, Barn"},"content":{"rendered":"<!--themify_builder_content-->\n<div id=\"themify_builder_content-1036\" data-postid=\"1036\" class=\"themify_builder_content themify_builder_content-1036 themify_builder tf_clear\">\n    <\/div>\n<!--\/themify_builder_content-->\n","protected":false},"excerpt":{"rendered":"<p>Sportiga byxor i funktionsmaterial perfekt f\u00f6r tr\u00e4ning eller uppv\u00e4rmning. Tv\u00e5 sidofickor med dragkedja och dragkedja i benavslut. Res\u00e5r och dragsko i midjan.<\/p>\n<p><strong>Storlekar: <\/strong>90\/100, 110\/120, 130\/140 och 150\/160<\/p>\n","protected":false},"featured_media":1034,"comment_status":"open","ping_status":"closed","template":"","meta":[],"product_cat":[21],"product_tag":[59,84,65,95,94,88,93],"class_list":{"0":"post-1036","1":"product","2":"type-product","3":"status-publish","4":"has-post-thumbnail","6":"product_cat-barn","7":"product_tag-barn","8":"product_tag-dragkedja","9":"product_tag-funktion","10":"product_tag-lag","11":"product_tag-lagbyxa","12":"product_tag-langa","13":"product_tag-team","14":"has-post-title","15":"has-post-date","16":"has-post-category","17":"has-post-tag","18":"has-post-comment","19":"has-post-author","20":"","22":"first","23":"instock","24":"shipping-taxable","25":"purchasable","26":"product-type-variable"},"builder_content":"","_links":{"self":[{"href":"https:\/\/nehreklam.se\/eshop\/nywebbshop\/wp-json\/wp\/v2\/product\/1036","targetHints":{"allow":["GET"]}}],"collection":[{"href":"https:\/\/nehreklam.se\/eshop\/nywebbshop\/wp-json\/wp\/v2\/product"}],"about":[{"href":"https:\/\/nehreklam.se\/eshop\/nywebbshop\/wp-json\/wp\/v2\/types\/product"}],"replies":[{"embeddable":true,"href":"https:\/\/nehreklam.se\/eshop\/nywebbshop\/wp-json\/wp\/v2\/comments?post=1036"}],"wp:featuredmedia":[{"embeddable":true,"href":"https:\/\/nehreklam.se\/eshop\/nywebbshop\/wp-json\/wp\/v2\/media\/1034"}],"wp:attachment":[{"href":"https:\/\/nehreklam.se\/eshop\/nywebbshop\/wp-json\/wp\/v2\/media?parent=1036"}],"wp:term":[{"taxonomy":"product_cat","embeddable":true,"href":"https:\/\/nehreklam.se\/eshop\/nywebbshop\/wp-json\/wp\/v2\/product_cat?post=1036"},{"taxonomy":"product_tag","embeddable":true,"href":"https:\/\/nehreklam.se\/eshop\/nywebbshop\/wp-json\/wp\/v2\/product_tag?post=1036"}],"curies":[{"name":"wp","href":"https:\/\/api.w.org\/{rel}","templated":true}]}}