{"id":1044,"date":"2024-01-26T09:53:31","date_gmt":"2024-01-26T09:53:31","guid":{"rendered":"https:\/\/nehreklam.se\/eshop\/nywebbshop\/?post_type=product&#038;p=1044"},"modified":"2024-02-09T09:35:53","modified_gmt":"2024-02-09T09:35:53","slug":"tackbyxa-funktion-dam","status":"publish","type":"product","link":"https:\/\/nehreklam.se\/eshop\/nywebbshop\/product\/tackbyxa-funktion-dam\/","title":{"rendered":"T\u00e4ckbyxa Funktion, Dam"},"content":{"rendered":"<!--themify_builder_content-->\n<div id=\"themify_builder_content-1044\" data-postid=\"1044\" class=\"themify_builder_content themify_builder_content-1044 themify_builder tf_clear\">\n    <\/div>\n<!--\/themify_builder_content-->\n","protected":false},"excerpt":{"rendered":"<p>Fodrade byxor som h\u00e5ller dig varm och sk\u00f6n. Dragkedja l\u00e4ngs hela sidan. Kardborreband vid benslut.<\/p>\n<div>\n<div><strong>Storlekar: X<\/strong>S &#8211; XL<\/div>\n<div class=\"Text-sc-s31epd-0 iOMnrj d-inline f3-700 mr-1\"><strong>Material: <\/strong>Shell: 100% polyester 240 Twith Taflon finishing. Lining: 100% polyester 190T tafata. Padding: 100% polyester 80G.<\/div>\n<\/div>\n","protected":false},"featured_media":1047,"comment_status":"open","ping_status":"closed","template":"","meta":[],"product_cat":[19],"product_tag":[90,35,65,91,92,64],"class_list":{"0":"post-1044","1":"product","2":"type-product","3":"status-publish","4":"has-post-thumbnail","6":"product_cat-dam","7":"product_tag-byxa","8":"product_tag-dam","9":"product_tag-funktion","10":"product_tag-sport","11":"product_tag-tights","12":"product_tag-traning","13":"has-post-title","14":"has-post-date","15":"has-post-category","16":"has-post-tag","17":"has-post-comment","18":"has-post-author","19":"","21":"first","22":"instock","23":"shipping-taxable","24":"purchasable","25":"product-type-variable"},"builder_content":"","_links":{"self":[{"href":"https:\/\/nehreklam.se\/eshop\/nywebbshop\/wp-json\/wp\/v2\/product\/1044","targetHints":{"allow":["GET"]}}],"collection":[{"href":"https:\/\/nehreklam.se\/eshop\/nywebbshop\/wp-json\/wp\/v2\/product"}],"about":[{"href":"https:\/\/nehreklam.se\/eshop\/nywebbshop\/wp-json\/wp\/v2\/types\/product"}],"replies":[{"embeddable":true,"href":"https:\/\/nehreklam.se\/eshop\/nywebbshop\/wp-json\/wp\/v2\/comments?post=1044"}],"wp:featuredmedia":[{"embeddable":true,"href":"https:\/\/nehreklam.se\/eshop\/nywebbshop\/wp-json\/wp\/v2\/media\/1047"}],"wp:attachment":[{"href":"https:\/\/nehreklam.se\/eshop\/nywebbshop\/wp-json\/wp\/v2\/media?parent=1044"}],"wp:term":[{"taxonomy":"product_cat","embeddable":true,"href":"https:\/\/nehreklam.se\/eshop\/nywebbshop\/wp-json\/wp\/v2\/product_cat?post=1044"},{"taxonomy":"product_tag","embeddable":true,"href":"https:\/\/nehreklam.se\/eshop\/nywebbshop\/wp-json\/wp\/v2\/product_tag?post=1044"}],"curies":[{"name":"wp","href":"https:\/\/api.w.org\/{rel}","templated":true}]}}