{"id":1117,"date":"2024-01-26T11:50:40","date_gmt":"2024-01-26T11:50:40","guid":{"rendered":"https:\/\/nehreklam.se\/eshop\/nywebbshop\/?post_type=product&#038;p=1117"},"modified":"2024-02-26T11:14:06","modified_gmt":"2024-02-26T11:14:06","slug":"softshelljacka-barn","status":"publish","type":"product","link":"https:\/\/nehreklam.se\/eshop\/nywebbshop\/product\/softshelljacka-barn\/","title":{"rendered":"Softshelljacka, Barn"},"content":{"rendered":"<!--themify_builder_content-->\n<div id=\"themify_builder_content-1117\" data-postid=\"1117\" class=\"themify_builder_content themify_builder_content-1117 themify_builder tf_clear\">\n    <\/div>\n<!--\/themify_builder_content-->\n","protected":false},"excerpt":{"rendered":"<p>3-lagers softshelljacka tillverkad i \u00e5tervunnen polyester. Ton-i-ton omv\u00e4nd dragkedja mitt fram samt tre utv\u00e4ndiga fickor och tv\u00e5 innerfickor. Elastiskt avslut i nederkant samt \u00e4rmar. WP 3000 \/ MVP 1000.<\/p>\n<p><strong><em>Vid f\u00f6r\u00e4dling broderas denna jacka.<\/em><\/strong><\/p>\n<div>\n<div><strong>Storlekar: <\/strong>110\/120, 130\/140 och 150\/160<\/div>\n<div class=\"Text-sc-s31epd-0 iOMnrj d-inline f3-700 mr-1\"><strong>Material:<\/strong> 96% \u00e5tervunnen polyester och 4% spandex<\/div>\n<div>\n<div>\n<div class=\"Text-sc-s31epd-0 iOMnrj d-inline f3-700 mr-1\"><strong>Vikt:<\/strong> 280 g\/m2<\/div>\n<\/div>\n<\/div>\n<\/div>\n","protected":false},"featured_media":1121,"comment_status":"open","ping_status":"closed","template":"","meta":[],"product_cat":[21],"product_tag":[59,106,84,104,105],"class_list":{"0":"post-1117","1":"product","2":"type-product","3":"status-publish","4":"has-post-thumbnail","6":"product_cat-barn","7":"product_tag-barn","8":"product_tag-brodyr","9":"product_tag-dragkedja","10":"product_tag-jacka","11":"product_tag-softshelljacka","12":"has-post-title","13":"has-post-date","14":"has-post-category","15":"has-post-tag","16":"has-post-comment","17":"has-post-author","18":"","20":"first","21":"instock","22":"shipping-taxable","23":"purchasable","24":"product-type-variable"},"builder_content":"","_links":{"self":[{"href":"https:\/\/nehreklam.se\/eshop\/nywebbshop\/wp-json\/wp\/v2\/product\/1117","targetHints":{"allow":["GET"]}}],"collection":[{"href":"https:\/\/nehreklam.se\/eshop\/nywebbshop\/wp-json\/wp\/v2\/product"}],"about":[{"href":"https:\/\/nehreklam.se\/eshop\/nywebbshop\/wp-json\/wp\/v2\/types\/product"}],"replies":[{"embeddable":true,"href":"https:\/\/nehreklam.se\/eshop\/nywebbshop\/wp-json\/wp\/v2\/comments?post=1117"}],"wp:featuredmedia":[{"embeddable":true,"href":"https:\/\/nehreklam.se\/eshop\/nywebbshop\/wp-json\/wp\/v2\/media\/1121"}],"wp:attachment":[{"href":"https:\/\/nehreklam.se\/eshop\/nywebbshop\/wp-json\/wp\/v2\/media?parent=1117"}],"wp:term":[{"taxonomy":"product_cat","embeddable":true,"href":"https:\/\/nehreklam.se\/eshop\/nywebbshop\/wp-json\/wp\/v2\/product_cat?post=1117"},{"taxonomy":"product_tag","embeddable":true,"href":"https:\/\/nehreklam.se\/eshop\/nywebbshop\/wp-json\/wp\/v2\/product_tag?post=1117"}],"curies":[{"name":"wp","href":"https:\/\/api.w.org\/{rel}","templated":true}]}}