{"id":1127,"date":"2024-01-26T12:04:05","date_gmt":"2024-01-26T12:04:05","guid":{"rendered":"https:\/\/nehreklam.se\/eshop\/nywebbshop\/?post_type=product&#038;p=1127"},"modified":"2024-02-26T10:28:28","modified_gmt":"2024-02-26T10:28:28","slug":"lattvadderad-jacka-herr","status":"publish","type":"product","link":"https:\/\/nehreklam.se\/eshop\/nywebbshop\/product\/lattvadderad-jacka-herr\/","title":{"rendered":"L\u00e4ttvadderad Jacka, Herr"},"content":{"rendered":"<!--themify_builder_content-->\n<div id=\"themify_builder_content-1127\" data-postid=\"1127\" class=\"themify_builder_content themify_builder_content-1127 themify_builder tf_clear\">\n    <\/div>\n<!--\/themify_builder_content-->\n","protected":false},"excerpt":{"rendered":"<p>Modern l\u00e4ttvadderad jacka. Avtagbar huva och tre fickor med dragkedjor samt tv\u00e5 innerfickor. H\u00f6rlurs\u00f6gla p\u00e5 insidan av hals\u00f6ppningen.<\/p>\n<p><strong><em>Vid f\u00f6r\u00e4dling broderas denna jacka.<\/em><\/strong><\/p>\n<div>\n<div><strong>Storlekar: <\/strong>XS \u2013 4XL<\/div>\n<div class=\"Text-sc-s31epd-0 iOMnrj d-inline f3-700 mr-1\"><strong>Material:<\/strong> Skal och foder: 100% polyester. Vaddering: dunliknande i 100% polyester<\/div>\n<\/div>\n","protected":false},"featured_media":1126,"comment_status":"open","ping_status":"closed","template":"","meta":[],"product_cat":[20],"product_tag":[106,84,58,104,107,108],"class_list":{"0":"post-1127","1":"product","2":"type-product","3":"status-publish","4":"has-post-thumbnail","6":"product_cat-herr","7":"product_tag-brodyr","8":"product_tag-dragkedja","9":"product_tag-herr","10":"product_tag-jacka","11":"product_tag-lattvadderad","12":"product_tag-vadderad","13":"has-post-title","14":"has-post-date","15":"has-post-category","16":"has-post-tag","17":"has-post-comment","18":"has-post-author","19":"","21":"first","22":"instock","23":"shipping-taxable","24":"purchasable","25":"product-type-variable"},"builder_content":"","_links":{"self":[{"href":"https:\/\/nehreklam.se\/eshop\/nywebbshop\/wp-json\/wp\/v2\/product\/1127","targetHints":{"allow":["GET"]}}],"collection":[{"href":"https:\/\/nehreklam.se\/eshop\/nywebbshop\/wp-json\/wp\/v2\/product"}],"about":[{"href":"https:\/\/nehreklam.se\/eshop\/nywebbshop\/wp-json\/wp\/v2\/types\/product"}],"replies":[{"embeddable":true,"href":"https:\/\/nehreklam.se\/eshop\/nywebbshop\/wp-json\/wp\/v2\/comments?post=1127"}],"wp:featuredmedia":[{"embeddable":true,"href":"https:\/\/nehreklam.se\/eshop\/nywebbshop\/wp-json\/wp\/v2\/media\/1126"}],"wp:attachment":[{"href":"https:\/\/nehreklam.se\/eshop\/nywebbshop\/wp-json\/wp\/v2\/media?parent=1127"}],"wp:term":[{"taxonomy":"product_cat","embeddable":true,"href":"https:\/\/nehreklam.se\/eshop\/nywebbshop\/wp-json\/wp\/v2\/product_cat?post=1127"},{"taxonomy":"product_tag","embeddable":true,"href":"https:\/\/nehreklam.se\/eshop\/nywebbshop\/wp-json\/wp\/v2\/product_tag?post=1127"}],"curies":[{"name":"wp","href":"https:\/\/api.w.org\/{rel}","templated":true}]}}