{"id":1133,"date":"2024-01-26T12:12:51","date_gmt":"2024-01-26T12:12:51","guid":{"rendered":"https:\/\/nehreklam.se\/eshop\/nywebbshop\/?post_type=product&#038;p=1133"},"modified":"2024-02-16T12:43:07","modified_gmt":"2024-02-16T12:43:07","slug":"lattvadderad-vast-dam","status":"publish","type":"product","link":"https:\/\/nehreklam.se\/eshop\/nywebbshop\/product\/lattvadderad-vast-dam\/","title":{"rendered":"L\u00e4ttvadderad V\u00e4st, Dam"},"content":{"rendered":"<!--themify_builder_content-->\n<div id=\"themify_builder_content-1133\" data-postid=\"1133\" class=\"themify_builder_content themify_builder_content-1133 themify_builder tf_clear\">\n    <\/div>\n<!--\/themify_builder_content-->\n","protected":false},"excerpt":{"rendered":"<p>Modern l\u00e4ttvadderad v\u00e4st. Avtagbar huva och tre fickor med dragkedjor samt tv\u00e5 innerfickor. H\u00f6rlurs\u00f6gla p\u00e5 insidan av hals\u00f6ppningen.<\/p>\n<p><strong><em>Vid f\u00f6r\u00e4dling broderas denna produkt.<\/em><\/strong><\/p>\n<div>\n<div><strong>Storlekar: <\/strong>XS \u2013 XXL<\/div>\n<div class=\"Text-sc-s31epd-0 iOMnrj d-inline f3-700 mr-1\"><strong>Material:<\/strong> Skal och foder: 100% polyester. Vaddering: dunliknande i 100% polyester<\/div>\n<\/div>\n","protected":false},"featured_media":1137,"comment_status":"open","ping_status":"closed","template":"","meta":[],"product_cat":[19],"product_tag":[106,35,84,107,108,109],"class_list":{"0":"post-1133","1":"product","2":"type-product","3":"status-publish","4":"has-post-thumbnail","6":"product_cat-dam","7":"product_tag-brodyr","8":"product_tag-dam","9":"product_tag-dragkedja","10":"product_tag-lattvadderad","11":"product_tag-vadderad","12":"product_tag-vast","13":"has-post-title","14":"has-post-date","15":"has-post-category","16":"has-post-tag","17":"has-post-comment","18":"has-post-author","19":"","21":"first","22":"instock","23":"shipping-taxable","24":"purchasable","25":"product-type-variable"},"builder_content":"","_links":{"self":[{"href":"https:\/\/nehreklam.se\/eshop\/nywebbshop\/wp-json\/wp\/v2\/product\/1133","targetHints":{"allow":["GET"]}}],"collection":[{"href":"https:\/\/nehreklam.se\/eshop\/nywebbshop\/wp-json\/wp\/v2\/product"}],"about":[{"href":"https:\/\/nehreklam.se\/eshop\/nywebbshop\/wp-json\/wp\/v2\/types\/product"}],"replies":[{"embeddable":true,"href":"https:\/\/nehreklam.se\/eshop\/nywebbshop\/wp-json\/wp\/v2\/comments?post=1133"}],"wp:featuredmedia":[{"embeddable":true,"href":"https:\/\/nehreklam.se\/eshop\/nywebbshop\/wp-json\/wp\/v2\/media\/1137"}],"wp:attachment":[{"href":"https:\/\/nehreklam.se\/eshop\/nywebbshop\/wp-json\/wp\/v2\/media?parent=1133"}],"wp:term":[{"taxonomy":"product_cat","embeddable":true,"href":"https:\/\/nehreklam.se\/eshop\/nywebbshop\/wp-json\/wp\/v2\/product_cat?post=1133"},{"taxonomy":"product_tag","embeddable":true,"href":"https:\/\/nehreklam.se\/eshop\/nywebbshop\/wp-json\/wp\/v2\/product_tag?post=1133"}],"curies":[{"name":"wp","href":"https:\/\/api.w.org\/{rel}","templated":true}]}}