{"id":1639,"date":"2024-03-05T10:49:33","date_gmt":"2024-03-05T10:49:33","guid":{"rendered":"https:\/\/nehreklam.se\/eshop\/nywebbshop\/?post_type=product&#038;p=1639"},"modified":"2024-03-05T11:05:57","modified_gmt":"2024-03-05T11:05:57","slug":"pike-bomull-premium-dam","status":"publish","type":"product","link":"https:\/\/nehreklam.se\/eshop\/nywebbshop\/product\/pike-bomull-premium-dam\/","title":{"rendered":"Pik\u00e9 Bomull Premium, Dam"},"content":{"rendered":"<!--themify_builder_content-->\n<div id=\"themify_builder_content-1639\" data-postid=\"1639\" class=\"themify_builder_content themify_builder_content-1639 themify_builder tf_clear\">\n    <\/div>\n<!--\/themify_builder_content-->\n","protected":false},"excerpt":{"rendered":"<p>En pik\u00e9 \u00e4r ett klassiskt plagg som aldrig g\u00e5r ur modet. Denna pik\u00e9 har en unik bi-blend-kvalitet av bomull och extra elastan &#8211; mjuk och h\u00e5llbar med sk\u00f6n stretch och passform. Den har alla klassiska detaljer men med en extra touch av exklusivitet i form av brodyr-logo i nacken, ton-i-ton knappar samt mjukt jersey-tyg p\u00e5 insidan av kragen.<\/p>\n<div>\n<div><strong>Storlekar:<\/strong> XS &#8211; XXL<\/div>\n<div class=\"Text-sc-s31epd-0 iovWTc d-inline f3-700 mr-1\"><strong>Material:<\/strong> 95% bomull, 5% elastan<\/div>\n<\/div>\n<div>\n<div class=\"Text-sc-s31epd-0 iovWTc d-inline f3-700 mr-1\"><strong>Vikt:<\/strong> 190 g\/m2<\/div>\n<\/div>\n","protected":false},"featured_media":1524,"comment_status":"open","ping_status":"closed","template":"","meta":[],"product_cat":[19],"product_tag":[71,35,72,69,70,177,34],"class_list":{"0":"post-1639","1":"product","2":"type-product","3":"status-publish","4":"has-post-thumbnail","6":"product_cat-dam","7":"product_tag-bomull","8":"product_tag-dam","9":"product_tag-kortarmad","10":"product_tag-pike","11":"product_tag-piketroja","12":"product_tag-premium","13":"product_tag-troja","14":"has-post-title","15":"has-post-date","16":"has-post-category","17":"has-post-tag","18":"has-post-comment","19":"has-post-author","20":"","22":"first","23":"instock","24":"shipping-taxable","25":"purchasable","26":"product-type-variable"},"builder_content":"","_links":{"self":[{"href":"https:\/\/nehreklam.se\/eshop\/nywebbshop\/wp-json\/wp\/v2\/product\/1639","targetHints":{"allow":["GET"]}}],"collection":[{"href":"https:\/\/nehreklam.se\/eshop\/nywebbshop\/wp-json\/wp\/v2\/product"}],"about":[{"href":"https:\/\/nehreklam.se\/eshop\/nywebbshop\/wp-json\/wp\/v2\/types\/product"}],"replies":[{"embeddable":true,"href":"https:\/\/nehreklam.se\/eshop\/nywebbshop\/wp-json\/wp\/v2\/comments?post=1639"}],"wp:featuredmedia":[{"embeddable":true,"href":"https:\/\/nehreklam.se\/eshop\/nywebbshop\/wp-json\/wp\/v2\/media\/1524"}],"wp:attachment":[{"href":"https:\/\/nehreklam.se\/eshop\/nywebbshop\/wp-json\/wp\/v2\/media?parent=1639"}],"wp:term":[{"taxonomy":"product_cat","embeddable":true,"href":"https:\/\/nehreklam.se\/eshop\/nywebbshop\/wp-json\/wp\/v2\/product_cat?post=1639"},{"taxonomy":"product_tag","embeddable":true,"href":"https:\/\/nehreklam.se\/eshop\/nywebbshop\/wp-json\/wp\/v2\/product_tag?post=1639"}],"curies":[{"name":"wp","href":"https:\/\/api.w.org\/{rel}","templated":true}]}}