{"id":1689,"date":"2024-03-05T12:25:26","date_gmt":"2024-03-05T12:25:26","guid":{"rendered":"https:\/\/nehreklam.se\/eshop\/nywebbshop\/?post_type=product&#038;p=1689"},"modified":"2024-03-05T12:26:52","modified_gmt":"2024-03-05T12:26:52","slug":"stickad-troja-premium-herr","status":"publish","type":"product","link":"https:\/\/nehreklam.se\/eshop\/nywebbshop\/product\/stickad-troja-premium-herr\/","title":{"rendered":"Stickad Tr\u00f6ja Premium, Herr"},"content":{"rendered":"<!--themify_builder_content-->\n<div id=\"themify_builder_content-1689\" data-postid=\"1689\" class=\"themify_builder_content themify_builder_content-1689 themify_builder tf_clear\">\n    <\/div>\n<!--\/themify_builder_content-->\n","protected":false},"excerpt":{"rendered":"<p>Stickade tr\u00f6ja som g\u00e5r att matcha med allt. Den stickade konstruktionen \u00e4r mjuk och inte f\u00f6r tjock, vilket g\u00f6r att den fungerar perfekt \u00f6ver en skjorta. Garnblandningen ger dig en behaglig mjukhet fr\u00e5n bomullen och l\u00e5ng h\u00e5llbarhet fr\u00e5n nylonet.<\/p>\n<p><strong><em>Vid f\u00f6r\u00e4dling broderas denna produkt.<\/em><\/strong><\/p>\n<div>\n<div><strong>Storlekar:<\/strong> S &#8211; 4XL<\/div>\n<div class=\"Text-sc-s31epd-0 iovWTc d-inline f3-700 mr-1\"><strong>Material:<\/strong> 80% bomull, 20% nylon<\/div>\n<\/div>\n<div>\n<div class=\"Text-sc-s31epd-0 iovWTc d-inline f3-700 mr-1\"><strong>Vikt:<\/strong> 200 g\/m2<\/div>\n<\/div>\n","protected":false},"featured_media":1687,"comment_status":"open","ping_status":"closed","template":"","meta":[],"product_cat":[20],"product_tag":[58,177,178,34],"class_list":{"0":"post-1689","1":"product","2":"type-product","3":"status-publish","4":"has-post-thumbnail","6":"product_cat-herr","7":"product_tag-herr","8":"product_tag-premium","9":"product_tag-stickad","10":"product_tag-troja","11":"has-post-title","12":"has-post-date","13":"has-post-category","14":"has-post-tag","15":"has-post-comment","16":"has-post-author","17":"","19":"first","20":"instock","21":"shipping-taxable","22":"purchasable","23":"product-type-variable"},"builder_content":"","_links":{"self":[{"href":"https:\/\/nehreklam.se\/eshop\/nywebbshop\/wp-json\/wp\/v2\/product\/1689","targetHints":{"allow":["GET"]}}],"collection":[{"href":"https:\/\/nehreklam.se\/eshop\/nywebbshop\/wp-json\/wp\/v2\/product"}],"about":[{"href":"https:\/\/nehreklam.se\/eshop\/nywebbshop\/wp-json\/wp\/v2\/types\/product"}],"replies":[{"embeddable":true,"href":"https:\/\/nehreklam.se\/eshop\/nywebbshop\/wp-json\/wp\/v2\/comments?post=1689"}],"wp:featuredmedia":[{"embeddable":true,"href":"https:\/\/nehreklam.se\/eshop\/nywebbshop\/wp-json\/wp\/v2\/media\/1687"}],"wp:attachment":[{"href":"https:\/\/nehreklam.se\/eshop\/nywebbshop\/wp-json\/wp\/v2\/media?parent=1689"}],"wp:term":[{"taxonomy":"product_cat","embeddable":true,"href":"https:\/\/nehreklam.se\/eshop\/nywebbshop\/wp-json\/wp\/v2\/product_cat?post=1689"},{"taxonomy":"product_tag","embeddable":true,"href":"https:\/\/nehreklam.se\/eshop\/nywebbshop\/wp-json\/wp\/v2\/product_tag?post=1689"}],"curies":[{"name":"wp","href":"https:\/\/api.w.org\/{rel}","templated":true}]}}