{"id":1842,"date":"2024-03-08T08:14:09","date_gmt":"2024-03-08T08:14:09","guid":{"rendered":"https:\/\/nehreklam.se\/eshop\/nywebbshop\/?post_type=product&#038;p=1842"},"modified":"2024-03-08T08:15:57","modified_gmt":"2024-03-08T08:15:57","slug":"crewneck-zip-craft-barn","status":"publish","type":"product","link":"https:\/\/nehreklam.se\/eshop\/nywebbshop\/product\/crewneck-zip-craft-barn\/","title":{"rendered":"Crewneck Zip Craft, Barn"},"content":{"rendered":"<!--themify_builder_content-->\n<div id=\"themify_builder_content-1842\" data-postid=\"1842\" class=\"themify_builder_content themify_builder_content-1842 themify_builder tf_clear\">\n    <\/div>\n<!--\/themify_builder_content-->\n","protected":false},"excerpt":{"rendered":"<p>En funktionell, l\u00e5ng\u00e4rmad tr\u00e4ningstr\u00f6ja. Plagget \u00e4r gjort av \u00e5tervunnen polyester som ger effektiv fukttransport och har dessutom h\u00f6g elasticitet och ergonomisk design f\u00f6r optimal passform och bra r\u00f6relsefrihet. Tr\u00f6jan har \u00e4ven dragkedja i halsen. Regular fit.<\/p>\n<p>\u2022 \u00c5tervunnen polyester<br \/>\n\u2022 Mycket elastiskt material<br \/>\n\u2022 Dragkedja i halsen<\/p>\n<div>\n<div><strong>Storlekar:<\/strong> 110\/116 &#8211; 158\/164<\/div>\n<div class=\"Text-sc-s31epd-0 iovWTc d-inline f3-700 mr-1\"><strong>Material:<\/strong> 100% Polyester recycled<br \/>\n<strong>Vikt:<\/strong> 200 g\/m2<\/div>\n<\/div>\n","protected":false},"featured_media":1824,"comment_status":"open","ping_status":"closed","template":"","meta":[],"product_cat":[21],"product_tag":[59,180,64,34,80],"class_list":{"0":"post-1842","1":"product","2":"type-product","3":"status-publish","4":"has-post-thumbnail","6":"product_cat-barn","7":"product_tag-barn","8":"product_tag-craft","9":"product_tag-traning","10":"product_tag-troja","11":"product_tag-zip","12":"has-post-title","13":"has-post-date","14":"has-post-category","15":"has-post-tag","16":"has-post-comment","17":"has-post-author","18":"","20":"first","21":"instock","22":"shipping-taxable","23":"purchasable","24":"product-type-variable"},"builder_content":"","_links":{"self":[{"href":"https:\/\/nehreklam.se\/eshop\/nywebbshop\/wp-json\/wp\/v2\/product\/1842","targetHints":{"allow":["GET"]}}],"collection":[{"href":"https:\/\/nehreklam.se\/eshop\/nywebbshop\/wp-json\/wp\/v2\/product"}],"about":[{"href":"https:\/\/nehreklam.se\/eshop\/nywebbshop\/wp-json\/wp\/v2\/types\/product"}],"replies":[{"embeddable":true,"href":"https:\/\/nehreklam.se\/eshop\/nywebbshop\/wp-json\/wp\/v2\/comments?post=1842"}],"wp:featuredmedia":[{"embeddable":true,"href":"https:\/\/nehreklam.se\/eshop\/nywebbshop\/wp-json\/wp\/v2\/media\/1824"}],"wp:attachment":[{"href":"https:\/\/nehreklam.se\/eshop\/nywebbshop\/wp-json\/wp\/v2\/media?parent=1842"}],"wp:term":[{"taxonomy":"product_cat","embeddable":true,"href":"https:\/\/nehreklam.se\/eshop\/nywebbshop\/wp-json\/wp\/v2\/product_cat?post=1842"},{"taxonomy":"product_tag","embeddable":true,"href":"https:\/\/nehreklam.se\/eshop\/nywebbshop\/wp-json\/wp\/v2\/product_tag?post=1842"}],"curies":[{"name":"wp","href":"https:\/\/api.w.org\/{rel}","templated":true}]}}