{"id":1876,"date":"2024-03-08T12:50:27","date_gmt":"2024-03-08T12:50:27","guid":{"rendered":"https:\/\/nehreklam.se\/eshop\/nywebbshop\/?post_type=product&#038;p=1876"},"modified":"2024-03-08T12:52:05","modified_gmt":"2024-03-08T12:52:05","slug":"matchtroja-special","status":"publish","type":"product","link":"https:\/\/nehreklam.se\/eshop\/nywebbshop\/product\/matchtroja-special\/","title":{"rendered":"Matchtr\u00f6ja, Special"},"content":{"rendered":"<!--themify_builder_content-->\n<div id=\"themify_builder_content-1876\" data-postid=\"1876\" class=\"themify_builder_content themify_builder_content-1876 themify_builder tf_clear\">\n    <\/div>\n<!--\/themify_builder_content-->\n","protected":false},"excerpt":{"rendered":"<p>Vi p\u00e5 NeH Communication \u00e4r experter p\u00e5 att ta fram specialprodukter till klubbar och f\u00f6reningar. \u00d6nskar ni att k\u00f6pa in specialprodukter s\u00e5 har ni kommit r\u00e4tt!<br \/>\nNi som klubb\/f\u00f6rening k\u00f6per in specialprodukten, vi lagerh\u00e5ller dessa sedan gratis och l\u00e4gger ut i er webbshop. Ni \u00e4ger dessa produkter och kan &#8221;ta hem&#8221; dessa precis n\u00e4r ni \u00f6nskar.<\/p>\n<p>Vi g\u00f6r allt fr\u00e5n enklare matchtr\u00f6jor, till mer avancerade. Vi g\u00f6r \u00e4ven supportertr\u00f6jor. Hockey, fotboll, basket, skidskytte &#8211; you name it.<\/p>\n<p><strong>Minsta best\u00e4llning \u00e4r 10 st <\/strong>(observera att du endast l\u00e4gger 1 av dessa i varukorgen h\u00e4r i shoppen. I och med att det \u00e4r en speicalprodukt s\u00e5 kommer vi att ta kontakt med dig f\u00f6r bolla id\u00e9er, ta fram korrektur och f\u00e5 ett godk\u00e4nnande innan vi b\u00f6rjar producera varan).<\/p>\n<p><em>I rutan h\u00e4r nedan kan du ange information om hur du \u00f6nskar att din specialprodukt ska se ut. Har ni n\u00e5gra speciella \u00f6nskem\u00e5l? N\u00e5gra speciella PMS-f\u00e4rger som vi ska anv\u00e4nda oss av i korrekturen? \u00c4r det n\u00e5got annat vi b\u00f6r veta?<\/em><\/p>\n","protected":false},"featured_media":1870,"comment_status":"open","ping_status":"closed","template":"","meta":[],"product_cat":[23],"product_tag":[],"class_list":{"0":"post-1876","1":"product","2":"type-product","3":"status-publish","4":"has-post-thumbnail","6":"product_cat-specialprodukter","7":"has-post-title","8":"has-post-date","9":"has-post-category","10":"has-post-tag","11":"has-post-comment","12":"has-post-author","13":"","15":"first","16":"instock","17":"sold-individually","18":"shipping-taxable","19":"purchasable","20":"product-type-simple"},"builder_content":"","_links":{"self":[{"href":"https:\/\/nehreklam.se\/eshop\/nywebbshop\/wp-json\/wp\/v2\/product\/1876","targetHints":{"allow":["GET"]}}],"collection":[{"href":"https:\/\/nehreklam.se\/eshop\/nywebbshop\/wp-json\/wp\/v2\/product"}],"about":[{"href":"https:\/\/nehreklam.se\/eshop\/nywebbshop\/wp-json\/wp\/v2\/types\/product"}],"replies":[{"embeddable":true,"href":"https:\/\/nehreklam.se\/eshop\/nywebbshop\/wp-json\/wp\/v2\/comments?post=1876"}],"wp:featuredmedia":[{"embeddable":true,"href":"https:\/\/nehreklam.se\/eshop\/nywebbshop\/wp-json\/wp\/v2\/media\/1870"}],"wp:attachment":[{"href":"https:\/\/nehreklam.se\/eshop\/nywebbshop\/wp-json\/wp\/v2\/media?parent=1876"}],"wp:term":[{"taxonomy":"product_cat","embeddable":true,"href":"https:\/\/nehreklam.se\/eshop\/nywebbshop\/wp-json\/wp\/v2\/product_cat?post=1876"},{"taxonomy":"product_tag","embeddable":true,"href":"https:\/\/nehreklam.se\/eshop\/nywebbshop\/wp-json\/wp\/v2\/product_tag?post=1876"}],"curies":[{"name":"wp","href":"https:\/\/api.w.org\/{rel}","templated":true}]}}