{"id":677,"date":"2024-01-17T15:17:10","date_gmt":"2024-01-17T15:17:10","guid":{"rendered":"https:\/\/nehreklam.se\/eshop\/nywebbshop\/?post_type=product&#038;p=677"},"modified":"2024-04-03T09:55:23","modified_gmt":"2024-04-03T09:55:23","slug":"piketroja-funktion-unisex","status":"publish","type":"product","link":"https:\/\/nehreklam.se\/eshop\/nywebbshop\/product\/piketroja-funktion-unisex\/","title":{"rendered":"Pik\u00e9tr\u00f6ja Funktion, Unisex"},"content":{"rendered":"<!--themify_builder_content-->\n<div id=\"themify_builder_content-677\" data-postid=\"677\" class=\"themify_builder_content themify_builder_content-677 themify_builder tf_clear\">\n    <\/div>\n<!--\/themify_builder_content-->\n","protected":false},"excerpt":{"rendered":"<p>En unisex baspik\u00e9 f\u00f6r vardagsbruk med bra passform. Spun dyed tyg med pik\u00e9struktur. Pik\u00e9n har 3 ton-i-ton knappar, slitsar i sidorna och f\u00f6rst\u00e4rkt nackband.<\/p>\n<div>\n<div><strong>Storlekar: <\/strong>XS \u2013 4XL<\/div>\n<div class=\"Text-sc-s31epd-0 iOMnrj d-inline f3-700 mr-1\"><strong>Material:<\/strong> 100% polyester<\/div>\n<div>\n<div>\n<div class=\"Text-sc-s31epd-0 iOMnrj d-inline f3-700 mr-1\"><strong>Vikt:<\/strong> 160 g\/m2<\/div>\n<\/div>\n<\/div>\n<\/div>\n","protected":false},"featured_media":678,"comment_status":"open","ping_status":"closed","template":"","meta":[],"product_cat":[19,20],"product_tag":[],"class_list":{"0":"post-677","1":"product","2":"type-product","3":"status-publish","4":"has-post-thumbnail","6":"product_cat-dam","7":"product_cat-herr","8":"has-post-title","9":"has-post-date","10":"has-post-category","11":"has-post-tag","12":"has-post-comment","13":"has-post-author","14":"","16":"first","17":"instock","18":"shipping-taxable","19":"purchasable","20":"product-type-variable"},"builder_content":"","_links":{"self":[{"href":"https:\/\/nehreklam.se\/eshop\/nywebbshop\/wp-json\/wp\/v2\/product\/677","targetHints":{"allow":["GET"]}}],"collection":[{"href":"https:\/\/nehreklam.se\/eshop\/nywebbshop\/wp-json\/wp\/v2\/product"}],"about":[{"href":"https:\/\/nehreklam.se\/eshop\/nywebbshop\/wp-json\/wp\/v2\/types\/product"}],"replies":[{"embeddable":true,"href":"https:\/\/nehreklam.se\/eshop\/nywebbshop\/wp-json\/wp\/v2\/comments?post=677"}],"wp:featuredmedia":[{"embeddable":true,"href":"https:\/\/nehreklam.se\/eshop\/nywebbshop\/wp-json\/wp\/v2\/media\/678"}],"wp:attachment":[{"href":"https:\/\/nehreklam.se\/eshop\/nywebbshop\/wp-json\/wp\/v2\/media?parent=677"}],"wp:term":[{"taxonomy":"product_cat","embeddable":true,"href":"https:\/\/nehreklam.se\/eshop\/nywebbshop\/wp-json\/wp\/v2\/product_cat?post=677"},{"taxonomy":"product_tag","embeddable":true,"href":"https:\/\/nehreklam.se\/eshop\/nywebbshop\/wp-json\/wp\/v2\/product_tag?post=677"}],"curies":[{"name":"wp","href":"https:\/\/api.w.org\/{rel}","templated":true}]}}