{"id":777,"date":"2024-01-19T12:47:53","date_gmt":"2024-01-19T12:47:53","guid":{"rendered":"https:\/\/nehreklam.se\/eshop\/nywebbshop\/?post_type=product&#038;p=777"},"modified":"2024-03-26T12:39:04","modified_gmt":"2024-03-26T12:39:04","slug":"hoodtroja-bomull-barn","status":"publish","type":"product","link":"https:\/\/nehreklam.se\/eshop\/nywebbshop\/product\/hoodtroja-bomull-barn\/","title":{"rendered":"Hoodtr\u00f6ja Bomull, Barn"},"content":{"rendered":"<!--themify_builder_content-->\n<div id=\"themify_builder_content-777\" data-postid=\"777\" class=\"themify_builder_content themify_builder_content-777 themify_builder tf_clear\">\n    <\/div>\n<!--\/themify_builder_content-->\n","protected":false},"excerpt":{"rendered":"<p>Hoodtr\u00f6ja i barnmodell. Ribbad mudd nedtill och i \u00e4rmslut. Borstad insida. Stor hel ficka framtill. Smart detalj f\u00f6r att kunna b\u00e4ra h\u00f6rlurar ing\u00e5r. Observera att produkten heter bomull i namnet, men inneh\u00e5ller mestadels polyester. Tr\u00f6jan k\u00e4nns dock mjuk och sk\u00f6n som en bomullstr\u00f6ja, d\u00e4rav namnet.<\/p>\n<div>\n<div><strong>Storlekar: <\/strong>90\/100, 110\/120, 130\/140 och 150\/160.<\/div>\n<div class=\"Text-sc-s31epd-0 iOMnrj d-inline f3-700 mr-1\"><strong>Material:<\/strong> 65% polyester och 35% bomull* (vissa speciella f\u00e4rger kan ha andra materialkombinationer).<\/div>\n<div>\n<div>\n<div class=\"Text-sc-s31epd-0 iOMnrj d-inline f3-700 mr-1\"><strong>Vikt:<\/strong> 280 g\/m2<\/div>\n<\/div>\n<\/div>\n<\/div>\n","protected":false},"featured_media":784,"comment_status":"open","ping_status":"closed","template":"","meta":[],"product_cat":[21],"product_tag":[59,71,79,78],"class_list":{"0":"post-777","1":"product","2":"type-product","3":"status-publish","4":"has-post-thumbnail","6":"product_cat-barn","7":"product_tag-barn","8":"product_tag-bomull","9":"product_tag-hood","10":"product_tag-hoodtroja","11":"has-post-title","12":"has-post-date","13":"has-post-category","14":"has-post-tag","15":"has-post-comment","16":"has-post-author","17":"","19":"first","20":"instock","21":"shipping-taxable","22":"purchasable","23":"product-type-variable"},"builder_content":"","_links":{"self":[{"href":"https:\/\/nehreklam.se\/eshop\/nywebbshop\/wp-json\/wp\/v2\/product\/777","targetHints":{"allow":["GET"]}}],"collection":[{"href":"https:\/\/nehreklam.se\/eshop\/nywebbshop\/wp-json\/wp\/v2\/product"}],"about":[{"href":"https:\/\/nehreklam.se\/eshop\/nywebbshop\/wp-json\/wp\/v2\/types\/product"}],"replies":[{"embeddable":true,"href":"https:\/\/nehreklam.se\/eshop\/nywebbshop\/wp-json\/wp\/v2\/comments?post=777"}],"wp:featuredmedia":[{"embeddable":true,"href":"https:\/\/nehreklam.se\/eshop\/nywebbshop\/wp-json\/wp\/v2\/media\/784"}],"wp:attachment":[{"href":"https:\/\/nehreklam.se\/eshop\/nywebbshop\/wp-json\/wp\/v2\/media?parent=777"}],"wp:term":[{"taxonomy":"product_cat","embeddable":true,"href":"https:\/\/nehreklam.se\/eshop\/nywebbshop\/wp-json\/wp\/v2\/product_cat?post=777"},{"taxonomy":"product_tag","embeddable":true,"href":"https:\/\/nehreklam.se\/eshop\/nywebbshop\/wp-json\/wp\/v2\/product_tag?post=777"}],"curies":[{"name":"wp","href":"https:\/\/api.w.org\/{rel}","templated":true}]}}