{"id":979,"date":"2024-01-24T12:55:20","date_gmt":"2024-01-24T12:55:20","guid":{"rendered":"https:\/\/nehreklam.se\/eshop\/nywebbshop\/?post_type=product&#038;p=979"},"modified":"2024-02-02T08:15:01","modified_gmt":"2024-02-02T08:15:01","slug":"hood-zip-bomull-barn","status":"publish","type":"product","link":"https:\/\/nehreklam.se\/eshop\/nywebbshop\/product\/hood-zip-bomull-barn\/","title":{"rendered":"Hood Zip Bomull, Barn"},"content":{"rendered":"<!--themify_builder_content-->\n<div id=\"themify_builder_content-979\" data-postid=\"979\" class=\"themify_builder_content themify_builder_content-979 themify_builder tf_clear\">\n    <\/div>\n<!--\/themify_builder_content-->\n","protected":false},"excerpt":{"rendered":"<p>Sweatshirt med huva och med hel dragkedja i juniormodell. Tv\u00e5 framfickor och ribbadade muddar. Observera att produkten heter bomull i namnet, men inneh\u00e5ller mestadels polyester. Tr\u00f6jan k\u00e4nns dock mjuk och sk\u00f6n som en bomullstr\u00f6ja, d\u00e4rav namnet.<\/p>\n<div>\n<div><strong>Storlekar: <\/strong>110\/120, 130\/140 och 150\/160.<\/div>\n<div class=\"Text-sc-s31epd-0 iOMnrj d-inline f3-700 mr-1\"><strong>Material:<\/strong> 65% polyester och 35% bomull<\/div>\n<div>\n<div>\n<div class=\"Text-sc-s31epd-0 iOMnrj d-inline f3-700 mr-1\"><strong>Vikt:<\/strong> 280 g\/m2<\/div>\n<\/div>\n<\/div>\n<\/div>\n","protected":false},"featured_media":988,"comment_status":"open","ping_status":"closed","template":"","meta":[],"product_cat":[21],"product_tag":[59,71,79,78,34,80],"class_list":{"0":"post-979","1":"product","2":"type-product","3":"status-publish","4":"has-post-thumbnail","6":"product_cat-barn","7":"product_tag-barn","8":"product_tag-bomull","9":"product_tag-hood","10":"product_tag-hoodtroja","11":"product_tag-troja","12":"product_tag-zip","13":"has-post-title","14":"has-post-date","15":"has-post-category","16":"has-post-tag","17":"has-post-comment","18":"has-post-author","19":"","21":"first","22":"instock","23":"shipping-taxable","24":"purchasable","25":"product-type-variable"},"builder_content":"","_links":{"self":[{"href":"https:\/\/nehreklam.se\/eshop\/nywebbshop\/wp-json\/wp\/v2\/product\/979","targetHints":{"allow":["GET"]}}],"collection":[{"href":"https:\/\/nehreklam.se\/eshop\/nywebbshop\/wp-json\/wp\/v2\/product"}],"about":[{"href":"https:\/\/nehreklam.se\/eshop\/nywebbshop\/wp-json\/wp\/v2\/types\/product"}],"replies":[{"embeddable":true,"href":"https:\/\/nehreklam.se\/eshop\/nywebbshop\/wp-json\/wp\/v2\/comments?post=979"}],"wp:featuredmedia":[{"embeddable":true,"href":"https:\/\/nehreklam.se\/eshop\/nywebbshop\/wp-json\/wp\/v2\/media\/988"}],"wp:attachment":[{"href":"https:\/\/nehreklam.se\/eshop\/nywebbshop\/wp-json\/wp\/v2\/media?parent=979"}],"wp:term":[{"taxonomy":"product_cat","embeddable":true,"href":"https:\/\/nehreklam.se\/eshop\/nywebbshop\/wp-json\/wp\/v2\/product_cat?post=979"},{"taxonomy":"product_tag","embeddable":true,"href":"https:\/\/nehreklam.se\/eshop\/nywebbshop\/wp-json\/wp\/v2\/product_tag?post=979"}],"curies":[{"name":"wp","href":"https:\/\/api.w.org\/{rel}","templated":true}]}}