{"id":14,"date":"2020-03-24T14:34:15","date_gmt":"2020-03-24T14:34:15","guid":{"rendered":"https:\/\/nehreklam.se\/eshop\/orebrofaltridklubb\/?page_id=14"},"modified":"2020-04-01T13:45:12","modified_gmt":"2020-04-01T13:45:12","slug":"kontakta-oss","status":"publish","type":"page","link":"https:\/\/nehreklam.se\/eshop\/orebrofaltridklubb\/kontakta-oss\/","title":{"rendered":"Kontakta oss"},"content":{"rendered":"\n<p>Har du fr\u00e5gor eller funderingar kring ditt k\u00f6p?<br> H\u00f6r av dig till oss p\u00e5 info@nehreklam.se. Ange \u00d6rebro F\u00e4ltrittklubb Webbshop som \u00e4mne.<\/p>\n<!--themify_builder_content-->\n<div id=\"themify_builder_content-14\" data-postid=\"14\" class=\"themify_builder_content themify_builder_content-14 themify_builder tf_clear\">\n    <\/div>\n<!--\/themify_builder_content-->\n","protected":false},"excerpt":{"rendered":"<p>Har du fr\u00e5gor eller funderingar kring ditt k\u00f6p? H\u00f6r av dig till oss p\u00e5 info@nehreklam.se. Ange \u00d6rebro F\u00e4ltrittklubb Webbshop som \u00e4mne.<\/p>\n","protected":false},"author":1,"featured_media":0,"parent":0,"menu_order":0,"comment_status":"closed","ping_status":"closed","template":"","meta":{"footnotes":""},"class_list":["post-14","page","type-page","status-publish","hentry","has-post-title","has-post-date","has-post-category","has-post-tag","has-post-comment","has-post-author",""],"builder_content":"","_links":{"self":[{"href":"https:\/\/nehreklam.se\/eshop\/orebrofaltridklubb\/wp-json\/wp\/v2\/pages\/14","targetHints":{"allow":["GET"]}}],"collection":[{"href":"https:\/\/nehreklam.se\/eshop\/orebrofaltridklubb\/wp-json\/wp\/v2\/pages"}],"about":[{"href":"https:\/\/nehreklam.se\/eshop\/orebrofaltridklubb\/wp-json\/wp\/v2\/types\/page"}],"author":[{"embeddable":true,"href":"https:\/\/nehreklam.se\/eshop\/orebrofaltridklubb\/wp-json\/wp\/v2\/users\/1"}],"replies":[{"embeddable":true,"href":"https:\/\/nehreklam.se\/eshop\/orebrofaltridklubb\/wp-json\/wp\/v2\/comments?post=14"}],"version-history":[{"count":3,"href":"https:\/\/nehreklam.se\/eshop\/orebrofaltridklubb\/wp-json\/wp\/v2\/pages\/14\/revisions"}],"predecessor-version":[{"id":146,"href":"https:\/\/nehreklam.se\/eshop\/orebrofaltridklubb\/wp-json\/wp\/v2\/pages\/14\/revisions\/146"}],"wp:attachment":[{"href":"https:\/\/nehreklam.se\/eshop\/orebrofaltridklubb\/wp-json\/wp\/v2\/media?parent=14"}],"curies":[{"name":"wp","href":"https:\/\/api.w.org\/{rel}","templated":true}]}}