{"id":101,"date":"2020-04-01T09:24:28","date_gmt":"2020-04-01T09:24:28","guid":{"rendered":"https:\/\/nehreklam.se\/eshop\/orebrofaltridklubb\/?post_type=product&#038;p=101"},"modified":"2020-04-06T07:39:42","modified_gmt":"2020-04-06T07:39:42","slug":"piketroja-funktion-dam","status":"publish","type":"product","link":"https:\/\/nehreklam.se\/eshop\/orebrofaltridklubb\/produkt\/piketroja-funktion-dam\/","title":{"rendered":"Pik\u00e9tr\u00f6ja Funktion, Dam"},"content":{"rendered":"<!--themify_builder_content-->\n<div id=\"themify_builder_content-101\" data-postid=\"101\" class=\"themify_builder_content themify_builder_content-101 themify_builder tf_clear\">\n    <\/div>\n<!--\/themify_builder_content-->\n","protected":false},"excerpt":{"rendered":"<p class=\"description\" data-bind=\"html: productFamily().description\">Funktionspik\u00e9 med mjuk sk\u00f6n k\u00e4nsla. Knappar och den undre knappsl\u00e5n i avvikande f\u00e4rg. Eyelets under \u00e4rm och som en fin detalj p\u00e5 nackplatta. Kantband i nacke och sprund. Brodyr p\u00e5 v\u00e4nster br\u00f6st.<\/p>\n<p>Material: 1<span data-bind=\"text: productFamily().material\">00% polyester<\/span>, <span data-bind=\"text: productFamily().weightGramPerSquareMeter\">200<\/span> g\/m\u00b2<\/p>\n<p>Storlekar: XS &#8211; XXL<\/p>\n","protected":false},"featured_media":49,"template":"","meta":[],"product_brand":[],"product_cat":[45],"product_tag":[],"class_list":{"0":"post-101","1":"product","2":"type-product","3":"status-publish","4":"has-post-thumbnail","6":"product_cat-dam","7":"has-post-title","8":"has-post-date","9":"has-post-category","10":"has-post-tag","11":"has-post-comment","12":"has-post-author","13":"","15":"first","16":"instock","17":"taxable","18":"shipping-taxable","19":"purchasable","20":"product-type-variable"},"builder_content":"","_links":{"self":[{"href":"https:\/\/nehreklam.se\/eshop\/orebrofaltridklubb\/wp-json\/wp\/v2\/product\/101","targetHints":{"allow":["GET"]}}],"collection":[{"href":"https:\/\/nehreklam.se\/eshop\/orebrofaltridklubb\/wp-json\/wp\/v2\/product"}],"about":[{"href":"https:\/\/nehreklam.se\/eshop\/orebrofaltridklubb\/wp-json\/wp\/v2\/types\/product"}],"wp:featuredmedia":[{"embeddable":true,"href":"https:\/\/nehreklam.se\/eshop\/orebrofaltridklubb\/wp-json\/wp\/v2\/media\/49"}],"wp:attachment":[{"href":"https:\/\/nehreklam.se\/eshop\/orebrofaltridklubb\/wp-json\/wp\/v2\/media?parent=101"}],"wp:term":[{"taxonomy":"product_brand","embeddable":true,"href":"https:\/\/nehreklam.se\/eshop\/orebrofaltridklubb\/wp-json\/wp\/v2\/product_brand?post=101"},{"taxonomy":"product_cat","embeddable":true,"href":"https:\/\/nehreklam.se\/eshop\/orebrofaltridklubb\/wp-json\/wp\/v2\/product_cat?post=101"},{"taxonomy":"product_tag","embeddable":true,"href":"https:\/\/nehreklam.se\/eshop\/orebrofaltridklubb\/wp-json\/wp\/v2\/product_tag?post=101"}],"curies":[{"name":"wp","href":"https:\/\/api.w.org\/{rel}","templated":true}]}}