{"id":113,"date":"2020-04-01T09:41:30","date_gmt":"2020-04-01T09:41:30","guid":{"rendered":"https:\/\/nehreklam.se\/eshop\/orebrofaltridklubb\/?post_type=product&#038;p=113"},"modified":"2020-04-06T07:41:42","modified_gmt":"2020-04-06T07:41:42","slug":"jacka-herr","status":"publish","type":"product","link":"https:\/\/nehreklam.se\/eshop\/orebrofaltridklubb\/produkt\/jacka-herr\/","title":{"rendered":"Jacka, Herr"},"content":{"rendered":"<!--themify_builder_content-->\n<div id=\"themify_builder_content-113\" data-postid=\"113\" class=\"themify_builder_content themify_builder_content-113 themify_builder tf_clear\">\n    <\/div>\n<!--\/themify_builder_content-->\n","protected":false},"excerpt":{"rendered":"<p>Vindt\u00e4t och vattenavvisande jacka med sk\u00f6n passform. Brodyr p\u00e5 v\u00e4nster br\u00f6st.<\/p>\n<p>Material: yttertyg 100% nylon och innertyg 100% polyester, foder 80g 100% polyester<\/p>\n<p>Storlekar: XS &#8211; 3XL<\/p>\n","protected":false},"featured_media":45,"template":"","meta":[],"product_brand":[],"product_cat":[46],"product_tag":[],"class_list":{"0":"post-113","1":"product","2":"type-product","3":"status-publish","4":"has-post-thumbnail","6":"product_cat-herr","7":"has-post-title","8":"has-post-date","9":"has-post-category","10":"has-post-tag","11":"has-post-comment","12":"has-post-author","13":"","15":"first","16":"instock","17":"taxable","18":"shipping-taxable","19":"purchasable","20":"product-type-variable"},"builder_content":"","_links":{"self":[{"href":"https:\/\/nehreklam.se\/eshop\/orebrofaltridklubb\/wp-json\/wp\/v2\/product\/113","targetHints":{"allow":["GET"]}}],"collection":[{"href":"https:\/\/nehreklam.se\/eshop\/orebrofaltridklubb\/wp-json\/wp\/v2\/product"}],"about":[{"href":"https:\/\/nehreklam.se\/eshop\/orebrofaltridklubb\/wp-json\/wp\/v2\/types\/product"}],"wp:featuredmedia":[{"embeddable":true,"href":"https:\/\/nehreklam.se\/eshop\/orebrofaltridklubb\/wp-json\/wp\/v2\/media\/45"}],"wp:attachment":[{"href":"https:\/\/nehreklam.se\/eshop\/orebrofaltridklubb\/wp-json\/wp\/v2\/media?parent=113"}],"wp:term":[{"taxonomy":"product_brand","embeddable":true,"href":"https:\/\/nehreklam.se\/eshop\/orebrofaltridklubb\/wp-json\/wp\/v2\/product_brand?post=113"},{"taxonomy":"product_cat","embeddable":true,"href":"https:\/\/nehreklam.se\/eshop\/orebrofaltridklubb\/wp-json\/wp\/v2\/product_cat?post=113"},{"taxonomy":"product_tag","embeddable":true,"href":"https:\/\/nehreklam.se\/eshop\/orebrofaltridklubb\/wp-json\/wp\/v2\/product_tag?post=113"}],"curies":[{"name":"wp","href":"https:\/\/api.w.org\/{rel}","templated":true}]}}