{"id":272,"date":"2020-10-21T09:11:47","date_gmt":"2020-10-21T09:11:47","guid":{"rendered":"https:\/\/nehreklam.se\/eshop\/orebrofaltridklubb\/?post_type=product&#038;p=272"},"modified":"2025-05-09T09:33:32","modified_gmt":"2025-05-09T09:33:32","slug":"softshelljacka-herr","status":"publish","type":"product","link":"https:\/\/nehreklam.se\/eshop\/orebrofaltridklubb\/produkt\/softshelljacka-herr\/","title":{"rendered":"Softshelljacka, Herr"},"content":{"rendered":"<!--themify_builder_content-->\n<div id=\"themify_builder_content-272\" data-postid=\"272\" class=\"themify_builder_content themify_builder_content-272 themify_builder tf_clear\">\n    <\/div>\n<!--\/themify_builder_content-->\n","protected":false},"excerpt":{"rendered":"<p>3-lagers softshelljacka tillverkad i \u00e5tervunnen polyester. Ton-i-ton omv\u00e4nd dragkedja mitt fram samt tre utv\u00e4ndiga fickor och tv\u00e5 innerfickor. Elastiskt avslut i nederkant samt \u00e4rmar.<br \/>\n<strong>F\u00e4rg<\/strong> Marin \u2022\u00a0<strong>Herr<\/strong> XS-5XL<\/p>\n","protected":false},"featured_media":710,"template":"","meta":[],"product_brand":[],"product_cat":[46],"product_tag":[],"class_list":{"0":"post-272","1":"product","2":"type-product","3":"status-publish","4":"has-post-thumbnail","6":"product_cat-herr","7":"has-post-title","8":"has-post-date","9":"has-post-category","10":"has-post-tag","11":"has-post-comment","12":"has-post-author","13":"","15":"first","16":"instock","17":"taxable","18":"shipping-taxable","19":"purchasable","20":"product-type-variable"},"builder_content":"","_links":{"self":[{"href":"https:\/\/nehreklam.se\/eshop\/orebrofaltridklubb\/wp-json\/wp\/v2\/product\/272","targetHints":{"allow":["GET"]}}],"collection":[{"href":"https:\/\/nehreklam.se\/eshop\/orebrofaltridklubb\/wp-json\/wp\/v2\/product"}],"about":[{"href":"https:\/\/nehreklam.se\/eshop\/orebrofaltridklubb\/wp-json\/wp\/v2\/types\/product"}],"wp:featuredmedia":[{"embeddable":true,"href":"https:\/\/nehreklam.se\/eshop\/orebrofaltridklubb\/wp-json\/wp\/v2\/media\/710"}],"wp:attachment":[{"href":"https:\/\/nehreklam.se\/eshop\/orebrofaltridklubb\/wp-json\/wp\/v2\/media?parent=272"}],"wp:term":[{"taxonomy":"product_brand","embeddable":true,"href":"https:\/\/nehreklam.se\/eshop\/orebrofaltridklubb\/wp-json\/wp\/v2\/product_brand?post=272"},{"taxonomy":"product_cat","embeddable":true,"href":"https:\/\/nehreklam.se\/eshop\/orebrofaltridklubb\/wp-json\/wp\/v2\/product_cat?post=272"},{"taxonomy":"product_tag","embeddable":true,"href":"https:\/\/nehreklam.se\/eshop\/orebrofaltridklubb\/wp-json\/wp\/v2\/product_tag?post=272"}],"curies":[{"name":"wp","href":"https:\/\/api.w.org\/{rel}","templated":true}]}}