{"id":387,"date":"2021-06-04T07:07:33","date_gmt":"2021-06-04T07:07:33","guid":{"rendered":"https:\/\/nehreklam.se\/eshop\/orebrofaltridklubb\/?post_type=product&#038;p=387"},"modified":"2021-06-04T07:08:17","modified_gmt":"2021-06-04T07:08:17","slug":"tee-funktion-dam","status":"publish","type":"product","link":"https:\/\/nehreklam.se\/eshop\/orebrofaltridklubb\/produkt\/tee-funktion-dam\/","title":{"rendered":"Tee Funktion, Dam"},"content":{"rendered":"<!--themify_builder_content-->\n<div id=\"themify_builder_content-387\" data-postid=\"387\" class=\"themify_builder_content themify_builder_content-387 themify_builder tf_clear\">\n    <\/div>\n<!--\/themify_builder_content-->\n","protected":false},"excerpt":{"rendered":"<p>Funktions T-shirt med stretch, gjord i ett mjuk, l\u00e4ttvikts andas material f\u00f6r en naturlig k\u00e4nsla. I denna premiumprodukt har vi anv\u00e4nt CoolDry f\u00f6r att s\u00e4kerst\u00e4lla maximal komfort och funktionalitet. CoolDry tyget transporterar fukt fr\u00e5n kroppen till utsidan av tyget d\u00e4r det snabbt avdunstar. 95% CoolDry micro polyester och 5% spandex.<\/p>\n<p>Tryckt logga.<\/p>\n","protected":false},"featured_media":381,"template":"","meta":[],"product_brand":[],"product_cat":[45],"product_tag":[],"class_list":{"0":"post-387","1":"product","2":"type-product","3":"status-publish","4":"has-post-thumbnail","6":"product_cat-dam","7":"has-post-title","8":"has-post-date","9":"has-post-category","10":"has-post-tag","11":"has-post-comment","12":"has-post-author","13":"","15":"first","16":"instock","17":"taxable","18":"shipping-taxable","19":"purchasable","20":"product-type-variable"},"builder_content":"","_links":{"self":[{"href":"https:\/\/nehreklam.se\/eshop\/orebrofaltridklubb\/wp-json\/wp\/v2\/product\/387","targetHints":{"allow":["GET"]}}],"collection":[{"href":"https:\/\/nehreklam.se\/eshop\/orebrofaltridklubb\/wp-json\/wp\/v2\/product"}],"about":[{"href":"https:\/\/nehreklam.se\/eshop\/orebrofaltridklubb\/wp-json\/wp\/v2\/types\/product"}],"wp:featuredmedia":[{"embeddable":true,"href":"https:\/\/nehreklam.se\/eshop\/orebrofaltridklubb\/wp-json\/wp\/v2\/media\/381"}],"wp:attachment":[{"href":"https:\/\/nehreklam.se\/eshop\/orebrofaltridklubb\/wp-json\/wp\/v2\/media?parent=387"}],"wp:term":[{"taxonomy":"product_brand","embeddable":true,"href":"https:\/\/nehreklam.se\/eshop\/orebrofaltridklubb\/wp-json\/wp\/v2\/product_brand?post=387"},{"taxonomy":"product_cat","embeddable":true,"href":"https:\/\/nehreklam.se\/eshop\/orebrofaltridklubb\/wp-json\/wp\/v2\/product_cat?post=387"},{"taxonomy":"product_tag","embeddable":true,"href":"https:\/\/nehreklam.se\/eshop\/orebrofaltridklubb\/wp-json\/wp\/v2\/product_tag?post=387"}],"curies":[{"name":"wp","href":"https:\/\/api.w.org\/{rel}","templated":true}]}}