{"id":391,"date":"2021-06-04T07:18:01","date_gmt":"2021-06-04T07:18:01","guid":{"rendered":"https:\/\/nehreklam.se\/eshop\/orebrofaltridklubb\/?post_type=product&#038;p=391"},"modified":"2021-06-04T07:18:50","modified_gmt":"2021-06-04T07:18:50","slug":"hood-active-dam","status":"publish","type":"product","link":"https:\/\/nehreklam.se\/eshop\/orebrofaltridklubb\/produkt\/hood-active-dam\/","title":{"rendered":"Hood Active, Dam"},"content":{"rendered":"<!--themify_builder_content-->\n<div id=\"themify_builder_content-391\" data-postid=\"391\" class=\"themify_builder_content themify_builder_content-391 themify_builder tf_clear\">\n    <\/div>\n<!--\/themify_builder_content-->\n","protected":false},"excerpt":{"rendered":"<p>En Spun dyed hoodtr\u00f6ja med hel dragkedja. Ton-i-ton dragkedja framtill, p\u00e5 de tv\u00e5 frontfickorna samt p\u00e5 \u00e4rmficka. Flata sn\u00f6ren i huvan, fiskbensm\u00f6nstrat nackband i halsen, ribbad mudd i \u00e4rmavslut och nedtill. Utrustad med smart l\u00f6sning f\u00f6r h\u00f6rlurar.<\/p>\n<p>Tryckt logga p\u00e5 v\u00e4nster br\u00f6st.<\/p>\n","protected":false},"featured_media":376,"template":"","meta":[],"product_brand":[],"product_cat":[45],"product_tag":[],"class_list":{"0":"post-391","1":"product","2":"type-product","3":"status-publish","4":"has-post-thumbnail","6":"product_cat-dam","7":"has-post-title","8":"has-post-date","9":"has-post-category","10":"has-post-tag","11":"has-post-comment","12":"has-post-author","13":"","15":"first","16":"instock","17":"taxable","18":"shipping-taxable","19":"purchasable","20":"product-type-variable"},"builder_content":"","_links":{"self":[{"href":"https:\/\/nehreklam.se\/eshop\/orebrofaltridklubb\/wp-json\/wp\/v2\/product\/391","targetHints":{"allow":["GET"]}}],"collection":[{"href":"https:\/\/nehreklam.se\/eshop\/orebrofaltridklubb\/wp-json\/wp\/v2\/product"}],"about":[{"href":"https:\/\/nehreklam.se\/eshop\/orebrofaltridklubb\/wp-json\/wp\/v2\/types\/product"}],"wp:featuredmedia":[{"embeddable":true,"href":"https:\/\/nehreklam.se\/eshop\/orebrofaltridklubb\/wp-json\/wp\/v2\/media\/376"}],"wp:attachment":[{"href":"https:\/\/nehreklam.se\/eshop\/orebrofaltridklubb\/wp-json\/wp\/v2\/media?parent=391"}],"wp:term":[{"taxonomy":"product_brand","embeddable":true,"href":"https:\/\/nehreklam.se\/eshop\/orebrofaltridklubb\/wp-json\/wp\/v2\/product_brand?post=391"},{"taxonomy":"product_cat","embeddable":true,"href":"https:\/\/nehreklam.se\/eshop\/orebrofaltridklubb\/wp-json\/wp\/v2\/product_cat?post=391"},{"taxonomy":"product_tag","embeddable":true,"href":"https:\/\/nehreklam.se\/eshop\/orebrofaltridklubb\/wp-json\/wp\/v2\/product_tag?post=391"}],"curies":[{"name":"wp","href":"https:\/\/api.w.org\/{rel}","templated":true}]}}