{"id":656,"date":"2025-02-17T12:23:36","date_gmt":"2025-02-17T12:23:36","guid":{"rendered":"https:\/\/nehreklam.se\/eshop\/orebrofaltridklubb\/?post_type=product&#038;p=656"},"modified":"2025-10-13T01:18:33","modified_gmt":"2025-10-13T01:18:33","slug":"jacka-premium","status":"publish","type":"product","link":"https:\/\/nehreklam.se\/eshop\/orebrofaltridklubb\/produkt\/jacka-premium\/","title":{"rendered":"Jacka Premium"},"content":{"rendered":"<p><img loading=\"lazy\" decoding=\"async\" class=\"alignnone size-large wp-image-674\" src=\"http:\/\/media30.nehreklam.se\/2025\/02\/0200977_sv_storlek_page-0001-1024x576.jpg\" alt=\"\" width=\"980\" height=\"551\" srcset=\"http:\/\/media30.nehreklam.se\/2025\/02\/0200977_sv_storlek_page-0001-1024x576.jpg 1024w, http:\/\/media30.nehreklam.se\/2025\/02\/0200977_sv_storlek_page-0001-scaled-600x338.jpg 600w, http:\/\/media30.nehreklam.se\/2025\/02\/0200977_sv_storlek_page-0001-300x169.jpg 300w, http:\/\/media30.nehreklam.se\/2025\/02\/0200977_sv_storlek_page-0001-768x432.jpg 768w, http:\/\/media30.nehreklam.se\/2025\/02\/0200977_sv_storlek_page-0001-1536x864.jpg 1536w, http:\/\/media30.nehreklam.se\/2025\/02\/0200977_sv_storlek_page-0001-2048x1152.jpg 2048w\" sizes=\"auto, (max-width: 980px) 100vw, 980px\" \/><\/p>\n<p><img loading=\"lazy\" decoding=\"async\" class=\"alignnone size-large wp-image-675\" src=\"http:\/\/media30.nehreklam.se\/2025\/02\/0200976_sv_storlek_page-0001-1024x576.jpg\" alt=\"\" width=\"980\" height=\"551\" srcset=\"http:\/\/media30.nehreklam.se\/2025\/02\/0200976_sv_storlek_page-0001-1024x576.jpg 1024w, http:\/\/media30.nehreklam.se\/2025\/02\/0200976_sv_storlek_page-0001-scaled-600x338.jpg 600w, http:\/\/media30.nehreklam.se\/2025\/02\/0200976_sv_storlek_page-0001-300x169.jpg 300w, http:\/\/media30.nehreklam.se\/2025\/02\/0200976_sv_storlek_page-0001-768x432.jpg 768w, http:\/\/media30.nehreklam.se\/2025\/02\/0200976_sv_storlek_page-0001-1536x864.jpg 1536w, http:\/\/media30.nehreklam.se\/2025\/02\/0200976_sv_storlek_page-0001-2048x1152.jpg 2048w\" sizes=\"auto, (max-width: 980px) 100vw, 980px\" \/><\/p>\n<p><img loading=\"lazy\" decoding=\"async\" class=\"alignnone size-large wp-image-676\" src=\"http:\/\/media30.nehreklam.se\/2025\/02\/0200905_sv_storlek_page-0001-1024x576.jpg\" alt=\"\" width=\"980\" height=\"551\" srcset=\"http:\/\/media30.nehreklam.se\/2025\/02\/0200905_sv_storlek_page-0001-1024x576.jpg 1024w, http:\/\/media30.nehreklam.se\/2025\/02\/0200905_sv_storlek_page-0001-scaled-600x338.jpg 600w, http:\/\/media30.nehreklam.se\/2025\/02\/0200905_sv_storlek_page-0001-300x169.jpg 300w, http:\/\/media30.nehreklam.se\/2025\/02\/0200905_sv_storlek_page-0001-768x432.jpg 768w, http:\/\/media30.nehreklam.se\/2025\/02\/0200905_sv_storlek_page-0001-1536x864.jpg 1536w, http:\/\/media30.nehreklam.se\/2025\/02\/0200905_sv_storlek_page-0001-2048x1152.jpg 2048w\" sizes=\"auto, (max-width: 980px) 100vw, 980px\" \/><\/p>\n<!--themify_builder_content-->\n<div id=\"themify_builder_content-656\" data-postid=\"656\" class=\"themify_builder_content themify_builder_content-656 themify_builder tf_clear\">\n    <\/div>\n<!--\/themify_builder_content-->\n","protected":false},"excerpt":{"rendered":"<p>En varm och l\u00e4tt jacka med dunliknande vaddering. Tillverkad av 100% \u00e5tervunnen polyamid. Avtagbar huva, tre ytterfickor med dragkedjor och tv\u00e5 innerfickor. Elastiskt avslut i nederkant samt \u00e4rmar. Utrustad med f\u00e4rgade zippullers, h\u00f6rlursl\u00f6sning och dragkedja.<br \/>\nBroderad logga p\u00e5 v\u00e4nster br\u00f6st<\/p>\n","protected":false},"featured_media":657,"template":"","meta":[],"product_brand":[],"product_cat":[47,45,46],"product_tag":[],"class_list":{"0":"post-656","1":"product","2":"type-product","3":"status-publish","4":"has-post-thumbnail","6":"product_cat-barn","7":"product_cat-dam","8":"product_cat-herr","9":"has-post-title","10":"has-post-date","11":"has-post-category","12":"has-post-tag","13":"has-post-comment","14":"has-post-author","15":"","17":"first","18":"instock","19":"taxable","20":"shipping-taxable","21":"purchasable","22":"product-type-variable"},"builder_content":"","_links":{"self":[{"href":"https:\/\/nehreklam.se\/eshop\/orebrofaltridklubb\/wp-json\/wp\/v2\/product\/656","targetHints":{"allow":["GET"]}}],"collection":[{"href":"https:\/\/nehreklam.se\/eshop\/orebrofaltridklubb\/wp-json\/wp\/v2\/product"}],"about":[{"href":"https:\/\/nehreklam.se\/eshop\/orebrofaltridklubb\/wp-json\/wp\/v2\/types\/product"}],"wp:featuredmedia":[{"embeddable":true,"href":"https:\/\/nehreklam.se\/eshop\/orebrofaltridklubb\/wp-json\/wp\/v2\/media\/657"}],"wp:attachment":[{"href":"https:\/\/nehreklam.se\/eshop\/orebrofaltridklubb\/wp-json\/wp\/v2\/media?parent=656"}],"wp:term":[{"taxonomy":"product_brand","embeddable":true,"href":"https:\/\/nehreklam.se\/eshop\/orebrofaltridklubb\/wp-json\/wp\/v2\/product_brand?post=656"},{"taxonomy":"product_cat","embeddable":true,"href":"https:\/\/nehreklam.se\/eshop\/orebrofaltridklubb\/wp-json\/wp\/v2\/product_cat?post=656"},{"taxonomy":"product_tag","embeddable":true,"href":"https:\/\/nehreklam.se\/eshop\/orebrofaltridklubb\/wp-json\/wp\/v2\/product_tag?post=656"}],"curies":[{"name":"wp","href":"https:\/\/api.w.org\/{rel}","templated":true}]}}