{"id":9,"date":"2016-12-14T09:18:33","date_gmt":"2016-12-14T08:18:33","guid":{"rendered":"https:\/\/nehreklam.se\/eshop\/orebrosim\/?page_id=9"},"modified":"2025-09-19T15:51:42","modified_gmt":"2025-09-19T13:51:42","slug":"information-kopvillkor","status":"publish","type":"page","link":"https:\/\/nehreklam.se\/eshop\/orebrosim\/information-kopvillkor\/","title":{"rendered":"Information &#038; k\u00f6pvillkor"},"content":{"rendered":"<div id=\"themify_builder_content-9\" data-postid=\"9\" class=\"themify_builder_content themify_builder_content-9 themify_builder\">\n    \t<!-- module_row -->\n\t<div  class=\"themify_builder_row module_row clearfix module_row_0 themify_builder_9_row module_row_9-0 tb_fvql684\">\n\t    \t    <div class=\"row_inner col_align_top\" >\n\t\t\t<div  class=\"module_column tb-column col-full first tb_9_column module_column_0 module_column_9-0-0 tb_2epl684\">\n\t    \t    \t        <div class=\"tb-column-inner\">\n\t\t    <!-- module text -->\n<div  class=\"module module-text tb_s0hc82    \">\n            <div  class=\"tb_text_wrap\">\n    <div class=\"entry-content\">\n<p><i>Administration och drift av denna webbshop hanteras av NeH Direkt AB.<\/i><\/p>\n<p><strong><i>Kostnader och avgifter<br \/><\/i><\/strong><i>Frakt 89 kr. Fraktfritt vid k\u00f6p \u00f6ver 1500 kr. Priserna \u00e4r angina inklusive moms.<\/i><\/p>\n<p><i><\/i><strong><i>Allm\u00e4nna villkor<br \/><\/i><\/strong><i>10 arbetsdagars leveranstid. NeH Direkt AB ansvarar inte f\u00f6r ordrar som inte kommer fram p.g.a. fel avgiven adress. <strong>Om du inte l\u00f6ser ut din vara s\u00e5 kommer du att debiteras kostnader f\u00f6r tur-\/returfrakt.<\/strong> Outl\u00f6sta varor infattas ej av \u00e5ngerr\u00e4tten. Inom 14 dagar kan du \u00e5ngra och returnera ditt k\u00f6p. Vid retur g\u00e4ller svensk lagstiftning f\u00f6r handel. Varan f\u00e5r inte ha anv\u00e4nts och ska ligga i obruten originalf\u00f6rpackning. Skicka varan i ett ordentligt f\u00f6rslutet paket tillsammans med f\u00f6ljesedeln du fick med vid leveransen, du st\u00e5r sj\u00e4lv f\u00f6r portot och f\u00e5r inte skicka som postf\u00f6rskott eller efterkrav. N\u00e4r vi har mottagit din retur, s\u00e5 betalar NeH Direkt AB ut det belopp som du har betalat f\u00f6r varan. Fraktbeloppet kommer ej att betalas tillbaka.<br \/>Observera att tr\u00f6jor med till\u00e4ggstryck eller brodyr, s\u00e5 som namn, nummer och loggor, g\u00f6rs p\u00e5 best\u00e4llning och kan d\u00e4rf\u00f6r <strong>inte<\/strong> returneras. Det vill s\u00e4ga; varor som har tillverkats enligt dina anvisningar eller som p\u00e5 annat s\u00e4tt har f\u00e5tt en tydlig personlig pr\u00e4gel g\u00e5r ej att returnera. <\/i><i>Vid fr\u00e5gor kontakta oss g\u00e4rna p\u00e5 info@nehreklam.se innan du l\u00e4gger din order.<\/i><\/p>\n<p><i>Garanti f\u00f6r varor t\u00e4cker endast ursprungliga fabrikationsfel, och d\u00e4rmed inte fel som uppst\u00e5r vid eller efter en egen f\u00f6r\u00e4ndring av varans funktion och utseende, s\u00e5som ombyggnation, uppgradering eller annan konfigurering av varan. Din orderbekr\u00e4ftelse g\u00e4ller som garantibevis. NeH Direkt AB st\u00e5r f\u00f6r returfrakten f\u00f6r godk\u00e4nda reklamationer.<br \/><\/i><br \/><em>Force Majeure \u2013 NeH Direkt AB ansvarar inte f\u00f6r f\u00f6rseningar orsakade av omst\u00e4ndigheter som NeH Direkt AB inte kunnat r\u00e5da \u00f6ver s\u00e5som exempelvis allm\u00e4n arbetskonflikt, krig, eldsv\u00e5da, blixtnedslag, terroristattack, \u00e4ndrad myndighetsbest\u00e4mmelse, tekniska problem, fel i el-\/tele-\/dataf\u00f6rbindelser eller annan kommunikation samt fel eller f\u00f6rsening i tj\u00e4nster fr\u00e5n underleverant\u00f6r p\u00e5 grund av omst\u00e4ndighet som h\u00e4r angivits. Dessa omst\u00e4ndigheter ska utg\u00f6ra befrielsegrund som medf\u00f6r befrielse fr\u00e5n skadest\u00e5nd och andra p\u00e5f\u00f6ljder. Om n\u00e5gon s\u00e5dan situation skulle uppst\u00e5 informerar NeH Direkt AB dig dels i b\u00f6rjan och dels i slutet av tiden f\u00f6r den aktuella situationen. Har omst\u00e4ndigheten varat l\u00e4ngre \u00e4n tv\u00e5 m\u00e5nader har b\u00e5de Du och NeH Direkt AB r\u00e4tt att h\u00e4va k\u00f6pet med omedelbar verkan.<\/em><\/p>\n<p><strong><i>Orderbekr\u00e4ftelse<\/i><br \/><\/strong><i>Vi skickar ut en orderbekr\u00e4ftelse via e-post till den e-postadress du anger vid k\u00f6ptillf\u00e4llet. Spara alltid orderbekr\u00e4ftelsen tills det att du mottagit dina varor.<\/i><\/p>\n<p><strong><i>Datahantering<\/i><\/strong><strong><br \/><\/strong><i>N\u00e4r du handlar fr\u00e5n n\u00e5gon shop som NeH Direkt AB driver s\u00e5 kommer dina personuppgifter att sparas s\u00e5 l\u00e4nge som shoppen \u00e4r aktiv. Detta g\u00f6r vi med den lagliga grunden fullg\u00f6rande av k\u00f6peavtalet; utan den h\u00e4r informationen kan vi inte fullg\u00f6ra v\u00e5rt avtal med dig. Du som kund har sj\u00e4lvklart m\u00f6jlighet att ta bort dina uppgifter om du inte vill att vi ska behandla dessa (mer info om det l\u00e4ngre ner). <\/i><i>Vi kommer att samla in f\u00f6ljande personuppgifter; f\u00f6r- och efternamn, leverans- och faktureringsadress, mejladress och telefonnummer. V\u00e5r betalpartner Svea kr\u00e4ver \u00e4ven personnummer (f\u00f6r vissa betalalternativ), betalningsinformation och betalningshistorik. <\/i><i>Detta kommer vi p\u00e5 NeH att beh\u00f6va samla in f\u00f6r att kunna behandla och slutf\u00f6ra din order. Vi p\u00e5 NeH Direkt AB kommer inte att l\u00e4mna vidare dina uppgifter till n\u00e5gon annan utan ditt godk\u00e4nnande. <\/i><\/p>\n<p><i>N\u00e4r du g\u00f6r ett k\u00f6p i n\u00e5gon av v\u00e5ra shoppar som har Svea Payments som betalmedel, s\u00e5 godk\u00e4nner du Svea&#8217;s och NeH\u2019s villkor genom att skriva i dina uppgifter och slutf\u00f6ra ditt k\u00f6p.<\/i><\/p>\n<p><i>Genom att genomf\u00f6ra ett k\u00f6p p\u00e5 n\u00e5gon av v\u00e5ra sidor s\u00e5 kan din mejladress komma att anv\u00e4ndas till mejlutskick. Vill du inte ta del av dessa s\u00e5 kan du sj\u00e4lvklart avs\u00e4ga dig fr\u00e5n dessa genom att klicka i \u201djag vill inte l\u00e4ngre f\u00e5 dessa utskick\u201d i mejlet. <\/i><\/p>\n<p><i>Genom att genomf\u00f6ra ett k\u00f6p p\u00e5 n\u00e5gon av v\u00e5ra sidor s\u00e5 kan ditt telefonnummer komma att anv\u00e4ndas till sms-utskick. Vill du inte ta del av dessa s\u00e5 kan du sj\u00e4lvklart avs\u00e4ga dig fr\u00e5n dessa genom att klicka i \u201djag vill inte l\u00e4ngre f\u00e5 dessa utskick\u201d, vilket du g\u00f6r via en l\u00e4nk som du f\u00e5r i smset. <\/i><\/p>\n<p><i>Vill du inte att vi p\u00e5 NeH Direkt AB sparar dina uppgifter i webbshoppen, meddela oss detta via mail. Skicka f\u00f6ljande till <a href=\"mailto:info@nehreklam.se\">info@nehreklam.se<\/a> <\/i><\/p>\n<p><i>Ditt f\u00f6r- och efternamn, epostadress, vilken shop som du har handlat ifr\u00e5n, samt varf\u00f6r du vill bli borttagen (sistn\u00e4mnda \u00e4r frivilligt i utbildningssyfte).<\/i><\/p>\n<p><i>VIKTIGT \u00e4r att du meddelar vilken shop du handlat i, har du handlat i flera shoppar som vi p\u00e5 NeH Direkt AB driver s\u00e5 kommer dina uppgifter att sparas i alla dessa shoppar. Vill du bli borttagen fr\u00e5n alla shoppar som du handlat i hos oss \u00e4r det viktigt att du anger de shoppar som det handlar om.<\/i><\/p>\n<p><strong><i>Returer och byten<br \/><\/i><\/strong><i>Du ska f\u00e5 med en lapp i din f\u00f6rs\u00e4ndelse med information om hur du best\u00e4ller bytes- och retursedlar. Du fyller i denna lapp och l\u00e4gger med i ditt paket som du skickar tillbaka till oss. Du best\u00e4ller retur- och bytessedlar h\u00e4r: <a href=\"http:\/\/nehreklam.se\/eshop\/retur\/\"><strong>nehreklam.se\/eshop\/retur.<\/strong><\/a><\/i><\/p>\n<\/div>    <\/div>\n<\/div>\n<!-- \/module text -->\n\t        <\/div>\n\t    \t<\/div>\n\t\t    <\/div>\n\t    <!-- \/row_inner -->\n\t<\/div>\n\t<!-- \/module_row -->\n\t<\/div>\n\n\n\n\n<p><\/p>\n","protected":false},"excerpt":{"rendered":"","protected":false},"author":1,"featured_media":0,"parent":0,"menu_order":0,"comment_status":"closed","ping_status":"closed","template":"","meta":{"footnotes":""},"class_list":["post-9","page","type-page","status-publish","hentry","has-post-title","has-post-date","has-post-category","has-post-tag","has-post-comment","has-post-author",""],"builder_content":"<p><i>Administration och drift av denna webbshop hanteras av NeH Direkt AB.<\/i><\/p> <p><strong><i>Kostnader och avgifter<br \/><\/i><\/strong><i>Frakt 89 kr. Fraktfritt vid k\u00f6p \u00f6ver 1500 kr. Priserna \u00e4r angina inklusive moms.<\/i><\/p> <p><i><\/i><strong><i>Allm\u00e4nna villkor<br \/><\/i><\/strong><i>10 arbetsdagars leveranstid. NeH Direkt AB ansvarar inte f\u00f6r ordrar som inte kommer fram p.g.a. fel avgiven adress. <strong>Om du inte l\u00f6ser ut din vara s\u00e5 kommer du att debiteras kostnader f\u00f6r tur-\/returfrakt.<\/strong> Outl\u00f6sta varor infattas ej av \u00e5ngerr\u00e4tten. Inom 14 dagar kan du \u00e5ngra och returnera ditt k\u00f6p. Vid retur g\u00e4ller svensk lagstiftning f\u00f6r handel. Varan f\u00e5r inte ha anv\u00e4nts och ska ligga i obruten originalf\u00f6rpackning. Skicka varan i ett ordentligt f\u00f6rslutet paket tillsammans med f\u00f6ljesedeln du fick med vid leveransen, du st\u00e5r sj\u00e4lv f\u00f6r portot och f\u00e5r inte skicka som postf\u00f6rskott eller efterkrav. N\u00e4r vi har mottagit din retur, s\u00e5 betalar NeH Direkt AB ut det belopp som du har betalat f\u00f6r varan. Fraktbeloppet kommer ej att betalas tillbaka.<br \/>Observera att tr\u00f6jor med till\u00e4ggstryck eller brodyr, s\u00e5 som namn, nummer och loggor, g\u00f6rs p\u00e5 best\u00e4llning och kan d\u00e4rf\u00f6r <strong>inte<\/strong> returneras. Det vill s\u00e4ga; varor som har tillverkats enligt dina anvisningar eller som p\u00e5 annat s\u00e4tt har f\u00e5tt en tydlig personlig pr\u00e4gel g\u00e5r ej att returnera. <\/i><i>Vid fr\u00e5gor kontakta oss g\u00e4rna p\u00e5 info@nehreklam.se innan du l\u00e4gger din order.<\/i><\/p> <p><i>Garanti f\u00f6r varor t\u00e4cker endast ursprungliga fabrikationsfel, och d\u00e4rmed inte fel som uppst\u00e5r vid eller efter en egen f\u00f6r\u00e4ndring av varans funktion och utseende, s\u00e5som ombyggnation, uppgradering eller annan konfigurering av varan. Din orderbekr\u00e4ftelse g\u00e4ller som garantibevis. NeH Direkt AB st\u00e5r f\u00f6r returfrakten f\u00f6r godk\u00e4nda reklamationer.<br \/><\/i><br \/><em>Force Majeure \u2013 NeH Direkt AB ansvarar inte f\u00f6r f\u00f6rseningar orsakade av omst\u00e4ndigheter som NeH Direkt AB inte kunnat r\u00e5da \u00f6ver s\u00e5som exempelvis allm\u00e4n arbetskonflikt, krig, eldsv\u00e5da, blixtnedslag, terroristattack, \u00e4ndrad myndighetsbest\u00e4mmelse, tekniska problem, fel i el-\/tele-\/dataf\u00f6rbindelser eller annan kommunikation samt fel eller f\u00f6rsening i tj\u00e4nster fr\u00e5n underleverant\u00f6r p\u00e5 grund av omst\u00e4ndighet som h\u00e4r angivits. Dessa omst\u00e4ndigheter ska utg\u00f6ra befrielsegrund som medf\u00f6r befrielse fr\u00e5n skadest\u00e5nd och andra p\u00e5f\u00f6ljder. Om n\u00e5gon s\u00e5dan situation skulle uppst\u00e5 informerar NeH Direkt AB dig dels i b\u00f6rjan och dels i slutet av tiden f\u00f6r den aktuella situationen. Har omst\u00e4ndigheten varat l\u00e4ngre \u00e4n tv\u00e5 m\u00e5nader har b\u00e5de Du och NeH Direkt AB r\u00e4tt att h\u00e4va k\u00f6pet med omedelbar verkan.<\/em><\/p> <p><strong><i>Orderbekr\u00e4ftelse<\/i><br \/><\/strong><i>Vi skickar ut en orderbekr\u00e4ftelse via e-post till den e-postadress du anger vid k\u00f6ptillf\u00e4llet. Spara alltid orderbekr\u00e4ftelsen tills det att du mottagit dina varor.<\/i><\/p> <p><strong><i>Datahantering<\/i><\/strong><strong><br \/><\/strong><i>N\u00e4r du handlar fr\u00e5n n\u00e5gon shop som NeH Direkt AB driver s\u00e5 kommer dina personuppgifter att sparas s\u00e5 l\u00e4nge som shoppen \u00e4r aktiv. Detta g\u00f6r vi med den lagliga grunden fullg\u00f6rande av k\u00f6peavtalet; utan den h\u00e4r informationen kan vi inte fullg\u00f6ra v\u00e5rt avtal med dig. Du som kund har sj\u00e4lvklart m\u00f6jlighet att ta bort dina uppgifter om du inte vill att vi ska behandla dessa (mer info om det l\u00e4ngre ner). <\/i><i>Vi kommer att samla in f\u00f6ljande personuppgifter; f\u00f6r- och efternamn, leverans- och faktureringsadress, mejladress och telefonnummer. V\u00e5r betalpartner Svea kr\u00e4ver \u00e4ven personnummer (f\u00f6r vissa betalalternativ), betalningsinformation och betalningshistorik. <\/i><i>Detta kommer vi p\u00e5 NeH att beh\u00f6va samla in f\u00f6r att kunna behandla och slutf\u00f6ra din order. Vi p\u00e5 NeH Direkt AB kommer inte att l\u00e4mna vidare dina uppgifter till n\u00e5gon annan utan ditt godk\u00e4nnande. <\/i><\/p> <p><i>N\u00e4r du g\u00f6r ett k\u00f6p i n\u00e5gon av v\u00e5ra shoppar som har Svea Payments som betalmedel, s\u00e5 godk\u00e4nner du Svea's och NeH\u2019s villkor genom att skriva i dina uppgifter och slutf\u00f6ra ditt k\u00f6p.<\/i><\/p> <p><i>Genom att genomf\u00f6ra ett k\u00f6p p\u00e5 n\u00e5gon av v\u00e5ra sidor s\u00e5 kan din mejladress komma att anv\u00e4ndas till mejlutskick. Vill du inte ta del av dessa s\u00e5 kan du sj\u00e4lvklart avs\u00e4ga dig fr\u00e5n dessa genom att klicka i \u201djag vill inte l\u00e4ngre f\u00e5 dessa utskick\u201d i mejlet. <\/i><\/p> <p><i>Genom att genomf\u00f6ra ett k\u00f6p p\u00e5 n\u00e5gon av v\u00e5ra sidor s\u00e5 kan ditt telefonnummer komma att anv\u00e4ndas till sms-utskick. Vill du inte ta del av dessa s\u00e5 kan du sj\u00e4lvklart avs\u00e4ga dig fr\u00e5n dessa genom att klicka i \u201djag vill inte l\u00e4ngre f\u00e5 dessa utskick\u201d, vilket du g\u00f6r via en l\u00e4nk som du f\u00e5r i smset. <\/i><\/p> <p><i>Vill du inte att vi p\u00e5 NeH Direkt AB sparar dina uppgifter i webbshoppen, meddela oss detta via mail. Skicka f\u00f6ljande till <a href=\"mailto:info@nehreklam.se\">info@nehreklam.se<\/a> <\/i><\/p> <p><i>Ditt f\u00f6r- och efternamn, epostadress, vilken shop som du har handlat ifr\u00e5n, samt varf\u00f6r du vill bli borttagen (sistn\u00e4mnda \u00e4r frivilligt i utbildningssyfte).<\/i><\/p> <p><i>VIKTIGT \u00e4r att du meddelar vilken shop du handlat i, har du handlat i flera shoppar som vi p\u00e5 NeH Direkt AB driver s\u00e5 kommer dina uppgifter att sparas i alla dessa shoppar. Vill du bli borttagen fr\u00e5n alla shoppar som du handlat i hos oss \u00e4r det viktigt att du anger de shoppar som det handlar om.<\/i><\/p> <p><strong><i>Returer och byten<br \/><\/i><\/strong><i>Du ska f\u00e5 med en lapp i din f\u00f6rs\u00e4ndelse med information om hur du best\u00e4ller bytes- och retursedlar. Du fyller i denna lapp och l\u00e4gger med i ditt paket som du skickar tillbaka till oss. Du best\u00e4ller retur- och bytessedlar h\u00e4r: <a href=\"http:\/\/nehreklam.se\/eshop\/retur\/\"><strong>nehreklam.se\/eshop\/retur.<\/strong><\/a><\/i><\/p>","_links":{"self":[{"href":"https:\/\/nehreklam.se\/eshop\/orebrosim\/wp-json\/wp\/v2\/pages\/9","targetHints":{"allow":["GET"]}}],"collection":[{"href":"https:\/\/nehreklam.se\/eshop\/orebrosim\/wp-json\/wp\/v2\/pages"}],"about":[{"href":"https:\/\/nehreklam.se\/eshop\/orebrosim\/wp-json\/wp\/v2\/types\/page"}],"author":[{"embeddable":true,"href":"https:\/\/nehreklam.se\/eshop\/orebrosim\/wp-json\/wp\/v2\/users\/1"}],"replies":[{"embeddable":true,"href":"https:\/\/nehreklam.se\/eshop\/orebrosim\/wp-json\/wp\/v2\/comments?post=9"}],"version-history":[{"count":13,"href":"https:\/\/nehreklam.se\/eshop\/orebrosim\/wp-json\/wp\/v2\/pages\/9\/revisions"}],"predecessor-version":[{"id":2316,"href":"https:\/\/nehreklam.se\/eshop\/orebrosim\/wp-json\/wp\/v2\/pages\/9\/revisions\/2316"}],"wp:attachment":[{"href":"https:\/\/nehreklam.se\/eshop\/orebrosim\/wp-json\/wp\/v2\/media?parent=9"}],"curies":[{"name":"wp","href":"https:\/\/api.w.org\/{rel}","templated":true}]}}