{"id":30,"date":"2024-10-04T09:49:52","date_gmt":"2024-10-04T09:49:52","guid":{"rendered":"https:\/\/nehreklam.se\/eshop\/smc\/?page_id=30"},"modified":"2024-12-02T14:37:02","modified_gmt":"2024-12-02T14:37:02","slug":"kontakta-oss","status":"publish","type":"page","link":"https:\/\/nehreklam.se\/eshop\/smc\/kontakta-oss\/","title":{"rendered":"Kontakta oss"},"content":{"rendered":"<!--themify_builder_content-->\n<div id=\"themify_builder_content-30\" data-postid=\"30\" class=\"themify_builder_content themify_builder_content-30 themify_builder tf_clear\">\n    \t\t\t\t<!-- module_row -->\n\t\t<div  data-lazy=\"1\" class=\"module_row themify_builder_row tb_n6pm43 tb_first tf_w tf_clearfix\">\n\t\t\t\t\t<div class=\"row_inner col_align_top tb_col_count_1 tf_box tf_rel\">\n\t\t\t\t\t<div  data-lazy=\"1\" class=\"module_column tb-column col-full tb_ehqo44 first\">\n\t\t\t\t\t\t\t\t\t<div class=\"tb-column-inner tf_box tf_w\">\n\t\t\t\t<!-- module text -->\n<div  class=\"module module-text tb_pnz144   \" data-lazy=\"1\">\n        <div  class=\"tb_text_wrap\">\n    <h2 style=\"text-align: center;\">Kontakta oss<\/h2>    <\/div>\n<\/div>\n<!-- \/module text -->\t\t\t\t<\/div><!-- .tb-column-inner -->\n\t\t\t\t\t\t<\/div><!-- .module_column -->\n\t\t\t\t\t\t<\/div><!-- .row_inner -->\n\t\t<\/div><!-- .module_row -->\n\t\t\t\t\t\t\t\t<!-- module_row -->\n\t\t<div  data-lazy=\"1\" class=\"module_row themify_builder_row tb_6ot5291 tf_w tf_clearfix\">\n\t\t\t\t\t<div class=\"row_inner col_align_top tb_col_count_1 tf_box tf_rel\">\n\t\t\t\t\t<div  data-lazy=\"1\" class=\"module_column tb-column col-full tb_744g292 first\">\n\t\t\t\t\t\t\t\t\t<div class=\"tb-column-inner tf_box tf_w\">\n\t\t\t\t<!-- module text -->\n<div  class=\"module module-text tb_g4ji292   \" data-lazy=\"1\">\n        <div  class=\"tb_text_wrap\">\n    <p style=\"text-align: center;\">Har du fr\u00e5gor och funderingar?<br>V\u00e4lkommen att kontakta oss p\u00e5 <a href=\"mailto:info@nehreklam.se\">info@nehreklam.se<\/a><br>eller skicka in din fr\u00e5ga via v\u00e5rt fr\u00e5geformul\u00e4r:<br><a href=\"https:\/\/nehreklam.se\/eshop\/retur\/vanliga-fragor-kontakt\/\"><strong>Fr\u00e5geformul\u00e4r &#8211; klicka h\u00e4r<\/strong><\/a><\/p>\n<p style=\"text-align: center;\">Vi svarar vanligtvis direkt, men senast 48 timmar efter din fr\u00e5ga kommit in till oss (under arbetsdagar).<\/p>    <\/div>\n<\/div>\n<!-- \/module text -->\t\t\t\t<\/div><!-- .tb-column-inner -->\n\t\t\t\t\t\t<\/div><!-- .module_column -->\n\t\t\t\t\t\t<\/div><!-- .row_inner -->\n\t\t<\/div><!-- .module_row -->\n\t\t\t\t<\/div>\n<!--\/themify_builder_content-->","protected":false},"excerpt":{"rendered":"<p>Kontakta oss Har du fr\u00e5gor och funderingar?V\u00e4lkommen att kontakta oss p\u00e5 info@nehreklam.seeller [&hellip;]<\/p>\n","protected":false},"author":1,"featured_media":0,"parent":0,"menu_order":0,"comment_status":"closed","ping_status":"closed","template":"","meta":{"_uag_custom_page_level_css":"","footnotes":""},"class_list":["post-30","page","type-page","status-publish","hentry","has-post-title","has-post-date","has-post-category","has-post-tag","has-post-comment","has-post-author",""],"uagb_featured_image_src":{"full":false,"thumbnail":false,"medium":false,"medium_large":false,"large":false,"1536x1536":false,"2048x2048":false,"woocommerce_thumbnail":false,"woocommerce_single":false,"woocommerce_gallery_thumbnail":false},"uagb_author_info":{"display_name":"neh-julsacken","author_link":"https:\/\/nehreklam.se\/eshop\/smc\/author\/neh-julsacken\/"},"uagb_comment_info":0,"uagb_excerpt":"Kontakta oss Har du fr\u00e5gor och funderingar?V\u00e4lkommen att kontakta oss p\u00e5 info@nehreklam.seeller [&hellip;]","builder_content":"<h2 style=\"text-align: center;\">Kontakta oss<\/h2>\n<p style=\"text-align: center;\">Har du fr\u00e5gor och funderingar?<br>V\u00e4lkommen att kontakta oss p\u00e5 <a href=\"mailto:info@nehreklam.se\">info@nehreklam.se<\/a><br>eller skicka in din fr\u00e5ga via v\u00e5rt fr\u00e5geformul\u00e4r:<br><a href=\"https:\/\/nehreklam.se\/eshop\/retur\/vanliga-fragor-kontakt\/\"><strong>Fr\u00e5geformul\u00e4r - klicka h\u00e4r<\/strong><\/a><\/p> <p style=\"text-align: center;\">Vi svarar vanligtvis direkt, men senast 48 timmar efter din fr\u00e5ga kommit in till oss (under arbetsdagar).<\/p>","_links":{"self":[{"href":"https:\/\/nehreklam.se\/eshop\/smc\/wp-json\/wp\/v2\/pages\/30","targetHints":{"allow":["GET"]}}],"collection":[{"href":"https:\/\/nehreklam.se\/eshop\/smc\/wp-json\/wp\/v2\/pages"}],"about":[{"href":"https:\/\/nehreklam.se\/eshop\/smc\/wp-json\/wp\/v2\/types\/page"}],"author":[{"embeddable":true,"href":"https:\/\/nehreklam.se\/eshop\/smc\/wp-json\/wp\/v2\/users\/1"}],"replies":[{"embeddable":true,"href":"https:\/\/nehreklam.se\/eshop\/smc\/wp-json\/wp\/v2\/comments?post=30"}],"version-history":[{"count":6,"href":"https:\/\/nehreklam.se\/eshop\/smc\/wp-json\/wp\/v2\/pages\/30\/revisions"}],"predecessor-version":[{"id":561,"href":"https:\/\/nehreklam.se\/eshop\/smc\/wp-json\/wp\/v2\/pages\/30\/revisions\/561"}],"wp:attachment":[{"href":"https:\/\/nehreklam.se\/eshop\/smc\/wp-json\/wp\/v2\/media?parent=30"}],"curies":[{"name":"wp","href":"https:\/\/api.w.org\/{rel}","templated":true}]}}