{"id":1057,"date":"2025-05-07T11:44:00","date_gmt":"2025-05-07T11:44:00","guid":{"rendered":"https:\/\/nehreklam.se\/eshop\/smc\/?post_type=product&#038;p=1057"},"modified":"2025-12-15T11:21:46","modified_gmt":"2025-12-15T11:21:46","slug":"fleeceponcho-smc","status":"publish","type":"product","link":"https:\/\/nehreklam.se\/eshop\/smc\/produkt\/fleeceponcho-smc\/","title":{"rendered":"Fleeceponcho, SMC"},"content":{"rendered":"<!--themify_builder_content-->\n<div id=\"themify_builder_content-1057\" data-postid=\"1057\" class=\"themify_builder_content themify_builder_content-1057 themify_builder tf_clear\">\n    <\/div>\n<!--\/themify_builder_content-->\n","protected":false},"excerpt":{"rendered":"<p>En enkel och slitstark poncho i varm och sk\u00f6n fleece. Perfekt att dra om sig n\u00e4r kylan kommer krypandes p\u00e5 sommarkv\u00e4llen. Passar \u00e4ven fint i soffan f\u00f6r mys framf\u00f6r brasan.<\/p>\n<p><strong>Storlek<\/strong>: 120&#215;160 cm<br \/>\n<strong>F\u00f6r\u00e4dling<\/strong>: Broderad logga<\/p>\n","protected":false},"featured_media":1040,"template":"","meta":{"_uag_custom_page_level_css":""},"product_brand":[],"product_cat":[145,46,148],"product_tag":[],"class_list":{"0":"post-1057","1":"product","2":"type-product","3":"status-publish","4":"has-post-thumbnail","6":"product_cat-host","7":"product_cat-ovrigt","8":"product_cat-vinter","9":"has-post-title","10":"has-post-date","11":"has-post-category","12":"has-post-tag","13":"has-post-comment","14":"has-post-author","15":"","17":"first","18":"instock","19":"taxable","20":"shipping-taxable","21":"purchasable","22":"product-type-simple"},"uagb_featured_image_src":{"full":["https:\/\/nehreklam.se\/eshop\/smc\/wp-content\/uploads\/2025\/05\/Fleeceponcho-Navy-SMC.jpg",850,850,false],"thumbnail":["https:\/\/nehreklam.se\/eshop\/smc\/wp-content\/uploads\/2025\/05\/Fleeceponcho-Navy-SMC-150x150.jpg",150,150,true],"medium":["https:\/\/nehreklam.se\/eshop\/smc\/wp-content\/uploads\/2025\/05\/Fleeceponcho-Navy-SMC-300x300.jpg",300,300,true],"medium_large":["https:\/\/nehreklam.se\/eshop\/smc\/wp-content\/uploads\/2025\/05\/Fleeceponcho-Navy-SMC-768x768.jpg",768,768,true],"large":["https:\/\/nehreklam.se\/eshop\/smc\/wp-content\/uploads\/2025\/05\/Fleeceponcho-Navy-SMC.jpg",850,850,false],"1536x1536":["https:\/\/nehreklam.se\/eshop\/smc\/wp-content\/uploads\/2025\/05\/Fleeceponcho-Navy-SMC.jpg",850,850,false],"2048x2048":["https:\/\/nehreklam.se\/eshop\/smc\/wp-content\/uploads\/2025\/05\/Fleeceponcho-Navy-SMC.jpg",850,850,false],"woocommerce_thumbnail":["https:\/\/nehreklam.se\/eshop\/smc\/wp-content\/uploads\/2025\/05\/Fleeceponcho-Navy-SMC-300x300.jpg",300,300,true],"woocommerce_single":["https:\/\/nehreklam.se\/eshop\/smc\/wp-content\/uploads\/2025\/05\/Fleeceponcho-Navy-SMC-600x600.jpg",600,600,true],"woocommerce_gallery_thumbnail":["https:\/\/nehreklam.se\/eshop\/smc\/wp-content\/uploads\/2025\/05\/Fleeceponcho-Navy-SMC-100x100.jpg",100,100,true]},"uagb_author_info":{"display_name":"neh-smc","author_link":"https:\/\/nehreklam.se\/eshop\/smc\/author\/"},"uagb_comment_info":0,"uagb_excerpt":"En enkel och slitstark poncho i varm och sk\u00f6n fleece. Perfekt att dra om sig n\u00e4r kylan kommer krypandes p\u00e5 sommarkv\u00e4llen. Passar \u00e4ven fint i soffan f\u00f6r mys framf\u00f6r brasan. Storlek: 120x160 cm F\u00f6r\u00e4dling: Broderad logga","builder_content":"","_links":{"self":[{"href":"https:\/\/nehreklam.se\/eshop\/smc\/wp-json\/wp\/v2\/product\/1057","targetHints":{"allow":["GET"]}}],"collection":[{"href":"https:\/\/nehreklam.se\/eshop\/smc\/wp-json\/wp\/v2\/product"}],"about":[{"href":"https:\/\/nehreklam.se\/eshop\/smc\/wp-json\/wp\/v2\/types\/product"}],"wp:featuredmedia":[{"embeddable":true,"href":"https:\/\/nehreklam.se\/eshop\/smc\/wp-json\/wp\/v2\/media\/1040"}],"wp:attachment":[{"href":"https:\/\/nehreklam.se\/eshop\/smc\/wp-json\/wp\/v2\/media?parent=1057"}],"wp:term":[{"taxonomy":"product_brand","embeddable":true,"href":"https:\/\/nehreklam.se\/eshop\/smc\/wp-json\/wp\/v2\/product_brand?post=1057"},{"taxonomy":"product_cat","embeddable":true,"href":"https:\/\/nehreklam.se\/eshop\/smc\/wp-json\/wp\/v2\/product_cat?post=1057"},{"taxonomy":"product_tag","embeddable":true,"href":"https:\/\/nehreklam.se\/eshop\/smc\/wp-json\/wp\/v2\/product_tag?post=1057"}],"curies":[{"name":"wp","href":"https:\/\/api.w.org\/{rel}","templated":true}]}}