{"id":1204,"date":"2025-08-25T09:14:04","date_gmt":"2025-08-25T09:14:04","guid":{"rendered":"https:\/\/nehreklam.se\/eshop\/smc\/?post_type=product&#038;p=1204"},"modified":"2025-10-02T09:25:33","modified_gmt":"2025-10-02T09:25:33","slug":"huvjacka-smc","status":"publish","type":"product","link":"https:\/\/nehreklam.se\/eshop\/smc\/produkt\/huvjacka-smc\/","title":{"rendered":"Huvjacka, SMC"},"content":{"rendered":"<!--themify_builder_content-->\n<div id=\"themify_builder_content-1204\" data-postid=\"1204\" class=\"themify_builder_content themify_builder_content-1204 themify_builder tf_clear\">\n    <\/div>\n<!--\/themify_builder_content-->\n","protected":false},"excerpt":{"rendered":"<p>En trevlig huvjacka i ett mjukt bondat tyg d\u00e4r polyestern \u00e5tervinns. Utrustad med tv\u00e5 dolda sidfickor med dragkedja och tv\u00e5 innerfickor. Muddar i tyg och nederkant med elastiskt band. L\u00e5sbar dragsko f\u00f6r en justerbar huva. Finns i b\u00e5de dam- och herrstorlekar.<\/p>\n<p><a href=\"https:\/\/nehstore.com\/klubb\/storlekstabell-hood-hayden\/\">Storlekstabell<\/a><\/p>\n<div>\n<div class=\"sc-s31epd-0 dmFsCg d-inline f3-700 mr-1\"><strong>Material:<\/strong> 50% spun dyed polyester, 24% \u00e5tervunnen polyester, 20% viskos och 6% elastan<\/div>\n<\/div>\n<div>\n<div class=\"sc-s31epd-0 dmFsCg d-inline f3-700 mr-1\"><strong>Vikt:<\/strong> 300 g\/m2<br \/>\n<strong>F\u00f6r\u00e4dling:<\/strong> Broderad logga<\/div>\n<\/div>\n","protected":false},"featured_media":1207,"template":"","meta":{"_uag_custom_page_level_css":""},"product_brand":[],"product_cat":[145,44],"product_tag":[],"class_list":{"0":"post-1204","1":"product","2":"type-product","3":"status-publish","4":"has-post-thumbnail","6":"product_cat-host","7":"product_cat-klader","8":"has-post-title","9":"has-post-date","10":"has-post-category","11":"has-post-tag","12":"has-post-comment","13":"has-post-author","14":"","16":"first","17":"instock","18":"taxable","19":"shipping-taxable","20":"purchasable","21":"product-type-variable"},"uagb_featured_image_src":{"full":["https:\/\/nehreklam.se\/eshop\/smc\/wp-content\/uploads\/2025\/08\/HoodZip-Svart-SMC.jpg",1000,1000,false],"thumbnail":["https:\/\/nehreklam.se\/eshop\/smc\/wp-content\/uploads\/2025\/08\/HoodZip-Svart-SMC-150x150.jpg",150,150,true],"medium":["https:\/\/nehreklam.se\/eshop\/smc\/wp-content\/uploads\/2025\/08\/HoodZip-Svart-SMC-300x300.jpg",300,300,true],"medium_large":["https:\/\/nehreklam.se\/eshop\/smc\/wp-content\/uploads\/2025\/08\/HoodZip-Svart-SMC-768x768.jpg",768,768,true],"large":["https:\/\/nehreklam.se\/eshop\/smc\/wp-content\/uploads\/2025\/08\/HoodZip-Svart-SMC.jpg",1000,1000,false],"1536x1536":["https:\/\/nehreklam.se\/eshop\/smc\/wp-content\/uploads\/2025\/08\/HoodZip-Svart-SMC.jpg",1000,1000,false],"2048x2048":["https:\/\/nehreklam.se\/eshop\/smc\/wp-content\/uploads\/2025\/08\/HoodZip-Svart-SMC.jpg",1000,1000,false],"woocommerce_thumbnail":["https:\/\/nehreklam.se\/eshop\/smc\/wp-content\/uploads\/2025\/08\/HoodZip-Svart-SMC-300x300.jpg",300,300,true],"woocommerce_single":["https:\/\/nehreklam.se\/eshop\/smc\/wp-content\/uploads\/2025\/08\/HoodZip-Svart-SMC-600x600.jpg",600,600,true],"woocommerce_gallery_thumbnail":["https:\/\/nehreklam.se\/eshop\/smc\/wp-content\/uploads\/2025\/08\/HoodZip-Svart-SMC-100x100.jpg",100,100,true]},"uagb_author_info":{"display_name":"neh-smc","author_link":"https:\/\/nehreklam.se\/eshop\/smc\/author\/"},"uagb_comment_info":0,"uagb_excerpt":"En trevlig huvjacka i ett mjukt bondat tyg d\u00e4r polyestern \u00e5tervinns. Utrustad med tv\u00e5 dolda sidfickor med dragkedja och tv\u00e5 innerfickor. Muddar i tyg och nederkant med elastiskt band. L\u00e5sbar dragsko f\u00f6r en justerbar huva. Finns i b\u00e5de dam- och herrstorlekar. Storlekstabell Material: 50% spun dyed polyester, 24% \u00e5tervunnen polyester, 20% viskos och 6% elastan&hellip;","builder_content":"","_links":{"self":[{"href":"https:\/\/nehreklam.se\/eshop\/smc\/wp-json\/wp\/v2\/product\/1204","targetHints":{"allow":["GET"]}}],"collection":[{"href":"https:\/\/nehreklam.se\/eshop\/smc\/wp-json\/wp\/v2\/product"}],"about":[{"href":"https:\/\/nehreklam.se\/eshop\/smc\/wp-json\/wp\/v2\/types\/product"}],"wp:featuredmedia":[{"embeddable":true,"href":"https:\/\/nehreklam.se\/eshop\/smc\/wp-json\/wp\/v2\/media\/1207"}],"wp:attachment":[{"href":"https:\/\/nehreklam.se\/eshop\/smc\/wp-json\/wp\/v2\/media?parent=1204"}],"wp:term":[{"taxonomy":"product_brand","embeddable":true,"href":"https:\/\/nehreklam.se\/eshop\/smc\/wp-json\/wp\/v2\/product_brand?post=1204"},{"taxonomy":"product_cat","embeddable":true,"href":"https:\/\/nehreklam.se\/eshop\/smc\/wp-json\/wp\/v2\/product_cat?post=1204"},{"taxonomy":"product_tag","embeddable":true,"href":"https:\/\/nehreklam.se\/eshop\/smc\/wp-json\/wp\/v2\/product_tag?post=1204"}],"curies":[{"name":"wp","href":"https:\/\/api.w.org\/{rel}","templated":true}]}}