{"id":1284,"date":"2025-09-18T13:49:03","date_gmt":"2025-09-18T13:49:03","guid":{"rendered":"https:\/\/nehreklam.se\/eshop\/smc\/?post_type=product&#038;p=1284"},"modified":"2025-12-15T11:21:35","modified_gmt":"2025-12-15T11:21:35","slug":"jacka-premium-smc","status":"publish","type":"product","link":"https:\/\/nehreklam.se\/eshop\/smc\/produkt\/jacka-premium-smc\/","title":{"rendered":"Jacka Premium, SMC"},"content":{"rendered":"<!--themify_builder_content-->\n<div id=\"themify_builder_content-1284\" data-postid=\"1284\" class=\"themify_builder_content themify_builder_content-1284 themify_builder tf_clear\">\n    <\/div>\n<!--\/themify_builder_content-->\n","protected":false},"excerpt":{"rendered":"<p>En varm och l\u00e4tt jacka med dunliknande vaddering. Tillverkad av 100% \u00e5tervunnen polyamid. Avtagbar huva, tre ytterfickor med dragkedjor och tv\u00e5 innerfickor. Elastiskt avslut i nederkant samt \u00e4rmar. Utrustad med f\u00e4rgade zippullers, h\u00f6rlursl\u00f6sning och dragkedja. Passar till alla \u00e5rstider.<br \/>\nFinns i dam- och herrstorlekar.<\/p>\n<div>\n<div class=\"sc-s31epd-0 dytKe d-inline f3-700 mr-1\"><strong>Material:<\/strong> Skal: 100% \u00e5tervunnen polyamid. Vaddering: 100% \u00e5tervunnen polyester. Foder: 100% \u00e5tervunnen polyester<br \/>\n<strong>F\u00f6r\u00e4dling:<\/strong> broderad logga<\/div>\n<\/div>\n","protected":false},"featured_media":1280,"template":"","meta":{"_uag_custom_page_level_css":""},"product_brand":[],"product_cat":[145,44,148],"product_tag":[],"class_list":{"0":"post-1284","1":"product","2":"type-product","3":"status-publish","4":"has-post-thumbnail","6":"product_cat-host","7":"product_cat-klader","8":"product_cat-vinter","9":"has-post-title","10":"has-post-date","11":"has-post-category","12":"has-post-tag","13":"has-post-comment","14":"has-post-author","15":"","17":"first","18":"instock","19":"taxable","20":"shipping-taxable","21":"purchasable","22":"product-type-variable"},"uagb_featured_image_src":{"full":["https:\/\/nehreklam.se\/eshop\/smc\/wp-content\/uploads\/2025\/09\/JackaPremium-Svart.jpg",850,850,false],"thumbnail":["https:\/\/nehreklam.se\/eshop\/smc\/wp-content\/uploads\/2025\/09\/JackaPremium-Svart-150x150.jpg",150,150,true],"medium":["https:\/\/nehreklam.se\/eshop\/smc\/wp-content\/uploads\/2025\/09\/JackaPremium-Svart-300x300.jpg",300,300,true],"medium_large":["https:\/\/nehreklam.se\/eshop\/smc\/wp-content\/uploads\/2025\/09\/JackaPremium-Svart-768x768.jpg",768,768,true],"large":["https:\/\/nehreklam.se\/eshop\/smc\/wp-content\/uploads\/2025\/09\/JackaPremium-Svart.jpg",850,850,false],"1536x1536":["https:\/\/nehreklam.se\/eshop\/smc\/wp-content\/uploads\/2025\/09\/JackaPremium-Svart.jpg",850,850,false],"2048x2048":["https:\/\/nehreklam.se\/eshop\/smc\/wp-content\/uploads\/2025\/09\/JackaPremium-Svart.jpg",850,850,false],"woocommerce_thumbnail":["https:\/\/nehreklam.se\/eshop\/smc\/wp-content\/uploads\/2025\/09\/JackaPremium-Svart-300x300.jpg",300,300,true],"woocommerce_single":["https:\/\/nehreklam.se\/eshop\/smc\/wp-content\/uploads\/2025\/09\/JackaPremium-Svart-600x600.jpg",600,600,true],"woocommerce_gallery_thumbnail":["https:\/\/nehreklam.se\/eshop\/smc\/wp-content\/uploads\/2025\/09\/JackaPremium-Svart-100x100.jpg",100,100,true]},"uagb_author_info":{"display_name":"neh-smc","author_link":"https:\/\/nehreklam.se\/eshop\/smc\/author\/"},"uagb_comment_info":0,"uagb_excerpt":"En varm och l\u00e4tt jacka med dunliknande vaddering. Tillverkad av 100% \u00e5tervunnen polyamid. Avtagbar huva, tre ytterfickor med dragkedjor och tv\u00e5 innerfickor. Elastiskt avslut i nederkant samt \u00e4rmar. Utrustad med f\u00e4rgade zippullers, h\u00f6rlursl\u00f6sning och dragkedja. Passar till alla \u00e5rstider. Finns i dam- och herrstorlekar. Material: Skal: 100% \u00e5tervunnen polyamid. Vaddering: 100% \u00e5tervunnen polyester. Foder: 100%&hellip;","builder_content":"","_links":{"self":[{"href":"https:\/\/nehreklam.se\/eshop\/smc\/wp-json\/wp\/v2\/product\/1284","targetHints":{"allow":["GET"]}}],"collection":[{"href":"https:\/\/nehreklam.se\/eshop\/smc\/wp-json\/wp\/v2\/product"}],"about":[{"href":"https:\/\/nehreklam.se\/eshop\/smc\/wp-json\/wp\/v2\/types\/product"}],"wp:featuredmedia":[{"embeddable":true,"href":"https:\/\/nehreklam.se\/eshop\/smc\/wp-json\/wp\/v2\/media\/1280"}],"wp:attachment":[{"href":"https:\/\/nehreklam.se\/eshop\/smc\/wp-json\/wp\/v2\/media?parent=1284"}],"wp:term":[{"taxonomy":"product_brand","embeddable":true,"href":"https:\/\/nehreklam.se\/eshop\/smc\/wp-json\/wp\/v2\/product_brand?post=1284"},{"taxonomy":"product_cat","embeddable":true,"href":"https:\/\/nehreklam.se\/eshop\/smc\/wp-json\/wp\/v2\/product_cat?post=1284"},{"taxonomy":"product_tag","embeddable":true,"href":"https:\/\/nehreklam.se\/eshop\/smc\/wp-json\/wp\/v2\/product_tag?post=1284"}],"curies":[{"name":"wp","href":"https:\/\/api.w.org\/{rel}","templated":true}]}}