{"id":1287,"date":"2025-09-18T13:52:34","date_gmt":"2025-09-18T13:52:34","guid":{"rendered":"https:\/\/nehreklam.se\/eshop\/smc\/?post_type=product&#038;p=1287"},"modified":"2025-12-15T11:21:25","modified_gmt":"2025-12-15T11:21:25","slug":"fleece-premium-smc","status":"publish","type":"product","link":"https:\/\/nehreklam.se\/eshop\/smc\/produkt\/fleece-premium-smc\/","title":{"rendered":"Fleece Premium, SMC"},"content":{"rendered":"<!--themify_builder_content-->\n<div id=\"themify_builder_content-1287\" data-postid=\"1287\" class=\"themify_builder_content themify_builder_content-1287 themify_builder tf_clear\">\n    <\/div>\n<!--\/themify_builder_content-->\n","protected":false},"excerpt":{"rendered":"<p>En Cutter&amp;Buck-fleecetr\u00f6ja som \u00e4r exceptionellt mjuk och som har fukttransporterande andningsf\u00f6rm\u00e5ga. Utrustad med en m\u00e5ngsidig knappsl\u00e5 \u00e4r den konstruerad f\u00f6r exceptionell m\u00e5ngsidighet, vilket s\u00e4kerst\u00e4ller att den blir din favorittr\u00f6ja f\u00f6r alla dina aktiva syssels\u00e4ttningar. Fleecen \u00e4r tillverkad av ett sk\u00f6nt, h\u00f6gkvalitativt material i 100% \u00e5tervunnen polyester.<br \/>\nFinns i dam- och herrstorlekar.<\/p>\n<div>\n<div class=\"sc-s31epd-0 dytKe d-inline f3-700 mr-1\"><strong>Material:<\/strong> 100% \u00e5tervunnen polyester, 195 g\/m\u00b2<br \/>\n<strong>F\u00f6r\u00e4dling:<\/strong> broderad logga<\/div>\n<\/div>\n","protected":false},"featured_media":1276,"template":"","meta":{"_uag_custom_page_level_css":""},"product_brand":[],"product_cat":[145,44,148],"product_tag":[],"class_list":{"0":"post-1287","1":"product","2":"type-product","3":"status-publish","4":"has-post-thumbnail","6":"product_cat-host","7":"product_cat-klader","8":"product_cat-vinter","9":"has-post-title","10":"has-post-date","11":"has-post-category","12":"has-post-tag","13":"has-post-comment","14":"has-post-author","15":"","17":"first","18":"instock","19":"taxable","20":"shipping-taxable","21":"purchasable","22":"product-type-variable"},"uagb_featured_image_src":{"full":["https:\/\/nehreklam.se\/eshop\/smc\/wp-content\/uploads\/2025\/09\/FleecePremium-Svart.jpg",850,850,false],"thumbnail":["https:\/\/nehreklam.se\/eshop\/smc\/wp-content\/uploads\/2025\/09\/FleecePremium-Svart-150x150.jpg",150,150,true],"medium":["https:\/\/nehreklam.se\/eshop\/smc\/wp-content\/uploads\/2025\/09\/FleecePremium-Svart-300x300.jpg",300,300,true],"medium_large":["https:\/\/nehreklam.se\/eshop\/smc\/wp-content\/uploads\/2025\/09\/FleecePremium-Svart-768x768.jpg",768,768,true],"large":["https:\/\/nehreklam.se\/eshop\/smc\/wp-content\/uploads\/2025\/09\/FleecePremium-Svart.jpg",850,850,false],"1536x1536":["https:\/\/nehreklam.se\/eshop\/smc\/wp-content\/uploads\/2025\/09\/FleecePremium-Svart.jpg",850,850,false],"2048x2048":["https:\/\/nehreklam.se\/eshop\/smc\/wp-content\/uploads\/2025\/09\/FleecePremium-Svart.jpg",850,850,false],"woocommerce_thumbnail":["https:\/\/nehreklam.se\/eshop\/smc\/wp-content\/uploads\/2025\/09\/FleecePremium-Svart-300x300.jpg",300,300,true],"woocommerce_single":["https:\/\/nehreklam.se\/eshop\/smc\/wp-content\/uploads\/2025\/09\/FleecePremium-Svart-600x600.jpg",600,600,true],"woocommerce_gallery_thumbnail":["https:\/\/nehreklam.se\/eshop\/smc\/wp-content\/uploads\/2025\/09\/FleecePremium-Svart-100x100.jpg",100,100,true]},"uagb_author_info":{"display_name":"neh-smc","author_link":"https:\/\/nehreklam.se\/eshop\/smc\/author\/"},"uagb_comment_info":0,"uagb_excerpt":"En Cutter&amp;Buck-fleecetr\u00f6ja som \u00e4r exceptionellt mjuk och som har fukttransporterande andningsf\u00f6rm\u00e5ga. Utrustad med en m\u00e5ngsidig knappsl\u00e5 \u00e4r den konstruerad f\u00f6r exceptionell m\u00e5ngsidighet, vilket s\u00e4kerst\u00e4ller att den blir din favorittr\u00f6ja f\u00f6r alla dina aktiva syssels\u00e4ttningar. Fleecen \u00e4r tillverkad av ett sk\u00f6nt, h\u00f6gkvalitativt material i 100% \u00e5tervunnen polyester. Finns i dam- och herrstorlekar. Material: 100% \u00e5tervunnen polyester,&hellip;","builder_content":"","_links":{"self":[{"href":"https:\/\/nehreklam.se\/eshop\/smc\/wp-json\/wp\/v2\/product\/1287","targetHints":{"allow":["GET"]}}],"collection":[{"href":"https:\/\/nehreklam.se\/eshop\/smc\/wp-json\/wp\/v2\/product"}],"about":[{"href":"https:\/\/nehreklam.se\/eshop\/smc\/wp-json\/wp\/v2\/types\/product"}],"wp:featuredmedia":[{"embeddable":true,"href":"https:\/\/nehreklam.se\/eshop\/smc\/wp-json\/wp\/v2\/media\/1276"}],"wp:attachment":[{"href":"https:\/\/nehreklam.se\/eshop\/smc\/wp-json\/wp\/v2\/media?parent=1287"}],"wp:term":[{"taxonomy":"product_brand","embeddable":true,"href":"https:\/\/nehreklam.se\/eshop\/smc\/wp-json\/wp\/v2\/product_brand?post=1287"},{"taxonomy":"product_cat","embeddable":true,"href":"https:\/\/nehreklam.se\/eshop\/smc\/wp-json\/wp\/v2\/product_cat?post=1287"},{"taxonomy":"product_tag","embeddable":true,"href":"https:\/\/nehreklam.se\/eshop\/smc\/wp-json\/wp\/v2\/product_tag?post=1287"}],"curies":[{"name":"wp","href":"https:\/\/api.w.org\/{rel}","templated":true}]}}