{"id":1484,"date":"2026-01-29T08:58:59","date_gmt":"2026-01-29T08:58:59","guid":{"rendered":"https:\/\/nehreklam.se\/eshop\/smc\/?post_type=product&#038;p=1484"},"modified":"2026-01-29T08:59:00","modified_gmt":"2026-01-29T08:59:00","slug":"hood-premium-smc-ung","status":"publish","type":"product","link":"https:\/\/nehreklam.se\/eshop\/smc\/produkt\/hood-premium-smc-ung\/","title":{"rendered":"Hood premium, SMC UNG"},"content":{"rendered":"<!--themify_builder_content-->\n<div id=\"themify_builder_content-1484\" data-postid=\"1484\" class=\"themify_builder_content themify_builder_content-1484 themify_builder tf_clear\">\n    <\/div>\n<!--\/themify_builder_content-->\n","protected":false},"excerpt":{"rendered":"<p>Unisex hoodie \u00e4r tillverkad av en blandning av 80 % ekologisk bomull och 20 % \u00e5tervunnen polyester, vilket ger en mjuk och bekv\u00e4m passform med en tygvikt p\u00e5 350 g\/m\u00b2. Den har justerbar huva med dragsko, ribbade muddar och nederkant i 2&#215;1-ribb. Hoodien \u00e4r enzymtv\u00e4ttad f\u00f6r en mjuk, l\u00e4tt sliten k\u00e4nsla.<\/p>\n<p><em>Plagget \u00e4r sytt med EcoVerde-garn, tillverkat av 100 % \u00e5tervunnen polyester.<\/em><br \/>\n<em>Tyget \u00e4r certifierat enligt OCS som ekologiskt odlad bomull och RCS-certifierad \u00e5tervunnen polyester.<\/em><br \/>\n<em>Certifierad OEKO-TEX\u00ae MADE IN GREEN, vilket garanterar s\u00e4kerhet, transparens och ansvarsfull produktion. (OEKO-TEX STANDARD 100 + OEKO-TEX STeP)<\/em><br \/>\n<em>PETA-godk\u00e4nd vegansk produkt, vilket inneb\u00e4r att inga animaliska material anv\u00e4nds.<\/em><\/p>\n<p><strong>F\u00f6r\u00e4dling<\/strong>: tryckta loggor<\/p>\n","protected":false},"featured_media":1474,"template":"","meta":{"_uag_custom_page_level_css":""},"product_brand":[],"product_cat":[149],"product_tag":[],"class_list":{"0":"post-1484","1":"product","2":"type-product","3":"status-publish","4":"has-post-thumbnail","6":"product_cat-smc-ung","7":"has-post-title","8":"has-post-date","9":"has-post-category","10":"has-post-tag","11":"has-post-comment","12":"has-post-author","13":"","15":"first","16":"instock","17":"taxable","18":"shipping-taxable","19":"purchasable","20":"product-type-variable"},"uagb_featured_image_src":{"full":["https:\/\/nehreklam.se\/eshop\/smc\/wp-content\/uploads\/2026\/01\/Hoodfront-SMCUNG.jpg",850,850,false],"thumbnail":["https:\/\/nehreklam.se\/eshop\/smc\/wp-content\/uploads\/2026\/01\/Hoodfront-SMCUNG-150x150.jpg",150,150,true],"medium":["https:\/\/nehreklam.se\/eshop\/smc\/wp-content\/uploads\/2026\/01\/Hoodfront-SMCUNG-300x300.jpg",300,300,true],"medium_large":["https:\/\/nehreklam.se\/eshop\/smc\/wp-content\/uploads\/2026\/01\/Hoodfront-SMCUNG-768x768.jpg",768,768,true],"large":["https:\/\/nehreklam.se\/eshop\/smc\/wp-content\/uploads\/2026\/01\/Hoodfront-SMCUNG.jpg",850,850,false],"1536x1536":["https:\/\/nehreklam.se\/eshop\/smc\/wp-content\/uploads\/2026\/01\/Hoodfront-SMCUNG.jpg",850,850,false],"2048x2048":["https:\/\/nehreklam.se\/eshop\/smc\/wp-content\/uploads\/2026\/01\/Hoodfront-SMCUNG.jpg",850,850,false],"woocommerce_thumbnail":["https:\/\/nehreklam.se\/eshop\/smc\/wp-content\/uploads\/2026\/01\/Hoodfront-SMCUNG-300x300.jpg",300,300,true],"woocommerce_single":["https:\/\/nehreklam.se\/eshop\/smc\/wp-content\/uploads\/2026\/01\/Hoodfront-SMCUNG-600x600.jpg",600,600,true],"woocommerce_gallery_thumbnail":["https:\/\/nehreklam.se\/eshop\/smc\/wp-content\/uploads\/2026\/01\/Hoodfront-SMCUNG-100x100.jpg",100,100,true]},"uagb_author_info":{"display_name":"neh-smc","author_link":"https:\/\/nehreklam.se\/eshop\/smc\/author\/"},"uagb_comment_info":0,"uagb_excerpt":"Unisex hoodie \u00e4r tillverkad av en blandning av 80 % ekologisk bomull och 20 % \u00e5tervunnen polyester, vilket ger en mjuk och bekv\u00e4m passform med en tygvikt p\u00e5 350 g\/m\u00b2. Den har justerbar huva med dragsko, ribbade muddar och nederkant i 2x1-ribb. Hoodien \u00e4r enzymtv\u00e4ttad f\u00f6r en mjuk, l\u00e4tt sliten k\u00e4nsla. Plagget \u00e4r sytt med&hellip;","builder_content":"","_links":{"self":[{"href":"https:\/\/nehreklam.se\/eshop\/smc\/wp-json\/wp\/v2\/product\/1484","targetHints":{"allow":["GET"]}}],"collection":[{"href":"https:\/\/nehreklam.se\/eshop\/smc\/wp-json\/wp\/v2\/product"}],"about":[{"href":"https:\/\/nehreklam.se\/eshop\/smc\/wp-json\/wp\/v2\/types\/product"}],"wp:featuredmedia":[{"embeddable":true,"href":"https:\/\/nehreklam.se\/eshop\/smc\/wp-json\/wp\/v2\/media\/1474"}],"wp:attachment":[{"href":"https:\/\/nehreklam.se\/eshop\/smc\/wp-json\/wp\/v2\/media?parent=1484"}],"wp:term":[{"taxonomy":"product_brand","embeddable":true,"href":"https:\/\/nehreklam.se\/eshop\/smc\/wp-json\/wp\/v2\/product_brand?post=1484"},{"taxonomy":"product_cat","embeddable":true,"href":"https:\/\/nehreklam.se\/eshop\/smc\/wp-json\/wp\/v2\/product_cat?post=1484"},{"taxonomy":"product_tag","embeddable":true,"href":"https:\/\/nehreklam.se\/eshop\/smc\/wp-json\/wp\/v2\/product_tag?post=1484"}],"curies":[{"name":"wp","href":"https:\/\/api.w.org\/{rel}","templated":true}]}}