{"id":1488,"date":"2026-01-29T09:08:02","date_gmt":"2026-01-29T09:08:02","guid":{"rendered":"https:\/\/nehreklam.se\/eshop\/smc\/?post_type=product&#038;p=1488"},"modified":"2026-01-29T09:10:29","modified_gmt":"2026-01-29T09:10:29","slug":"t-shirt-black-smc-ung","status":"publish","type":"product","link":"https:\/\/nehreklam.se\/eshop\/smc\/produkt\/t-shirt-black-smc-ung\/","title":{"rendered":"T-shirt Black, SMC UNG"},"content":{"rendered":"<!--themify_builder_content-->\n<div id=\"themify_builder_content-1488\" data-postid=\"1488\" class=\"themify_builder_content themify_builder_content-1488 themify_builder tf_clear\">\n    <\/div>\n<!--\/themify_builder_content-->\n","protected":false},"excerpt":{"rendered":"<div id=\"product-details-description\" class=\"tab-pane active\">\n<div class=\"description\">\n<p>Tillverkad av 100 % ekologisk bomull \u2013 denna unisex T-shirt med en tygvikt p\u00e5 180 g\/m\u00b2 har en l\u00f6s passform f\u00f6r en avslappnad stil. Den \u00e4r avslutad med klassisk rund hals och rena f\u00e5llar.<\/p>\n<\/div>\n<\/div>\n<p><strong>F\u00f6r\u00e4dling<\/strong>: tryckta loggor<\/p>\n","protected":false},"featured_media":1478,"template":"","meta":{"_uag_custom_page_level_css":""},"product_brand":[],"product_cat":[149],"product_tag":[],"class_list":{"0":"post-1488","1":"product","2":"type-product","3":"status-publish","4":"has-post-thumbnail","6":"product_cat-smc-ung","7":"has-post-title","8":"has-post-date","9":"has-post-category","10":"has-post-tag","11":"has-post-comment","12":"has-post-author","13":"","15":"first","16":"instock","17":"taxable","18":"shipping-taxable","19":"purchasable","20":"product-type-variable"},"uagb_featured_image_src":{"full":["https:\/\/nehreklam.se\/eshop\/smc\/wp-content\/uploads\/2026\/01\/Tshirtfront-SMCUNG-Black.jpg",850,850,false],"thumbnail":["https:\/\/nehreklam.se\/eshop\/smc\/wp-content\/uploads\/2026\/01\/Tshirtfront-SMCUNG-Black-150x150.jpg",150,150,true],"medium":["https:\/\/nehreklam.se\/eshop\/smc\/wp-content\/uploads\/2026\/01\/Tshirtfront-SMCUNG-Black-300x300.jpg",300,300,true],"medium_large":["https:\/\/nehreklam.se\/eshop\/smc\/wp-content\/uploads\/2026\/01\/Tshirtfront-SMCUNG-Black-768x768.jpg",768,768,true],"large":["https:\/\/nehreklam.se\/eshop\/smc\/wp-content\/uploads\/2026\/01\/Tshirtfront-SMCUNG-Black.jpg",850,850,false],"1536x1536":["https:\/\/nehreklam.se\/eshop\/smc\/wp-content\/uploads\/2026\/01\/Tshirtfront-SMCUNG-Black.jpg",850,850,false],"2048x2048":["https:\/\/nehreklam.se\/eshop\/smc\/wp-content\/uploads\/2026\/01\/Tshirtfront-SMCUNG-Black.jpg",850,850,false],"woocommerce_thumbnail":["https:\/\/nehreklam.se\/eshop\/smc\/wp-content\/uploads\/2026\/01\/Tshirtfront-SMCUNG-Black-300x300.jpg",300,300,true],"woocommerce_single":["https:\/\/nehreklam.se\/eshop\/smc\/wp-content\/uploads\/2026\/01\/Tshirtfront-SMCUNG-Black-600x600.jpg",600,600,true],"woocommerce_gallery_thumbnail":["https:\/\/nehreklam.se\/eshop\/smc\/wp-content\/uploads\/2026\/01\/Tshirtfront-SMCUNG-Black-100x100.jpg",100,100,true]},"uagb_author_info":{"display_name":"neh-smc","author_link":"https:\/\/nehreklam.se\/eshop\/smc\/author\/"},"uagb_comment_info":0,"uagb_excerpt":"Tillverkad av 100 % ekologisk bomull \u2013 denna unisex T-shirt med en tygvikt p\u00e5 180 g\/m\u00b2 har en l\u00f6s passform f\u00f6r en avslappnad stil. Den \u00e4r avslutad med klassisk rund hals och rena f\u00e5llar. F\u00f6r\u00e4dling: tryckta loggor","builder_content":"","_links":{"self":[{"href":"https:\/\/nehreklam.se\/eshop\/smc\/wp-json\/wp\/v2\/product\/1488","targetHints":{"allow":["GET"]}}],"collection":[{"href":"https:\/\/nehreklam.se\/eshop\/smc\/wp-json\/wp\/v2\/product"}],"about":[{"href":"https:\/\/nehreklam.se\/eshop\/smc\/wp-json\/wp\/v2\/types\/product"}],"wp:featuredmedia":[{"embeddable":true,"href":"https:\/\/nehreklam.se\/eshop\/smc\/wp-json\/wp\/v2\/media\/1478"}],"wp:attachment":[{"href":"https:\/\/nehreklam.se\/eshop\/smc\/wp-json\/wp\/v2\/media?parent=1488"}],"wp:term":[{"taxonomy":"product_brand","embeddable":true,"href":"https:\/\/nehreklam.se\/eshop\/smc\/wp-json\/wp\/v2\/product_brand?post=1488"},{"taxonomy":"product_cat","embeddable":true,"href":"https:\/\/nehreklam.se\/eshop\/smc\/wp-json\/wp\/v2\/product_cat?post=1488"},{"taxonomy":"product_tag","embeddable":true,"href":"https:\/\/nehreklam.se\/eshop\/smc\/wp-json\/wp\/v2\/product_tag?post=1488"}],"curies":[{"name":"wp","href":"https:\/\/api.w.org\/{rel}","templated":true}]}}