{"id":1506,"date":"2026-02-24T12:16:38","date_gmt":"2026-02-24T12:16:38","guid":{"rendered":"https:\/\/nehreklam.se\/eshop\/smc\/?post_type=product&#038;p=1506"},"modified":"2026-04-23T09:59:17","modified_gmt":"2026-04-23T09:59:17","slug":"jacka-softshell-smc","status":"publish","type":"product","link":"https:\/\/nehreklam.se\/eshop\/smc\/produkt\/jacka-softshell-smc\/","title":{"rendered":"Jacka Softshell, SMC"},"content":{"rendered":"<!--themify_builder_content-->\n<div id=\"themify_builder_content-1506\" data-postid=\"1506\" class=\"themify_builder_content themify_builder_content-1506 themify_builder tf_clear\">\n    <\/div>\n<!--\/themify_builder_content-->\n","protected":false},"excerpt":{"rendered":"<p>3-lagers softshelljacka tillverkad i \u00e5tervunnen polyester. Ton-i-ton omv\u00e4nd dragkedja mitt fram samt tre utv\u00e4ndiga fickor och tv\u00e5 innerfickor. Elastiskt avslut i nederkant samt \u00e4rmar.<\/p>\n<p><strong>F\u00f6r\u00e4dling<\/strong>: Broderad logga p\u00e5 v\u00e4nster br\u00f6st<\/p>\n<p><a href=\"https:\/\/nehstore.com\/klubb\/storlekstabell-softshelljacka\/\">F\u00f6r storlekstabell, klicka h\u00e4r<\/a><\/p>\n","protected":false},"featured_media":1505,"template":"","meta":{"_uag_custom_page_level_css":""},"product_brand":[],"product_cat":[145,44],"product_tag":[],"class_list":{"0":"post-1506","1":"product","2":"type-product","3":"status-publish","4":"has-post-thumbnail","6":"product_cat-host","7":"product_cat-klader","8":"has-post-title","9":"has-post-date","10":"has-post-category","11":"has-post-tag","12":"has-post-comment","13":"has-post-author","14":"","16":"first","17":"instock","18":"taxable","19":"shipping-taxable","20":"purchasable","21":"product-type-variable"},"uagb_featured_image_src":{"full":["https:\/\/nehreklam.se\/eshop\/smc\/wp-content\/uploads\/2026\/02\/Februari-erbjudande-SMC.jpg",850,850,false],"thumbnail":["https:\/\/nehreklam.se\/eshop\/smc\/wp-content\/uploads\/2026\/02\/Februari-erbjudande-SMC-150x150.jpg",150,150,true],"medium":["https:\/\/nehreklam.se\/eshop\/smc\/wp-content\/uploads\/2026\/02\/Februari-erbjudande-SMC-300x300.jpg",300,300,true],"medium_large":["https:\/\/nehreklam.se\/eshop\/smc\/wp-content\/uploads\/2026\/02\/Februari-erbjudande-SMC-768x768.jpg",768,768,true],"large":["https:\/\/nehreklam.se\/eshop\/smc\/wp-content\/uploads\/2026\/02\/Februari-erbjudande-SMC.jpg",850,850,false],"1536x1536":["https:\/\/nehreklam.se\/eshop\/smc\/wp-content\/uploads\/2026\/02\/Februari-erbjudande-SMC.jpg",850,850,false],"2048x2048":["https:\/\/nehreklam.se\/eshop\/smc\/wp-content\/uploads\/2026\/02\/Februari-erbjudande-SMC.jpg",850,850,false],"woocommerce_thumbnail":["https:\/\/nehreklam.se\/eshop\/smc\/wp-content\/uploads\/2026\/02\/Februari-erbjudande-SMC-300x300.jpg",300,300,true],"woocommerce_single":["https:\/\/nehreklam.se\/eshop\/smc\/wp-content\/uploads\/2026\/02\/Februari-erbjudande-SMC-600x600-600x600.jpg",600,600,true],"woocommerce_gallery_thumbnail":["https:\/\/nehreklam.se\/eshop\/smc\/wp-content\/uploads\/2026\/02\/Februari-erbjudande-SMC-100x100.jpg",100,100,true]},"uagb_author_info":{"display_name":"neh-smc","author_link":"https:\/\/nehreklam.se\/eshop\/smc\/author\/"},"uagb_comment_info":0,"uagb_excerpt":"3-lagers softshelljacka tillverkad i \u00e5tervunnen polyester. Ton-i-ton omv\u00e4nd dragkedja mitt fram samt tre utv\u00e4ndiga fickor och tv\u00e5 innerfickor. Elastiskt avslut i nederkant samt \u00e4rmar. F\u00f6r\u00e4dling: Broderad logga p\u00e5 v\u00e4nster br\u00f6st F\u00f6r storlekstabell, klicka h\u00e4r","builder_content":"","_links":{"self":[{"href":"https:\/\/nehreklam.se\/eshop\/smc\/wp-json\/wp\/v2\/product\/1506","targetHints":{"allow":["GET"]}}],"collection":[{"href":"https:\/\/nehreklam.se\/eshop\/smc\/wp-json\/wp\/v2\/product"}],"about":[{"href":"https:\/\/nehreklam.se\/eshop\/smc\/wp-json\/wp\/v2\/types\/product"}],"wp:featuredmedia":[{"embeddable":true,"href":"https:\/\/nehreklam.se\/eshop\/smc\/wp-json\/wp\/v2\/media\/1505"}],"wp:attachment":[{"href":"https:\/\/nehreklam.se\/eshop\/smc\/wp-json\/wp\/v2\/media?parent=1506"}],"wp:term":[{"taxonomy":"product_brand","embeddable":true,"href":"https:\/\/nehreklam.se\/eshop\/smc\/wp-json\/wp\/v2\/product_brand?post=1506"},{"taxonomy":"product_cat","embeddable":true,"href":"https:\/\/nehreklam.se\/eshop\/smc\/wp-json\/wp\/v2\/product_cat?post=1506"},{"taxonomy":"product_tag","embeddable":true,"href":"https:\/\/nehreklam.se\/eshop\/smc\/wp-json\/wp\/v2\/product_tag?post=1506"}],"curies":[{"name":"wp","href":"https:\/\/api.w.org\/{rel}","templated":true}]}}