{"id":1518,"date":"2026-02-25T10:03:59","date_gmt":"2026-02-25T10:03:59","guid":{"rendered":"https:\/\/nehreklam.se\/eshop\/smc\/?post_type=product&#038;p=1518"},"modified":"2026-02-25T10:04:48","modified_gmt":"2026-02-25T10:04:48","slug":"vast-var-smc","status":"publish","type":"product","link":"https:\/\/nehreklam.se\/eshop\/smc\/produkt\/vast-var-smc\/","title":{"rendered":"V\u00e4st V\u00e5r, SMC"},"content":{"rendered":"<!--themify_builder_content-->\n<div id=\"themify_builder_content-1518\" data-postid=\"1518\" class=\"themify_builder_content themify_builder_content-1518 themify_builder tf_clear\">\n    <\/div>\n<!--\/themify_builder_content-->\n","protected":false},"excerpt":{"rendered":"<p>Softshell\/l\u00e4ttvikts v\u00e4st i slitstarkt material. Oket, sidopaneler fram &amp; bak av softshell. B\u00e5l, fram &amp; bak av vadderat l\u00e4ttvikts material.<\/p>\n<p><strong>Material:<\/strong> Tyg 1) softshell; 100% \u00c5tervunnen Polyester. Bondad med 100% \u00c5tervunnen Polyesterfleece. 280 g\/m\u00b2. Tyg 2) 100% \u00c5tervunnen Polyester med Bluesign-m\u00e4rkt vadd (120 gram). 38 g\/m\u00b2.<br \/>\n<strong>F\u00f6r\u00e4dling:<\/strong> Broderad logga<\/p>\n","protected":false},"featured_media":1519,"template":"","meta":{"_uag_custom_page_level_css":""},"product_brand":[],"product_cat":[153],"product_tag":[],"class_list":{"0":"post-1518","1":"product","2":"type-product","3":"status-publish","4":"has-post-thumbnail","6":"product_cat-var","7":"has-post-title","8":"has-post-date","9":"has-post-category","10":"has-post-tag","11":"has-post-comment","12":"has-post-author","13":"","15":"first","16":"instock","17":"sale","18":"taxable","19":"shipping-taxable","20":"purchasable","21":"product-type-variable"},"uagb_featured_image_src":{"full":["https:\/\/nehreklam.se\/eshop\/smc\/wp-content\/uploads\/2026\/02\/Vest-NeH-Navy.jpg",1134,1134,false],"thumbnail":["https:\/\/nehreklam.se\/eshop\/smc\/wp-content\/uploads\/2026\/02\/Vest-NeH-Navy-150x150.jpg",150,150,true],"medium":["https:\/\/nehreklam.se\/eshop\/smc\/wp-content\/uploads\/2026\/02\/Vest-NeH-Navy-300x300.jpg",300,300,true],"medium_large":["https:\/\/nehreklam.se\/eshop\/smc\/wp-content\/uploads\/2026\/02\/Vest-NeH-Navy-768x768.jpg",768,768,true],"large":["https:\/\/nehreklam.se\/eshop\/smc\/wp-content\/uploads\/2026\/02\/Vest-NeH-Navy-1024x1024.jpg",1024,1024,true],"1536x1536":["https:\/\/nehreklam.se\/eshop\/smc\/wp-content\/uploads\/2026\/02\/Vest-NeH-Navy.jpg",1134,1134,false],"2048x2048":["https:\/\/nehreklam.se\/eshop\/smc\/wp-content\/uploads\/2026\/02\/Vest-NeH-Navy.jpg",1134,1134,false],"woocommerce_thumbnail":["https:\/\/nehreklam.se\/eshop\/smc\/wp-content\/uploads\/2026\/02\/Vest-NeH-Navy-300x300.jpg",300,300,true],"woocommerce_single":["https:\/\/nehreklam.se\/eshop\/smc\/wp-content\/uploads\/2026\/02\/Vest-NeH-Navy-600x600-600x600.jpg",600,600,true],"woocommerce_gallery_thumbnail":["https:\/\/nehreklam.se\/eshop\/smc\/wp-content\/uploads\/2026\/02\/Vest-NeH-Navy-100x100.jpg",100,100,true]},"uagb_author_info":{"display_name":"neh-smc","author_link":"https:\/\/nehreklam.se\/eshop\/smc\/author\/"},"uagb_comment_info":0,"uagb_excerpt":"Softshell\/l\u00e4ttvikts v\u00e4st i slitstarkt material. Oket, sidopaneler fram &amp; bak av softshell. B\u00e5l, fram &amp; bak av vadderat l\u00e4ttvikts material. Material: Tyg 1) softshell; 100% \u00c5tervunnen Polyester. Bondad med 100% \u00c5tervunnen Polyesterfleece. 280 g\/m\u00b2. Tyg 2) 100% \u00c5tervunnen Polyester med Bluesign-m\u00e4rkt vadd (120 gram). 38 g\/m\u00b2. F\u00f6r\u00e4dling: Broderad logga","builder_content":"","_links":{"self":[{"href":"https:\/\/nehreklam.se\/eshop\/smc\/wp-json\/wp\/v2\/product\/1518","targetHints":{"allow":["GET"]}}],"collection":[{"href":"https:\/\/nehreklam.se\/eshop\/smc\/wp-json\/wp\/v2\/product"}],"about":[{"href":"https:\/\/nehreklam.se\/eshop\/smc\/wp-json\/wp\/v2\/types\/product"}],"wp:featuredmedia":[{"embeddable":true,"href":"https:\/\/nehreklam.se\/eshop\/smc\/wp-json\/wp\/v2\/media\/1519"}],"wp:attachment":[{"href":"https:\/\/nehreklam.se\/eshop\/smc\/wp-json\/wp\/v2\/media?parent=1518"}],"wp:term":[{"taxonomy":"product_brand","embeddable":true,"href":"https:\/\/nehreklam.se\/eshop\/smc\/wp-json\/wp\/v2\/product_brand?post=1518"},{"taxonomy":"product_cat","embeddable":true,"href":"https:\/\/nehreklam.se\/eshop\/smc\/wp-json\/wp\/v2\/product_cat?post=1518"},{"taxonomy":"product_tag","embeddable":true,"href":"https:\/\/nehreklam.se\/eshop\/smc\/wp-json\/wp\/v2\/product_tag?post=1518"}],"curies":[{"name":"wp","href":"https:\/\/api.w.org\/{rel}","templated":true}]}}