{"id":467,"date":"2024-11-01T13:21:20","date_gmt":"2024-11-01T13:21:20","guid":{"rendered":"https:\/\/nehreklam.se\/eshop\/smc\/?post_type=product&#038;p=467"},"modified":"2025-05-07T11:27:12","modified_gmt":"2025-05-07T11:27:12","slug":"pike-premium-smc","status":"publish","type":"product","link":"https:\/\/nehreklam.se\/eshop\/smc\/produkt\/pike-premium-smc\/","title":{"rendered":"Pik\u00e9 Premium, SMC"},"content":{"rendered":"<!--themify_builder_content-->\n<div id=\"themify_builder_content-467\" data-postid=\"467\" class=\"themify_builder_content themify_builder_content-467 themify_builder tf_clear\">\n    <\/div>\n<!--\/themify_builder_content-->\n","protected":false},"excerpt":{"rendered":"<p>En pik\u00e9 med en unik bi-blend-kvalitet av bomull och extra elastan &#8211; mjuk och h\u00e5llbar med sk\u00f6n stretch och passform. Den har alla klassiska detaljer men med en extra touch av exklusivitet i form av brodyr-logo i nacken, ton-i-ton knappar samt mjukt jersey-tyg p\u00e5 insidan av kragen. Av m\u00e4rket Cutter &amp; Buck.<\/p>\n<div>\n<div class=\"sc-s31epd-0 dytKe d-inline f3-700 mr-1\"><strong>Material:<\/strong> 95% bomull, 5% elastan<\/div>\n<\/div>\n<div>\n<div class=\"sc-s31epd-0 dytKe d-inline f3-700 mr-1\"><strong>Vikt:<\/strong> 190 g\/m\u00b2<br \/>\n<strong>F\u00f6r\u00e4dling:<\/strong> Broderad logga<\/div>\n<\/div>\n","protected":false},"featured_media":376,"template":"","meta":{"_uag_custom_page_level_css":""},"product_brand":[],"product_cat":[44],"product_tag":[],"class_list":{"0":"post-467","1":"product","2":"type-product","3":"status-publish","4":"has-post-thumbnail","6":"product_cat-klader","7":"has-post-title","8":"has-post-date","9":"has-post-category","10":"has-post-tag","11":"has-post-comment","12":"has-post-author","13":"","15":"first","16":"instock","17":"taxable","18":"shipping-taxable","19":"purchasable","20":"product-type-variable"},"uagb_featured_image_src":{"full":["https:\/\/nehreklam.se\/eshop\/smc\/wp-content\/uploads\/2024\/11\/Pike-Premium-SMC-Svart.jpg",850,850,false],"thumbnail":["https:\/\/nehreklam.se\/eshop\/smc\/wp-content\/uploads\/2024\/11\/Pike-Premium-SMC-Svart-150x150.jpg",150,150,true],"medium":["https:\/\/nehreklam.se\/eshop\/smc\/wp-content\/uploads\/2024\/11\/Pike-Premium-SMC-Svart-300x300.jpg",300,300,true],"medium_large":["https:\/\/nehreklam.se\/eshop\/smc\/wp-content\/uploads\/2024\/11\/Pike-Premium-SMC-Svart-768x768.jpg",768,768,true],"large":["https:\/\/nehreklam.se\/eshop\/smc\/wp-content\/uploads\/2024\/11\/Pike-Premium-SMC-Svart.jpg",850,850,false],"1536x1536":["https:\/\/nehreklam.se\/eshop\/smc\/wp-content\/uploads\/2024\/11\/Pike-Premium-SMC-Svart.jpg",850,850,false],"2048x2048":["https:\/\/nehreklam.se\/eshop\/smc\/wp-content\/uploads\/2024\/11\/Pike-Premium-SMC-Svart.jpg",850,850,false],"woocommerce_thumbnail":["https:\/\/nehreklam.se\/eshop\/smc\/wp-content\/uploads\/2024\/11\/Pike-Premium-SMC-Svart-300x300.jpg",300,300,true],"woocommerce_single":["https:\/\/nehreklam.se\/eshop\/smc\/wp-content\/uploads\/2024\/11\/Pike-Premium-SMC-Svart-600x600.jpg",600,600,true],"woocommerce_gallery_thumbnail":["https:\/\/nehreklam.se\/eshop\/smc\/wp-content\/uploads\/2024\/11\/Pike-Premium-SMC-Svart-100x100.jpg",100,100,true]},"uagb_author_info":{"display_name":"neh-smc","author_link":"https:\/\/nehreklam.se\/eshop\/smc\/author\/"},"uagb_comment_info":0,"uagb_excerpt":"En pik\u00e9 med en unik bi-blend-kvalitet av bomull och extra elastan - mjuk och h\u00e5llbar med sk\u00f6n stretch och passform. Den har alla klassiska detaljer men med en extra touch av exklusivitet i form av brodyr-logo i nacken, ton-i-ton knappar samt mjukt jersey-tyg p\u00e5 insidan av kragen. Av m\u00e4rket Cutter &amp; Buck. Material: 95% bomull,&hellip;","builder_content":"","_links":{"self":[{"href":"https:\/\/nehreklam.se\/eshop\/smc\/wp-json\/wp\/v2\/product\/467","targetHints":{"allow":["GET"]}}],"collection":[{"href":"https:\/\/nehreklam.se\/eshop\/smc\/wp-json\/wp\/v2\/product"}],"about":[{"href":"https:\/\/nehreklam.se\/eshop\/smc\/wp-json\/wp\/v2\/types\/product"}],"wp:featuredmedia":[{"embeddable":true,"href":"https:\/\/nehreklam.se\/eshop\/smc\/wp-json\/wp\/v2\/media\/376"}],"wp:attachment":[{"href":"https:\/\/nehreklam.se\/eshop\/smc\/wp-json\/wp\/v2\/media?parent=467"}],"wp:term":[{"taxonomy":"product_brand","embeddable":true,"href":"https:\/\/nehreklam.se\/eshop\/smc\/wp-json\/wp\/v2\/product_brand?post=467"},{"taxonomy":"product_cat","embeddable":true,"href":"https:\/\/nehreklam.se\/eshop\/smc\/wp-json\/wp\/v2\/product_cat?post=467"},{"taxonomy":"product_tag","embeddable":true,"href":"https:\/\/nehreklam.se\/eshop\/smc\/wp-json\/wp\/v2\/product_tag?post=467"}],"curies":[{"name":"wp","href":"https:\/\/api.w.org\/{rel}","templated":true}]}}