{"id":478,"date":"2024-11-04T09:47:13","date_gmt":"2024-11-04T09:47:13","guid":{"rendered":"https:\/\/nehreklam.se\/eshop\/smc\/?post_type=product&#038;p=478"},"modified":"2025-08-01T00:54:38","modified_gmt":"2025-08-01T00:54:38","slug":"t-shirt-logo-smc","status":"publish","type":"product","link":"https:\/\/nehreklam.se\/eshop\/smc\/produkt\/t-shirt-logo-smc\/","title":{"rendered":"T-shirt Logo, SMC"},"content":{"rendered":"<!--themify_builder_content-->\n<div id=\"themify_builder_content-478\" data-postid=\"478\" class=\"themify_builder_content themify_builder_content-478 themify_builder tf_clear\">\n    <\/div>\n<!--\/themify_builder_content-->\n","protected":false},"excerpt":{"rendered":"<div class=\"sc-17v82ep-2 jzvgm\">\n<div class=\"mt-3\">\n<div class=\"sc-17v82ep-2 jzvgm\">\n<div class=\"mt-3\">En sk\u00f6n t-shirt med modern passform. F\u00f6rkrymt kammad bomull och ringspunnet garn, herr rundstickad och dam har sidos\u00f6mmar. Dubbelkrage med elastan.<\/div>\n<\/div>\n<\/div>\n<\/div>\n<div class=\"sc-1krq3xt-0 LQmAH f1-700 mt-3 w-100\">\n<div>\n<div class=\"mb-3 f1-500\">\n<div class=\"sc-1p0g13a-0 bquTYb\">\n<div class=\"sc-s31epd-0 fhfnlQ\"><\/div>\n<\/div>\n<\/div>\n<\/div>\n<\/div>\n<div>\n<div class=\"sc-s31epd-0 dytKe d-inline f3-700 mr-1\"><strong>Material:<\/strong> 100% bomull<\/div>\n<\/div>\n<div>\n<div class=\"sc-s31epd-0 dytKe d-inline f3-700 mr-1\"><strong>Vikt:<\/strong> 160 g\/m\u00b2<br \/>\n<strong>F\u00f6r\u00e4dling:<\/strong> Tryckt logga<\/div>\n<\/div>\n","protected":false},"featured_media":694,"template":"","meta":{"_uag_custom_page_level_css":""},"product_brand":[],"product_cat":[44],"product_tag":[],"class_list":{"0":"post-478","1":"product","2":"type-product","3":"status-publish","4":"has-post-thumbnail","6":"product_cat-klader","7":"has-post-title","8":"has-post-date","9":"has-post-category","10":"has-post-tag","11":"has-post-comment","12":"has-post-author","13":"","15":"first","16":"instock","17":"taxable","18":"shipping-taxable","19":"purchasable","20":"product-type-variable"},"uagb_featured_image_src":{"full":["https:\/\/nehreklam.se\/eshop\/smc\/wp-content\/uploads\/2025\/01\/TeeSMC-Svart.jpg",850,850,false],"thumbnail":["https:\/\/nehreklam.se\/eshop\/smc\/wp-content\/uploads\/2025\/01\/TeeSMC-Svart-150x150.jpg",150,150,true],"medium":["https:\/\/nehreklam.se\/eshop\/smc\/wp-content\/uploads\/2025\/01\/TeeSMC-Svart-300x300.jpg",300,300,true],"medium_large":["https:\/\/nehreklam.se\/eshop\/smc\/wp-content\/uploads\/2025\/01\/TeeSMC-Svart-768x768.jpg",768,768,true],"large":["https:\/\/nehreklam.se\/eshop\/smc\/wp-content\/uploads\/2025\/01\/TeeSMC-Svart.jpg",850,850,false],"1536x1536":["https:\/\/nehreklam.se\/eshop\/smc\/wp-content\/uploads\/2025\/01\/TeeSMC-Svart.jpg",850,850,false],"2048x2048":["https:\/\/nehreklam.se\/eshop\/smc\/wp-content\/uploads\/2025\/01\/TeeSMC-Svart.jpg",850,850,false],"woocommerce_thumbnail":["https:\/\/nehreklam.se\/eshop\/smc\/wp-content\/uploads\/2025\/01\/TeeSMC-Svart-300x300.jpg",300,300,true],"woocommerce_single":["https:\/\/nehreklam.se\/eshop\/smc\/wp-content\/uploads\/2025\/01\/TeeSMC-Svart-600x600.jpg",600,600,true],"woocommerce_gallery_thumbnail":["https:\/\/nehreklam.se\/eshop\/smc\/wp-content\/uploads\/2025\/01\/TeeSMC-Svart-100x100.jpg",100,100,true]},"uagb_author_info":{"display_name":"neh-smc","author_link":"https:\/\/nehreklam.se\/eshop\/smc\/author\/"},"uagb_comment_info":0,"uagb_excerpt":"En sk\u00f6n t-shirt med modern passform. F\u00f6rkrymt kammad bomull och ringspunnet garn, herr rundstickad och dam har sidos\u00f6mmar. Dubbelkrage med elastan. Material: 100% bomull Vikt: 160 g\/m\u00b2 F\u00f6r\u00e4dling: Tryckt logga","builder_content":"","_links":{"self":[{"href":"https:\/\/nehreklam.se\/eshop\/smc\/wp-json\/wp\/v2\/product\/478","targetHints":{"allow":["GET"]}}],"collection":[{"href":"https:\/\/nehreklam.se\/eshop\/smc\/wp-json\/wp\/v2\/product"}],"about":[{"href":"https:\/\/nehreklam.se\/eshop\/smc\/wp-json\/wp\/v2\/types\/product"}],"wp:featuredmedia":[{"embeddable":true,"href":"https:\/\/nehreklam.se\/eshop\/smc\/wp-json\/wp\/v2\/media\/694"}],"wp:attachment":[{"href":"https:\/\/nehreklam.se\/eshop\/smc\/wp-json\/wp\/v2\/media?parent=478"}],"wp:term":[{"taxonomy":"product_brand","embeddable":true,"href":"https:\/\/nehreklam.se\/eshop\/smc\/wp-json\/wp\/v2\/product_brand?post=478"},{"taxonomy":"product_cat","embeddable":true,"href":"https:\/\/nehreklam.se\/eshop\/smc\/wp-json\/wp\/v2\/product_cat?post=478"},{"taxonomy":"product_tag","embeddable":true,"href":"https:\/\/nehreklam.se\/eshop\/smc\/wp-json\/wp\/v2\/product_tag?post=478"}],"curies":[{"name":"wp","href":"https:\/\/api.w.org\/{rel}","templated":true}]}}