{"id":525,"date":"2024-11-04T14:10:58","date_gmt":"2024-11-04T14:10:58","guid":{"rendered":"https:\/\/nehreklam.se\/eshop\/smc\/?post_type=product&#038;p=525"},"modified":"2025-09-04T11:24:21","modified_gmt":"2025-09-04T11:24:21","slug":"mossa-fleece-smc","status":"publish","type":"product","link":"https:\/\/nehreklam.se\/eshop\/smc\/produkt\/mossa-fleece-smc\/","title":{"rendered":"M\u00f6ssa Fleece, SMC"},"content":{"rendered":"<!--themify_builder_content-->\n<div id=\"themify_builder_content-525\" data-postid=\"525\" class=\"themify_builder_content themify_builder_content-525 themify_builder tf_clear\">\n    <\/div>\n<!--\/themify_builder_content-->\n","protected":false},"excerpt":{"rendered":"<div class=\"product-description\">\n<p>L\u00e4tt och sk\u00f6n m\u00f6ssa i single jersey med mjukt fleecefoder.<\/p>\n<div>\n<div class=\"sc-s31epd-0 dytKe d-inline f3-700 mr-1\"><strong>Material:<\/strong> 100% bomull single jersey stickat med 100% polyester fleece foder<\/div>\n<div class=\"sc-s31epd-0 dytKe d-inline f3-700 mr-1\"><strong>Vikt<\/strong>: 180 g\/m2<br \/>\n<strong>F\u00f6r\u00e4dling:<\/strong> Broderad logga<\/div>\n<\/div>\n<\/div>\n<p>&nbsp;<\/p>\n","protected":false},"featured_media":449,"template":"","meta":{"_uag_custom_page_level_css":""},"product_brand":[],"product_cat":[145,46],"product_tag":[],"class_list":{"0":"post-525","1":"product","2":"type-product","3":"status-publish","4":"has-post-thumbnail","6":"product_cat-host","7":"product_cat-ovrigt","8":"has-post-title","9":"has-post-date","10":"has-post-category","11":"has-post-tag","12":"has-post-comment","13":"has-post-author","14":"","16":"first","17":"instock","18":"taxable","19":"shipping-taxable","20":"purchasable","21":"product-type-variable"},"uagb_featured_image_src":{"full":["https:\/\/nehreklam.se\/eshop\/smc\/wp-content\/uploads\/2024\/11\/Mossa-Fleece-Svart.jpg",850,850,false],"thumbnail":["https:\/\/nehreklam.se\/eshop\/smc\/wp-content\/uploads\/2024\/11\/Mossa-Fleece-Svart-150x150.jpg",150,150,true],"medium":["https:\/\/nehreklam.se\/eshop\/smc\/wp-content\/uploads\/2024\/11\/Mossa-Fleece-Svart-300x300.jpg",300,300,true],"medium_large":["https:\/\/nehreklam.se\/eshop\/smc\/wp-content\/uploads\/2024\/11\/Mossa-Fleece-Svart-768x768.jpg",768,768,true],"large":["https:\/\/nehreklam.se\/eshop\/smc\/wp-content\/uploads\/2024\/11\/Mossa-Fleece-Svart.jpg",850,850,false],"1536x1536":["https:\/\/nehreklam.se\/eshop\/smc\/wp-content\/uploads\/2024\/11\/Mossa-Fleece-Svart.jpg",850,850,false],"2048x2048":["https:\/\/nehreklam.se\/eshop\/smc\/wp-content\/uploads\/2024\/11\/Mossa-Fleece-Svart.jpg",850,850,false],"woocommerce_thumbnail":["https:\/\/nehreklam.se\/eshop\/smc\/wp-content\/uploads\/2024\/11\/Mossa-Fleece-Svart-300x300.jpg",300,300,true],"woocommerce_single":["https:\/\/nehreklam.se\/eshop\/smc\/wp-content\/uploads\/2024\/11\/Mossa-Fleece-Svart-600x600.jpg",600,600,true],"woocommerce_gallery_thumbnail":["https:\/\/nehreklam.se\/eshop\/smc\/wp-content\/uploads\/2024\/11\/Mossa-Fleece-Svart-100x100.jpg",100,100,true]},"uagb_author_info":{"display_name":"neh-smc","author_link":"https:\/\/nehreklam.se\/eshop\/smc\/author\/"},"uagb_comment_info":0,"uagb_excerpt":"L\u00e4tt och sk\u00f6n m\u00f6ssa i single jersey med mjukt fleecefoder. Material: 100% bomull single jersey stickat med 100% polyester fleece foder Vikt: 180 g\/m2 F\u00f6r\u00e4dling: Broderad logga &nbsp;","builder_content":"","_links":{"self":[{"href":"https:\/\/nehreklam.se\/eshop\/smc\/wp-json\/wp\/v2\/product\/525","targetHints":{"allow":["GET"]}}],"collection":[{"href":"https:\/\/nehreklam.se\/eshop\/smc\/wp-json\/wp\/v2\/product"}],"about":[{"href":"https:\/\/nehreklam.se\/eshop\/smc\/wp-json\/wp\/v2\/types\/product"}],"wp:featuredmedia":[{"embeddable":true,"href":"https:\/\/nehreklam.se\/eshop\/smc\/wp-json\/wp\/v2\/media\/449"}],"wp:attachment":[{"href":"https:\/\/nehreklam.se\/eshop\/smc\/wp-json\/wp\/v2\/media?parent=525"}],"wp:term":[{"taxonomy":"product_brand","embeddable":true,"href":"https:\/\/nehreklam.se\/eshop\/smc\/wp-json\/wp\/v2\/product_brand?post=525"},{"taxonomy":"product_cat","embeddable":true,"href":"https:\/\/nehreklam.se\/eshop\/smc\/wp-json\/wp\/v2\/product_cat?post=525"},{"taxonomy":"product_tag","embeddable":true,"href":"https:\/\/nehreklam.se\/eshop\/smc\/wp-json\/wp\/v2\/product_tag?post=525"}],"curies":[{"name":"wp","href":"https:\/\/api.w.org\/{rel}","templated":true}]}}