{"id":534,"date":"2024-11-05T13:24:22","date_gmt":"2024-11-05T13:24:22","guid":{"rendered":"https:\/\/nehreklam.se\/eshop\/smc\/?post_type=product&#038;p=534"},"modified":"2026-02-25T13:16:35","modified_gmt":"2026-02-25T13:16:35","slug":"keps-basic-smc","status":"publish","type":"product","link":"https:\/\/nehreklam.se\/eshop\/smc\/produkt\/keps-basic-smc\/","title":{"rendered":"Keps Basic, SMC"},"content":{"rendered":"<!--themify_builder_content-->\n<div id=\"themify_builder_content-534\" data-postid=\"534\" class=\"themify_builder_content themify_builder_content-534 themify_builder tf_clear\">\n    <\/div>\n<!--\/themify_builder_content-->\n","protected":false},"excerpt":{"rendered":"<div class=\"product-description\">\n<div class=\"text\">\n<p>Fempanelskeps i bomullstwill med tryckt logga fram. F\u00f6rst\u00e4rkning i front och f\u00f6rb\u00f6jd sk\u00e4rm, justerbar med kardborresp\u00e4nne bak. One size.<\/p>\n<p><strong>Material:<\/strong> Bomullstwill<br \/>\n<strong>Sp\u00e4nne:<\/strong> Kardborre<br \/>\n<strong>F\u00f6r\u00e4dling<\/strong>: Tryckt logga<\/p>\n<\/div>\n<\/div>\n<p>&nbsp;<\/p>\n","protected":false},"featured_media":530,"template":"","meta":{"_uag_custom_page_level_css":""},"product_brand":[],"product_cat":[46,153],"product_tag":[],"class_list":{"0":"post-534","1":"product","2":"type-product","3":"status-publish","4":"has-post-thumbnail","6":"product_cat-ovrigt","7":"product_cat-var","8":"has-post-title","9":"has-post-date","10":"has-post-category","11":"has-post-tag","12":"has-post-comment","13":"has-post-author","14":"","16":"first","17":"instock","18":"taxable","19":"shipping-taxable","20":"purchasable","21":"product-type-variable"},"uagb_featured_image_src":{"full":["https:\/\/nehreklam.se\/eshop\/smc\/wp-content\/uploads\/2024\/11\/Keps-Svart.jpg",850,850,false],"thumbnail":["https:\/\/nehreklam.se\/eshop\/smc\/wp-content\/uploads\/2024\/11\/Keps-Svart-150x150.jpg",150,150,true],"medium":["https:\/\/nehreklam.se\/eshop\/smc\/wp-content\/uploads\/2024\/11\/Keps-Svart-300x300.jpg",300,300,true],"medium_large":["https:\/\/nehreklam.se\/eshop\/smc\/wp-content\/uploads\/2024\/11\/Keps-Svart-768x768.jpg",768,768,true],"large":["https:\/\/nehreklam.se\/eshop\/smc\/wp-content\/uploads\/2024\/11\/Keps-Svart.jpg",850,850,false],"1536x1536":["https:\/\/nehreklam.se\/eshop\/smc\/wp-content\/uploads\/2024\/11\/Keps-Svart.jpg",850,850,false],"2048x2048":["https:\/\/nehreklam.se\/eshop\/smc\/wp-content\/uploads\/2024\/11\/Keps-Svart.jpg",850,850,false],"woocommerce_thumbnail":["https:\/\/nehreklam.se\/eshop\/smc\/wp-content\/uploads\/2024\/11\/Keps-Svart-300x300.jpg",300,300,true],"woocommerce_single":["https:\/\/nehreklam.se\/eshop\/smc\/wp-content\/uploads\/2024\/11\/Keps-Svart-600x600.jpg",600,600,true],"woocommerce_gallery_thumbnail":["https:\/\/nehreklam.se\/eshop\/smc\/wp-content\/uploads\/2024\/11\/Keps-Svart-100x100.jpg",100,100,true]},"uagb_author_info":{"display_name":"neh-smc","author_link":"https:\/\/nehreklam.se\/eshop\/smc\/author\/"},"uagb_comment_info":0,"uagb_excerpt":"Fempanelskeps i bomullstwill med tryckt logga fram. F\u00f6rst\u00e4rkning i front och f\u00f6rb\u00f6jd sk\u00e4rm, justerbar med kardborresp\u00e4nne bak. One size. Material: Bomullstwill Sp\u00e4nne: Kardborre F\u00f6r\u00e4dling: Tryckt logga &nbsp;","builder_content":"","_links":{"self":[{"href":"https:\/\/nehreklam.se\/eshop\/smc\/wp-json\/wp\/v2\/product\/534","targetHints":{"allow":["GET"]}}],"collection":[{"href":"https:\/\/nehreklam.se\/eshop\/smc\/wp-json\/wp\/v2\/product"}],"about":[{"href":"https:\/\/nehreklam.se\/eshop\/smc\/wp-json\/wp\/v2\/types\/product"}],"wp:featuredmedia":[{"embeddable":true,"href":"https:\/\/nehreklam.se\/eshop\/smc\/wp-json\/wp\/v2\/media\/530"}],"wp:attachment":[{"href":"https:\/\/nehreklam.se\/eshop\/smc\/wp-json\/wp\/v2\/media?parent=534"}],"wp:term":[{"taxonomy":"product_brand","embeddable":true,"href":"https:\/\/nehreklam.se\/eshop\/smc\/wp-json\/wp\/v2\/product_brand?post=534"},{"taxonomy":"product_cat","embeddable":true,"href":"https:\/\/nehreklam.se\/eshop\/smc\/wp-json\/wp\/v2\/product_cat?post=534"},{"taxonomy":"product_tag","embeddable":true,"href":"https:\/\/nehreklam.se\/eshop\/smc\/wp-json\/wp\/v2\/product_tag?post=534"}],"curies":[{"name":"wp","href":"https:\/\/api.w.org\/{rel}","templated":true}]}}