{"id":626,"date":"2025-01-20T11:28:32","date_gmt":"2025-01-20T11:28:32","guid":{"rendered":"https:\/\/nehreklam.se\/eshop\/smc\/?post_type=product&#038;p=626"},"modified":"2025-05-07T12:07:37","modified_gmt":"2025-05-07T12:07:37","slug":"hybridbyxa-smc","status":"publish","type":"product","link":"https:\/\/nehreklam.se\/eshop\/smc\/produkt\/hybridbyxa-smc\/","title":{"rendered":"Hybridbyxa, SMC"},"content":{"rendered":"<table>\n<tbody>\n<tr>\n<td><strong>Byxa Herr<br \/>\n<\/strong><\/td>\n<td><strong>44<\/strong><\/td>\n<td><strong>46<\/strong><\/td>\n<td><strong>48<\/strong><\/td>\n<td><strong>50<\/strong><\/td>\n<td><strong>52<\/strong><\/td>\n<td><strong>54<\/strong><\/td>\n<td><strong>56<\/strong><\/td>\n<\/tr>\n<tr>\n<td>Midjevidd relaxed<\/td>\n<td>76<\/td>\n<td>80<\/td>\n<td>84<\/td>\n<td>88<\/td>\n<td>92<\/td>\n<td>96<\/td>\n<td>100<\/td>\n<\/tr>\n<tr>\n<td>Midjevidd extended<\/td>\n<td>80<\/td>\n<td>84<\/td>\n<td>88<\/td>\n<td>92<\/td>\n<td>96<\/td>\n<td>100<\/td>\n<td>104<\/td>\n<\/tr>\n<tr>\n<td>Stuss<\/td>\n<td>98<\/td>\n<td>102<\/td>\n<td>106<\/td>\n<td>110<\/td>\n<td>114<\/td>\n<td>118<\/td>\n<td>122<\/td>\n<\/tr>\n<tr>\n<td>Innerbensl\u00e4ngd<\/td>\n<td>79<\/td>\n<td>80<\/td>\n<td>81<\/td>\n<td>82<\/td>\n<td>83<\/td>\n<td>84<\/td>\n<td>85<\/td>\n<\/tr>\n<\/tbody>\n<\/table>\n<p>&nbsp;<\/p>\n<table>\n<tbody>\n<tr>\n<td><strong>Byxa Dam<br \/>\n<\/strong><\/td>\n<td><strong>34<\/strong><\/td>\n<td><strong>36<\/strong><\/td>\n<td><strong>38<\/strong><\/td>\n<td><strong>40<\/strong><\/td>\n<td><strong>42<\/strong><\/td>\n<td><strong>44<\/strong><\/td>\n<td><strong>46<\/strong><\/td>\n<\/tr>\n<tr>\n<td>Midjevidd relaxed<\/td>\n<td>70<\/td>\n<td>74<\/td>\n<td>78<\/td>\n<td>82<\/td>\n<td>86<\/td>\n<td>90<\/td>\n<td>94<\/td>\n<\/tr>\n<tr>\n<td>Midjevidd extended<\/td>\n<td>78<\/td>\n<td>82<\/td>\n<td>86<\/td>\n<td>90<\/td>\n<td>94<\/td>\n<td>98<\/td>\n<td>102<\/td>\n<\/tr>\n<tr>\n<td>Stuss<\/td>\n<td>94<\/td>\n<td>98<\/td>\n<td>102<\/td>\n<td>106<\/td>\n<td>110<\/td>\n<td>114<\/td>\n<td>118<\/td>\n<\/tr>\n<tr>\n<td>Innerbensl\u00e4ngd<\/td>\n<td>78<\/td>\n<td>79<\/td>\n<td>80<\/td>\n<td>81<\/td>\n<td>82<\/td>\n<td>83<\/td>\n<td>84<\/td>\n<\/tr>\n<\/tbody>\n<\/table>\n<!--themify_builder_content-->\n<div id=\"themify_builder_content-626\" data-postid=\"626\" class=\"themify_builder_content themify_builder_content-626 themify_builder tf_clear\">\n    <\/div>\n<!--\/themify_builder_content-->\n","protected":false},"excerpt":{"rendered":"<p>Praktisk 5-ficks hybridbyxa i stretchig kvalitet f\u00f6r optimal r\u00f6relsefrihet och komfort. Benfickor och bakficka med dragkedjor och reflexdetaljer. Knappar nedtill p\u00e5 benen f\u00f6r justering av fotvidd.<\/p>\n<div class=\"MuiBox-root mui-1is6y65\"><strong><span class=\"MuiTypography-root mui-1gdmadi-secondary-200-fontFamilySecondary-boldSecondary\">Huvudmaterial: <\/span><\/strong><span class=\"MuiTypography-root mui-1lfo5fp-secondary-200-fontFamilySecondary\">92% Nylon, 8% Spandex<\/span><\/div>\n<div class=\"MuiBox-root mui-1is6y65\"><strong><span class=\"MuiTypography-root mui-1gdmadi-secondary-200-fontFamilySecondary-boldSecondary\">Vikt huvudmaterial: <\/span><\/strong><span class=\"MuiTypography-root mui-1lfo5fp-secondary-200-fontFamilySecondary\">200 g\/m\u00b2<\/span><\/div>\n<div><strong>F\u00f6r\u00e4dling:<\/strong> Tryckt logga<\/div>\n","protected":false},"featured_media":623,"template":"","meta":{"_uag_custom_page_level_css":""},"product_brand":[],"product_cat":[44],"product_tag":[],"class_list":{"0":"post-626","1":"product","2":"type-product","3":"status-publish","4":"has-post-thumbnail","6":"product_cat-klader","7":"has-post-title","8":"has-post-date","9":"has-post-category","10":"has-post-tag","11":"has-post-comment","12":"has-post-author","13":"","15":"first","16":"instock","17":"taxable","18":"shipping-taxable","19":"purchasable","20":"product-type-variable"},"uagb_featured_image_src":{"full":["https:\/\/nehreklam.se\/eshop\/smc\/wp-content\/uploads\/2025\/01\/SMC-ByxaSvartFram.jpg",842,842,false],"thumbnail":["https:\/\/nehreklam.se\/eshop\/smc\/wp-content\/uploads\/2025\/01\/SMC-ByxaSvartFram-150x150.jpg",150,150,true],"medium":["https:\/\/nehreklam.se\/eshop\/smc\/wp-content\/uploads\/2025\/01\/SMC-ByxaSvartFram-300x300.jpg",300,300,true],"medium_large":["https:\/\/nehreklam.se\/eshop\/smc\/wp-content\/uploads\/2025\/01\/SMC-ByxaSvartFram-768x768.jpg",768,768,true],"large":["https:\/\/nehreklam.se\/eshop\/smc\/wp-content\/uploads\/2025\/01\/SMC-ByxaSvartFram.jpg",842,842,false],"1536x1536":["https:\/\/nehreklam.se\/eshop\/smc\/wp-content\/uploads\/2025\/01\/SMC-ByxaSvartFram.jpg",842,842,false],"2048x2048":["https:\/\/nehreklam.se\/eshop\/smc\/wp-content\/uploads\/2025\/01\/SMC-ByxaSvartFram.jpg",842,842,false],"woocommerce_thumbnail":["https:\/\/nehreklam.se\/eshop\/smc\/wp-content\/uploads\/2025\/01\/SMC-ByxaSvartFram-300x300.jpg",300,300,true],"woocommerce_single":["https:\/\/nehreklam.se\/eshop\/smc\/wp-content\/uploads\/2025\/01\/SMC-ByxaSvartFram-600x600.jpg",600,600,true],"woocommerce_gallery_thumbnail":["https:\/\/nehreklam.se\/eshop\/smc\/wp-content\/uploads\/2025\/01\/SMC-ByxaSvartFram-100x100.jpg",100,100,true]},"uagb_author_info":{"display_name":"neh-smc","author_link":"https:\/\/nehreklam.se\/eshop\/smc\/author\/"},"uagb_comment_info":0,"uagb_excerpt":"Praktisk 5-ficks hybridbyxa i stretchig kvalitet f\u00f6r optimal r\u00f6relsefrihet och komfort. Benfickor och bakficka med dragkedjor och reflexdetaljer. Knappar nedtill p\u00e5 benen f\u00f6r justering av fotvidd. Huvudmaterial: 92% Nylon, 8% Spandex Vikt huvudmaterial: 200 g\/m\u00b2 F\u00f6r\u00e4dling: Tryckt logga","builder_content":"","_links":{"self":[{"href":"https:\/\/nehreklam.se\/eshop\/smc\/wp-json\/wp\/v2\/product\/626","targetHints":{"allow":["GET"]}}],"collection":[{"href":"https:\/\/nehreklam.se\/eshop\/smc\/wp-json\/wp\/v2\/product"}],"about":[{"href":"https:\/\/nehreklam.se\/eshop\/smc\/wp-json\/wp\/v2\/types\/product"}],"wp:featuredmedia":[{"embeddable":true,"href":"https:\/\/nehreklam.se\/eshop\/smc\/wp-json\/wp\/v2\/media\/623"}],"wp:attachment":[{"href":"https:\/\/nehreklam.se\/eshop\/smc\/wp-json\/wp\/v2\/media?parent=626"}],"wp:term":[{"taxonomy":"product_brand","embeddable":true,"href":"https:\/\/nehreklam.se\/eshop\/smc\/wp-json\/wp\/v2\/product_brand?post=626"},{"taxonomy":"product_cat","embeddable":true,"href":"https:\/\/nehreklam.se\/eshop\/smc\/wp-json\/wp\/v2\/product_cat?post=626"},{"taxonomy":"product_tag","embeddable":true,"href":"https:\/\/nehreklam.se\/eshop\/smc\/wp-json\/wp\/v2\/product_tag?post=626"}],"curies":[{"name":"wp","href":"https:\/\/api.w.org\/{rel}","templated":true}]}}