{"id":635,"date":"2025-01-20T14:12:07","date_gmt":"2025-01-20T14:12:07","guid":{"rendered":"https:\/\/nehreklam.se\/eshop\/smc\/?post_type=product&#038;p=635"},"modified":"2025-05-07T11:25:21","modified_gmt":"2025-05-07T11:25:21","slug":"skjorta-ss-smc","status":"publish","type":"product","link":"https:\/\/nehreklam.se\/eshop\/smc\/produkt\/skjorta-ss-smc\/","title":{"rendered":"Skjorta SS, SMC"},"content":{"rendered":"<!--themify_builder_content-->\n<div id=\"themify_builder_content-635\" data-postid=\"635\" class=\"themify_builder_content themify_builder_content-635 themify_builder tf_clear\">\n    <\/div>\n<!--\/themify_builder_content-->\n","protected":false},"excerpt":{"rendered":"<p>Easy-Care behandlad skjorta, producerad i en mycket l\u00e4ttsk\u00f6tt och strykt\u00e5lig materialblandning. Skjortan \u00e4r utrustad med tejpade s\u00f6mmar och Split Yoke.<\/p>\n<p><strong>Material<\/strong>: 60% ekologisk bomull, 40% \u00e5tervunnen polyester<br \/>\n<strong>Vikt:<\/strong> 134 g\/m\u00b2<br \/>\n<strong>F\u00f6r\u00e4dling<\/strong>: Broderad logga<\/p>\n<p><strong><em>Observera &#8211; val av logga g\u00e4ller endast p\u00e5 svart och marinbl\u00e5 skjorta!<\/em><\/strong><\/p>\n","protected":false},"featured_media":640,"template":"","meta":{"_uag_custom_page_level_css":""},"product_brand":[],"product_cat":[44],"product_tag":[],"class_list":{"0":"post-635","1":"product","2":"type-product","3":"status-publish","4":"has-post-thumbnail","6":"product_cat-klader","7":"has-post-title","8":"has-post-date","9":"has-post-category","10":"has-post-tag","11":"has-post-comment","12":"has-post-author","13":"","15":"first","16":"instock","17":"taxable","18":"shipping-taxable","19":"purchasable","20":"product-type-variable"},"uagb_featured_image_src":{"full":["https:\/\/nehreklam.se\/eshop\/smc\/wp-content\/uploads\/2025\/01\/SkjortaSS-SMC-Svart.jpg",842,842,false],"thumbnail":["https:\/\/nehreklam.se\/eshop\/smc\/wp-content\/uploads\/2025\/01\/SkjortaSS-SMC-Svart-150x150.jpg",150,150,true],"medium":["https:\/\/nehreklam.se\/eshop\/smc\/wp-content\/uploads\/2025\/01\/SkjortaSS-SMC-Svart-300x300.jpg",300,300,true],"medium_large":["https:\/\/nehreklam.se\/eshop\/smc\/wp-content\/uploads\/2025\/01\/SkjortaSS-SMC-Svart-768x768.jpg",768,768,true],"large":["https:\/\/nehreklam.se\/eshop\/smc\/wp-content\/uploads\/2025\/01\/SkjortaSS-SMC-Svart.jpg",842,842,false],"1536x1536":["https:\/\/nehreklam.se\/eshop\/smc\/wp-content\/uploads\/2025\/01\/SkjortaSS-SMC-Svart.jpg",842,842,false],"2048x2048":["https:\/\/nehreklam.se\/eshop\/smc\/wp-content\/uploads\/2025\/01\/SkjortaSS-SMC-Svart.jpg",842,842,false],"woocommerce_thumbnail":["https:\/\/nehreklam.se\/eshop\/smc\/wp-content\/uploads\/2025\/01\/SkjortaSS-SMC-Svart-300x300.jpg",300,300,true],"woocommerce_single":["https:\/\/nehreklam.se\/eshop\/smc\/wp-content\/uploads\/2025\/01\/SkjortaSS-SMC-Svart-600x600.jpg",600,600,true],"woocommerce_gallery_thumbnail":["https:\/\/nehreklam.se\/eshop\/smc\/wp-content\/uploads\/2025\/01\/SkjortaSS-SMC-Svart-100x100.jpg",100,100,true]},"uagb_author_info":{"display_name":"neh-smc","author_link":"https:\/\/nehreklam.se\/eshop\/smc\/author\/"},"uagb_comment_info":0,"uagb_excerpt":"Easy-Care behandlad skjorta, producerad i en mycket l\u00e4ttsk\u00f6tt och strykt\u00e5lig materialblandning. Skjortan \u00e4r utrustad med tejpade s\u00f6mmar och Split Yoke. Material: 60% ekologisk bomull, 40% \u00e5tervunnen polyester Vikt: 134 g\/m\u00b2 F\u00f6r\u00e4dling: Broderad logga Observera - val av logga g\u00e4ller endast p\u00e5 svart och marinbl\u00e5 skjorta!","builder_content":"","_links":{"self":[{"href":"https:\/\/nehreklam.se\/eshop\/smc\/wp-json\/wp\/v2\/product\/635","targetHints":{"allow":["GET"]}}],"collection":[{"href":"https:\/\/nehreklam.se\/eshop\/smc\/wp-json\/wp\/v2\/product"}],"about":[{"href":"https:\/\/nehreklam.se\/eshop\/smc\/wp-json\/wp\/v2\/types\/product"}],"wp:featuredmedia":[{"embeddable":true,"href":"https:\/\/nehreklam.se\/eshop\/smc\/wp-json\/wp\/v2\/media\/640"}],"wp:attachment":[{"href":"https:\/\/nehreklam.se\/eshop\/smc\/wp-json\/wp\/v2\/media?parent=635"}],"wp:term":[{"taxonomy":"product_brand","embeddable":true,"href":"https:\/\/nehreklam.se\/eshop\/smc\/wp-json\/wp\/v2\/product_brand?post=635"},{"taxonomy":"product_cat","embeddable":true,"href":"https:\/\/nehreklam.se\/eshop\/smc\/wp-json\/wp\/v2\/product_cat?post=635"},{"taxonomy":"product_tag","embeddable":true,"href":"https:\/\/nehreklam.se\/eshop\/smc\/wp-json\/wp\/v2\/product_tag?post=635"}],"curies":[{"name":"wp","href":"https:\/\/api.w.org\/{rel}","templated":true}]}}