{"id":760,"date":"2025-02-06T11:12:46","date_gmt":"2025-02-06T11:12:46","guid":{"rendered":"https:\/\/nehreklam.se\/eshop\/smc\/?post_type=product&#038;p=760"},"modified":"2025-02-06T11:16:54","modified_gmt":"2025-02-06T11:16:54","slug":"cardigan-smc","status":"publish","type":"product","link":"https:\/\/nehreklam.se\/eshop\/smc\/produkt\/cardigan-smc\/","title":{"rendered":"Cardigan, SMC"},"content":{"rendered":"<!--themify_builder_content-->\n<div id=\"themify_builder_content-760\" data-postid=\"760\" class=\"themify_builder_content themify_builder_content-760 themify_builder tf_clear\">\n    <\/div>\n<!--\/themify_builder_content-->\n","protected":false},"excerpt":{"rendered":"<p>Sweatshirt cardigan med hel dragkedja framtill. Tv\u00e5 framfickor med dragkedjor, ribbad i mudd och avslut. Borstad insida. Mjukt och stabiliserat material som l\u00e4mpar sig perfekt f\u00f6r intensiv tv\u00e4tt, materialet \u00e4r \u00e4ven anti-pilling behandlat. Smart detalj f\u00f6r att kunna b\u00e4ra h\u00f6rlurar ing\u00e5r.<\/p>\n<div>\n<div class=\"sc-s31epd-0 dytKe d-inline f3-700 mr-1\"><strong>Material:<\/strong> 65% polyester och 35% bomull<\/div>\n<\/div>\n<div>\n<div class=\"sc-s31epd-0 dytKe d-inline f3-700 mr-1\"><strong>Vikt:<\/strong> 280 g\/m\u00b2<br \/>\n<strong>F\u00f6r\u00e4dling:<\/strong> Broderad logga<\/div>\n<\/div>\n","protected":false},"featured_media":762,"template":"","meta":{"_uag_custom_page_level_css":""},"product_brand":[],"product_cat":[44],"product_tag":[],"class_list":{"0":"post-760","1":"product","2":"type-product","3":"status-publish","4":"has-post-thumbnail","6":"product_cat-klader","7":"has-post-title","8":"has-post-date","9":"has-post-category","10":"has-post-tag","11":"has-post-comment","12":"has-post-author","13":"","15":"first","16":"instock","17":"taxable","18":"shipping-taxable","19":"purchasable","20":"product-type-variable"},"uagb_featured_image_src":{"full":["https:\/\/nehreklam.se\/eshop\/smc\/wp-content\/uploads\/2025\/02\/SweatshirtBomull-Svart-SMC.jpg",842,842,false],"thumbnail":["https:\/\/nehreklam.se\/eshop\/smc\/wp-content\/uploads\/2025\/02\/SweatshirtBomull-Svart-SMC-150x150.jpg",150,150,true],"medium":["https:\/\/nehreklam.se\/eshop\/smc\/wp-content\/uploads\/2025\/02\/SweatshirtBomull-Svart-SMC-300x300.jpg",300,300,true],"medium_large":["https:\/\/nehreklam.se\/eshop\/smc\/wp-content\/uploads\/2025\/02\/SweatshirtBomull-Svart-SMC-768x768.jpg",768,768,true],"large":["https:\/\/nehreklam.se\/eshop\/smc\/wp-content\/uploads\/2025\/02\/SweatshirtBomull-Svart-SMC.jpg",842,842,false],"1536x1536":["https:\/\/nehreklam.se\/eshop\/smc\/wp-content\/uploads\/2025\/02\/SweatshirtBomull-Svart-SMC.jpg",842,842,false],"2048x2048":["https:\/\/nehreklam.se\/eshop\/smc\/wp-content\/uploads\/2025\/02\/SweatshirtBomull-Svart-SMC.jpg",842,842,false],"woocommerce_thumbnail":["https:\/\/nehreklam.se\/eshop\/smc\/wp-content\/uploads\/2025\/02\/SweatshirtBomull-Svart-SMC-300x300.jpg",300,300,true],"woocommerce_single":["https:\/\/nehreklam.se\/eshop\/smc\/wp-content\/uploads\/2025\/02\/SweatshirtBomull-Svart-SMC-600x600-600x600.jpg",600,600,true],"woocommerce_gallery_thumbnail":["https:\/\/nehreklam.se\/eshop\/smc\/wp-content\/uploads\/2025\/02\/SweatshirtBomull-Svart-SMC-100x100.jpg",100,100,true]},"uagb_author_info":{"display_name":"neh-smc","author_link":"https:\/\/nehreklam.se\/eshop\/smc\/author\/"},"uagb_comment_info":0,"uagb_excerpt":"Sweatshirt cardigan med hel dragkedja framtill. Tv\u00e5 framfickor med dragkedjor, ribbad i mudd och avslut. Borstad insida. Mjukt och stabiliserat material som l\u00e4mpar sig perfekt f\u00f6r intensiv tv\u00e4tt, materialet \u00e4r \u00e4ven anti-pilling behandlat. Smart detalj f\u00f6r att kunna b\u00e4ra h\u00f6rlurar ing\u00e5r. Material: 65% polyester och 35% bomull Vikt: 280 g\/m\u00b2 F\u00f6r\u00e4dling: Broderad logga","builder_content":"","_links":{"self":[{"href":"https:\/\/nehreklam.se\/eshop\/smc\/wp-json\/wp\/v2\/product\/760","targetHints":{"allow":["GET"]}}],"collection":[{"href":"https:\/\/nehreklam.se\/eshop\/smc\/wp-json\/wp\/v2\/product"}],"about":[{"href":"https:\/\/nehreklam.se\/eshop\/smc\/wp-json\/wp\/v2\/types\/product"}],"wp:featuredmedia":[{"embeddable":true,"href":"https:\/\/nehreklam.se\/eshop\/smc\/wp-json\/wp\/v2\/media\/762"}],"wp:attachment":[{"href":"https:\/\/nehreklam.se\/eshop\/smc\/wp-json\/wp\/v2\/media?parent=760"}],"wp:term":[{"taxonomy":"product_brand","embeddable":true,"href":"https:\/\/nehreklam.se\/eshop\/smc\/wp-json\/wp\/v2\/product_brand?post=760"},{"taxonomy":"product_cat","embeddable":true,"href":"https:\/\/nehreklam.se\/eshop\/smc\/wp-json\/wp\/v2\/product_cat?post=760"},{"taxonomy":"product_tag","embeddable":true,"href":"https:\/\/nehreklam.se\/eshop\/smc\/wp-json\/wp\/v2\/product_tag?post=760"}],"curies":[{"name":"wp","href":"https:\/\/api.w.org\/{rel}","templated":true}]}}