{"id":23,"date":"2020-02-12T09:10:29","date_gmt":"2020-02-12T09:10:29","guid":{"rendered":"http:\/\/nehreklam.se\/eshop\/styrkelyftforbundet\/?page_id=23"},"modified":"2020-06-10T08:18:47","modified_gmt":"2020-06-10T08:18:47","slug":"kontakta-oss","status":"publish","type":"page","link":"https:\/\/nehreklam.se\/eshop\/styrkelyftforbundet\/kontakta-oss\/","title":{"rendered":"Kontakta oss"},"content":{"rendered":"\n<p>Vid fr\u00e5gor, v\u00e4nligen kontakta oss p\u00e5 <strong>020 &#8211; 595 000<\/strong> eller <strong>info@nehreklam.se<\/strong><\/p>\n","protected":false},"excerpt":{"rendered":"<p>Vid fr\u00e5gor, v\u00e4nligen kontakta oss p\u00e5 020 &#8211; 595 000 eller info@nehreklam.se<\/p>\n","protected":false},"author":1,"featured_media":0,"parent":0,"menu_order":0,"comment_status":"closed","ping_status":"closed","template":"","meta":{"footnotes":""},"class_list":["post-23","page","type-page","status-publish","hentry"],"_links":{"self":[{"href":"https:\/\/nehreklam.se\/eshop\/styrkelyftforbundet\/wp-json\/wp\/v2\/pages\/23","targetHints":{"allow":["GET"]}}],"collection":[{"href":"https:\/\/nehreklam.se\/eshop\/styrkelyftforbundet\/wp-json\/wp\/v2\/pages"}],"about":[{"href":"https:\/\/nehreklam.se\/eshop\/styrkelyftforbundet\/wp-json\/wp\/v2\/types\/page"}],"author":[{"embeddable":true,"href":"https:\/\/nehreklam.se\/eshop\/styrkelyftforbundet\/wp-json\/wp\/v2\/users\/1"}],"replies":[{"embeddable":true,"href":"https:\/\/nehreklam.se\/eshop\/styrkelyftforbundet\/wp-json\/wp\/v2\/comments?post=23"}],"version-history":[{"count":3,"href":"https:\/\/nehreklam.se\/eshop\/styrkelyftforbundet\/wp-json\/wp\/v2\/pages\/23\/revisions"}],"predecessor-version":[{"id":298,"href":"https:\/\/nehreklam.se\/eshop\/styrkelyftforbundet\/wp-json\/wp\/v2\/pages\/23\/revisions\/298"}],"wp:attachment":[{"href":"https:\/\/nehreklam.se\/eshop\/styrkelyftforbundet\/wp-json\/wp\/v2\/media?parent=23"}],"curies":[{"name":"wp","href":"https:\/\/api.w.org\/{rel}","templated":true}]}}