{"id":1117,"date":"2022-09-30T10:54:44","date_gmt":"2022-09-30T10:54:44","guid":{"rendered":"https:\/\/nehreklam.se\/eshop\/styrkelyftforbundet\/?post_type=product&#038;p=1117"},"modified":"2023-01-22T20:34:18","modified_gmt":"2023-01-22T20:34:18","slug":"hood-em2021-navy","status":"publish","type":"product","link":"https:\/\/nehreklam.se\/eshop\/styrkelyftforbundet\/produkt\/hood-em2021-navy\/","title":{"rendered":"Hood EM2021, Navy"},"content":{"rendered":"","protected":false},"excerpt":{"rendered":"<p>EM2021 Hoodtr\u00f6ja med tryckt logga p\u00e5 br\u00f6st.<\/p>\n<p>Ficka p\u00e5 mage, samt ficka med dragkedja p\u00e5 v\u00e4nster arm.<\/p>\n","protected":false},"featured_media":1123,"template":"","meta":[],"product_brand":[],"product_cat":[89],"product_tag":[],"class_list":{"0":"post-1117","1":"product","2":"type-product","3":"status-publish","4":"has-post-thumbnail","6":"product_cat-rea","8":"first","9":"outofstock","10":"sale","11":"taxable","12":"shipping-taxable","13":"purchasable","14":"product-type-variable"},"_links":{"self":[{"href":"https:\/\/nehreklam.se\/eshop\/styrkelyftforbundet\/wp-json\/wp\/v2\/product\/1117","targetHints":{"allow":["GET"]}}],"collection":[{"href":"https:\/\/nehreklam.se\/eshop\/styrkelyftforbundet\/wp-json\/wp\/v2\/product"}],"about":[{"href":"https:\/\/nehreklam.se\/eshop\/styrkelyftforbundet\/wp-json\/wp\/v2\/types\/product"}],"wp:featuredmedia":[{"embeddable":true,"href":"https:\/\/nehreklam.se\/eshop\/styrkelyftforbundet\/wp-json\/wp\/v2\/media\/1123"}],"wp:attachment":[{"href":"https:\/\/nehreklam.se\/eshop\/styrkelyftforbundet\/wp-json\/wp\/v2\/media?parent=1117"}],"wp:term":[{"taxonomy":"product_brand","embeddable":true,"href":"https:\/\/nehreklam.se\/eshop\/styrkelyftforbundet\/wp-json\/wp\/v2\/product_brand?post=1117"},{"taxonomy":"product_cat","embeddable":true,"href":"https:\/\/nehreklam.se\/eshop\/styrkelyftforbundet\/wp-json\/wp\/v2\/product_cat?post=1117"},{"taxonomy":"product_tag","embeddable":true,"href":"https:\/\/nehreklam.se\/eshop\/styrkelyftforbundet\/wp-json\/wp\/v2\/product_tag?post=1117"}],"curies":[{"name":"wp","href":"https:\/\/api.w.org\/{rel}","templated":true}]}}