{"id":158,"date":"2020-02-18T11:32:37","date_gmt":"2020-02-18T11:32:37","guid":{"rendered":"https:\/\/nehreklam.se\/eshop\/styrkelyftforbundet\/?post_type=product&#038;p=158"},"modified":"2023-02-13T10:42:30","modified_gmt":"2023-02-13T10:42:30","slug":"fleecetroja-ssf","status":"publish","type":"product","link":"https:\/\/nehreklam.se\/eshop\/styrkelyftforbundet\/produkt\/fleecetroja-ssf\/","title":{"rendered":"Fleecetr\u00f6ja, SSF"},"content":{"rendered":"","protected":false},"excerpt":{"rendered":"<p>Microfleecejacka. Vita dragkedjor i framfickor och \u00f6ppning. Dekorativa flatlocks\u00f6mmar p\u00e5 \u00e4rmar och elastisk tape vid \u00e4rmavslut och i nederkant.<\/p>\n","protected":false},"featured_media":160,"template":"","meta":[],"product_brand":[],"product_cat":[19],"product_tag":[],"class_list":{"0":"post-158","1":"product","2":"type-product","3":"status-publish","4":"has-post-thumbnail","6":"product_cat-supporter","8":"first","9":"instock","10":"taxable","11":"shipping-taxable","12":"purchasable","13":"product-type-variable"},"_links":{"self":[{"href":"https:\/\/nehreklam.se\/eshop\/styrkelyftforbundet\/wp-json\/wp\/v2\/product\/158","targetHints":{"allow":["GET"]}}],"collection":[{"href":"https:\/\/nehreklam.se\/eshop\/styrkelyftforbundet\/wp-json\/wp\/v2\/product"}],"about":[{"href":"https:\/\/nehreklam.se\/eshop\/styrkelyftforbundet\/wp-json\/wp\/v2\/types\/product"}],"wp:featuredmedia":[{"embeddable":true,"href":"https:\/\/nehreklam.se\/eshop\/styrkelyftforbundet\/wp-json\/wp\/v2\/media\/160"}],"wp:attachment":[{"href":"https:\/\/nehreklam.se\/eshop\/styrkelyftforbundet\/wp-json\/wp\/v2\/media?parent=158"}],"wp:term":[{"taxonomy":"product_brand","embeddable":true,"href":"https:\/\/nehreklam.se\/eshop\/styrkelyftforbundet\/wp-json\/wp\/v2\/product_brand?post=158"},{"taxonomy":"product_cat","embeddable":true,"href":"https:\/\/nehreklam.se\/eshop\/styrkelyftforbundet\/wp-json\/wp\/v2\/product_cat?post=158"},{"taxonomy":"product_tag","embeddable":true,"href":"https:\/\/nehreklam.se\/eshop\/styrkelyftforbundet\/wp-json\/wp\/v2\/product_tag?post=158"}],"curies":[{"name":"wp","href":"https:\/\/api.w.org\/{rel}","templated":true}]}}