{"id":1782,"date":"2025-04-23T07:21:37","date_gmt":"2025-04-23T07:21:37","guid":{"rendered":"https:\/\/nehreklam.se\/eshop\/styrkelyftforbundet\/?post_type=product&#038;p=1782"},"modified":"2025-05-13T00:06:07","modified_gmt":"2025-05-13T00:06:07","slug":"vadderad-vast-ssf","status":"publish","type":"product","link":"https:\/\/nehreklam.se\/eshop\/styrkelyftforbundet\/produkt\/vadderad-vast-ssf\/","title":{"rendered":"Vadderad V\u00e4st, SSF"},"content":{"rendered":"","protected":false},"excerpt":{"rendered":"<p>Vadderad v\u00e4st designad f\u00f6r att erbjuda o\u00f6vertr\u00e4ffad komfort och funktionalitet. Denna moderna, huvl\u00f6sa v\u00e4st av \u00e5tervunnen polyester har g\u00f6mda dragkedjefickor och en elastisk dragsko i nederkanten f\u00f6r b\u00e4sta passform.<\/p>\n<p>Broderad logga p\u00e5 br\u00f6stet!<\/p>\n<p>Notera att barnmodellen skiljer sig n\u00e5got mot vuxenmodellen.<\/p>\n<p>F\u00f6r storleksguide: <a href=\"https:\/\/nehstore.com\/klubb\/storlekstabell-vast-arches\/\">Klicka h\u00e4r<\/a><\/p>\n","protected":false},"featured_media":1780,"template":"","meta":[],"product_brand":[],"product_cat":[19],"product_tag":[],"class_list":{"0":"post-1782","1":"product","2":"type-product","3":"status-publish","4":"has-post-thumbnail","6":"product_cat-supporter","8":"first","9":"instock","10":"taxable","11":"shipping-taxable","12":"purchasable","13":"product-type-variable"},"_links":{"self":[{"href":"https:\/\/nehreklam.se\/eshop\/styrkelyftforbundet\/wp-json\/wp\/v2\/product\/1782","targetHints":{"allow":["GET"]}}],"collection":[{"href":"https:\/\/nehreklam.se\/eshop\/styrkelyftforbundet\/wp-json\/wp\/v2\/product"}],"about":[{"href":"https:\/\/nehreklam.se\/eshop\/styrkelyftforbundet\/wp-json\/wp\/v2\/types\/product"}],"wp:featuredmedia":[{"embeddable":true,"href":"https:\/\/nehreklam.se\/eshop\/styrkelyftforbundet\/wp-json\/wp\/v2\/media\/1780"}],"wp:attachment":[{"href":"https:\/\/nehreklam.se\/eshop\/styrkelyftforbundet\/wp-json\/wp\/v2\/media?parent=1782"}],"wp:term":[{"taxonomy":"product_brand","embeddable":true,"href":"https:\/\/nehreklam.se\/eshop\/styrkelyftforbundet\/wp-json\/wp\/v2\/product_brand?post=1782"},{"taxonomy":"product_cat","embeddable":true,"href":"https:\/\/nehreklam.se\/eshop\/styrkelyftforbundet\/wp-json\/wp\/v2\/product_cat?post=1782"},{"taxonomy":"product_tag","embeddable":true,"href":"https:\/\/nehreklam.se\/eshop\/styrkelyftforbundet\/wp-json\/wp\/v2\/product_tag?post=1782"}],"curies":[{"name":"wp","href":"https:\/\/api.w.org\/{rel}","templated":true}]}}