{"id":356,"date":"2021-04-23T08:57:02","date_gmt":"2021-04-23T08:57:02","guid":{"rendered":"https:\/\/nehreklam.se\/eshop\/styrkelyftforbundet\/?post_type=product&#038;p=356"},"modified":"2021-04-23T08:57:02","modified_gmt":"2021-04-23T08:57:02","slug":"keps-ssf","status":"publish","type":"product","link":"https:\/\/nehreklam.se\/eshop\/styrkelyftforbundet\/produkt\/keps-ssf\/","title":{"rendered":"Keps, SSF"},"content":{"rendered":"","protected":false},"excerpt":{"rendered":"<p>Fempanelskeps i bomullstwill. F\u00f6rst\u00e4rkning i front och f\u00f6rb\u00f6jd sk\u00e4rm, justerbar med kardborresp\u00e4nne bak. One size. Tryckta loggor.<\/p>\n<p><strong>Material:<\/strong> Bomullstwill<br \/>\n<strong>Sp\u00e4nne:<\/strong> Kardborre<\/p>\n","protected":false},"featured_media":357,"template":"","meta":[],"product_brand":[],"product_cat":[19],"product_tag":[],"class_list":{"0":"post-356","1":"product","2":"type-product","3":"status-publish","4":"has-post-thumbnail","6":"product_cat-supporter","8":"first","9":"instock","10":"taxable","11":"shipping-taxable","12":"purchasable","13":"product-type-simple"},"_links":{"self":[{"href":"https:\/\/nehreklam.se\/eshop\/styrkelyftforbundet\/wp-json\/wp\/v2\/product\/356","targetHints":{"allow":["GET"]}}],"collection":[{"href":"https:\/\/nehreklam.se\/eshop\/styrkelyftforbundet\/wp-json\/wp\/v2\/product"}],"about":[{"href":"https:\/\/nehreklam.se\/eshop\/styrkelyftforbundet\/wp-json\/wp\/v2\/types\/product"}],"wp:featuredmedia":[{"embeddable":true,"href":"https:\/\/nehreklam.se\/eshop\/styrkelyftforbundet\/wp-json\/wp\/v2\/media\/357"}],"wp:attachment":[{"href":"https:\/\/nehreklam.se\/eshop\/styrkelyftforbundet\/wp-json\/wp\/v2\/media?parent=356"}],"wp:term":[{"taxonomy":"product_brand","embeddable":true,"href":"https:\/\/nehreklam.se\/eshop\/styrkelyftforbundet\/wp-json\/wp\/v2\/product_brand?post=356"},{"taxonomy":"product_cat","embeddable":true,"href":"https:\/\/nehreklam.se\/eshop\/styrkelyftforbundet\/wp-json\/wp\/v2\/product_cat?post=356"},{"taxonomy":"product_tag","embeddable":true,"href":"https:\/\/nehreklam.se\/eshop\/styrkelyftforbundet\/wp-json\/wp\/v2\/product_tag?post=356"}],"curies":[{"name":"wp","href":"https:\/\/api.w.org\/{rel}","templated":true}]}}