{"id":387,"date":"2021-07-02T07:07:47","date_gmt":"2021-07-02T07:07:47","guid":{"rendered":"https:\/\/nehreklam.se\/eshop\/styrkelyftforbundet\/?post_type=product&#038;p=387"},"modified":"2025-04-09T07:14:35","modified_gmt":"2025-04-09T07:14:35","slug":"t-shirt-em2021-navy-bomull","status":"publish","type":"product","link":"https:\/\/nehreklam.se\/eshop\/styrkelyftforbundet\/produkt\/t-shirt-em2021-navy-bomull\/","title":{"rendered":"T-shirt EM2021 Navy, Bomull"},"content":{"rendered":"","protected":false},"excerpt":{"rendered":"<p>Klassisk t-shirt i b\u00e4sta kvalitet, i modern passform. F\u00f6rkrymt kammad bomull och ringspunnet garn, herr rundstickad och dam har sidos\u00f6mmar. Dubbelkrage med elastan. Tryckt logga.<\/p>\n<p>Observera att storleken p\u00e5 trycket varierar beroende p\u00e5 vilken storlek du v\u00e4ljer p\u00e5 plagget. Bilden i shoppen \u00e4r endast ett montage.<\/p>\n","protected":false},"featured_media":384,"template":"","meta":[],"product_brand":[],"product_cat":[89],"product_tag":[],"class_list":{"0":"post-387","1":"product","2":"type-product","3":"status-publish","4":"has-post-thumbnail","6":"product_cat-rea","8":"first","9":"instock","10":"sale","11":"taxable","12":"shipping-taxable","13":"purchasable","14":"product-type-variable"},"_links":{"self":[{"href":"https:\/\/nehreklam.se\/eshop\/styrkelyftforbundet\/wp-json\/wp\/v2\/product\/387","targetHints":{"allow":["GET"]}}],"collection":[{"href":"https:\/\/nehreklam.se\/eshop\/styrkelyftforbundet\/wp-json\/wp\/v2\/product"}],"about":[{"href":"https:\/\/nehreklam.se\/eshop\/styrkelyftforbundet\/wp-json\/wp\/v2\/types\/product"}],"wp:featuredmedia":[{"embeddable":true,"href":"https:\/\/nehreklam.se\/eshop\/styrkelyftforbundet\/wp-json\/wp\/v2\/media\/384"}],"wp:attachment":[{"href":"https:\/\/nehreklam.se\/eshop\/styrkelyftforbundet\/wp-json\/wp\/v2\/media?parent=387"}],"wp:term":[{"taxonomy":"product_brand","embeddable":true,"href":"https:\/\/nehreklam.se\/eshop\/styrkelyftforbundet\/wp-json\/wp\/v2\/product_brand?post=387"},{"taxonomy":"product_cat","embeddable":true,"href":"https:\/\/nehreklam.se\/eshop\/styrkelyftforbundet\/wp-json\/wp\/v2\/product_cat?post=387"},{"taxonomy":"product_tag","embeddable":true,"href":"https:\/\/nehreklam.se\/eshop\/styrkelyftforbundet\/wp-json\/wp\/v2\/product_tag?post=387"}],"curies":[{"name":"wp","href":"https:\/\/api.w.org\/{rel}","templated":true}]}}