{"id":78,"date":"2020-02-14T10:13:55","date_gmt":"2020-02-14T10:13:55","guid":{"rendered":"http:\/\/nehreklam.se\/eshop\/styrkelyftforbundet\/?post_type=product&#038;p=78"},"modified":"2023-02-13T10:42:57","modified_gmt":"2023-02-13T10:42:57","slug":"hoodtroja-ssf","status":"publish","type":"product","link":"https:\/\/nehreklam.se\/eshop\/styrkelyftforbundet\/produkt\/hoodtroja-ssf\/","title":{"rendered":"Hoodtr\u00f6ja, SSF"},"content":{"rendered":"","protected":false},"excerpt":{"rendered":"<p>Hoodtr\u00f6ja med ficka p\u00e5 magen. Fickan \u00e4r utrustad med en smart detalj f\u00f6r att kunna b\u00e4ra h\u00f6rlurar. Kontrastf\u00e4rgad mesh i huvan. 2&#215;2 stretchribb i muddar och avslut nedtill p\u00e5 tr\u00f6jan. Ton-i-ton flatlockss\u00f6mmar. Borstad insida.<\/p>\n<p>Storlekar Dam: XS-XXL<\/p>\n<p>Storlekar Herr: XS-4XL<\/p>\n","protected":false},"featured_media":228,"template":"","meta":[],"product_brand":[],"product_cat":[19],"product_tag":[],"class_list":{"0":"post-78","1":"product","2":"type-product","3":"status-publish","4":"has-post-thumbnail","6":"product_cat-supporter","8":"first","9":"instock","10":"taxable","11":"shipping-taxable","12":"purchasable","13":"product-type-variable"},"_links":{"self":[{"href":"https:\/\/nehreklam.se\/eshop\/styrkelyftforbundet\/wp-json\/wp\/v2\/product\/78","targetHints":{"allow":["GET"]}}],"collection":[{"href":"https:\/\/nehreklam.se\/eshop\/styrkelyftforbundet\/wp-json\/wp\/v2\/product"}],"about":[{"href":"https:\/\/nehreklam.se\/eshop\/styrkelyftforbundet\/wp-json\/wp\/v2\/types\/product"}],"wp:featuredmedia":[{"embeddable":true,"href":"https:\/\/nehreklam.se\/eshop\/styrkelyftforbundet\/wp-json\/wp\/v2\/media\/228"}],"wp:attachment":[{"href":"https:\/\/nehreklam.se\/eshop\/styrkelyftforbundet\/wp-json\/wp\/v2\/media?parent=78"}],"wp:term":[{"taxonomy":"product_brand","embeddable":true,"href":"https:\/\/nehreklam.se\/eshop\/styrkelyftforbundet\/wp-json\/wp\/v2\/product_brand?post=78"},{"taxonomy":"product_cat","embeddable":true,"href":"https:\/\/nehreklam.se\/eshop\/styrkelyftforbundet\/wp-json\/wp\/v2\/product_cat?post=78"},{"taxonomy":"product_tag","embeddable":true,"href":"https:\/\/nehreklam.se\/eshop\/styrkelyftforbundet\/wp-json\/wp\/v2\/product_tag?post=78"}],"curies":[{"name":"wp","href":"https:\/\/api.w.org\/{rel}","templated":true}]}}